{"id":21015,"date":"2025-01-05T10:25:10","date_gmt":"2025-01-05T10:25:10","guid":{"rendered":"https:\/\/istanbulobesitycenter.com\/?page_id=21015"},"modified":"2025-01-05T10:25:22","modified_gmt":"2025-01-05T10:25:22","slug":"op-dr-mehmet-altan-kaya","status":"publish","type":"page","link":"https:\/\/istanbulobesitycenter.com\/tr\/op-dr-mehmet-altan-kaya\/","title":{"rendered":"Op. Dr. Mehmet Altan Kaya"},"content":{"rendered":"<style>.kb-row-layout-id2077_c9a05e-ff > .kt-row-column-wrap{align-content:start;}:where(.kb-row-layout-id2077_c9a05e-ff > .kt-row-column-wrap) > .wp-block-kadence-column{justify-content:start;}.kb-row-layout-id2077_c9a05e-ff > .kt-row-column-wrap{column-gap:var(--global-kb-gap-none, 0rem );row-gap:var(--global-kb-gap-md, 2rem);padding-top:0px;padding-right:0px;padding-bottom:0px;padding-left:0px;grid-template-columns:minmax(0, calc(37.1% - ((var(--global-kb-gap-none, 0rem ) * 1 )\/2)))minmax(0, calc(62.9% - ((var(--global-kb-gap-none, 0rem ) * 1 )\/2)));}.kb-row-layout-id2077_c9a05e-ff{border-top-left-radius:10px;border-top-right-radius:10px;border-bottom-right-radius:10px;border-bottom-left-radius:10px;overflow:clip;isolation:isolate;}.kb-row-layout-id2077_c9a05e-ff > .kt-row-layout-overlay{border-top-left-radius:10px;border-top-right-radius:10px;border-bottom-right-radius:10px;border-bottom-left-radius:10px;}.kb-row-layout-id2077_c9a05e-ff > .kt-row-layout-overlay{opacity:0.30;}@media all and (max-width: 1024px){.kb-row-layout-id2077_c9a05e-ff > .kt-row-column-wrap{grid-template-columns:minmax(0, 1fr);}}@media all and (max-width: 767px){.kb-row-layout-id2077_c9a05e-ff > .kt-row-column-wrap{grid-template-columns:minmax(0, 1fr);}}<\/style><div class=\"kb-row-layout-wrap kb-row-layout-id2077_c9a05e-ff alignnone has-theme-palette1-background-color kt-row-has-bg wp-block-kadence-rowlayout\"><div class=\"kt-row-column-wrap kt-has-2-columns kt-row-layout-equal kt-tab-layout-row kt-mobile-layout-row kt-row-valign-top\">\n<style>.kadence-column2077_5f1a99-8b > .kt-inside-inner-col{padding-top:40px;padding-right:30px;padding-bottom:87px;padding-left:30px;}.kadence-column2077_5f1a99-8b > .kt-inside-inner-col,.kadence-column2077_5f1a99-8b > .kt-inside-inner-col:before{border-top-left-radius:10px;border-top-right-radius:0px;border-bottom-right-radius:0px;border-bottom-left-radius:10px;}.kadence-column2077_5f1a99-8b > .kt-inside-inner-col{column-gap:var(--global-kb-gap-sm, 1rem);}.kadence-column2077_5f1a99-8b > .kt-inside-inner-col{flex-direction:column;}.kadence-column2077_5f1a99-8b > .kt-inside-inner-col > .aligncenter{width:100%;}.kadence-column2077_5f1a99-8b > .kt-inside-inner-col{background-color:#0a1d4c;}.kadence-column2077_5f1a99-8b > .kt-inside-inner-col:before{opacity:0.3;}.kadence-column2077_5f1a99-8b{position:relative;}@media all and (max-width: 1024px){.kadence-column2077_5f1a99-8b > .kt-inside-inner-col{padding-top:0px;padding-right:0px;padding-bottom:20px;padding-left:0px;flex-direction:column;justify-content:center;}}@media all and (max-width: 1024px){.kadence-column2077_5f1a99-8b, .kt-inside-inner-col > .kadence-column2077_5f1a99-8b:not(.specificity){margin-top:0px;margin-right:0px;margin-bottom:0px;margin-left:0px;}}@media all and (max-width: 767px){.kadence-column2077_5f1a99-8b > .kt-inside-inner-col{padding-top:40px;padding-right:60px;padding-bottom:20px;padding-left:60px;flex-direction:column;justify-content:center;}.kadence-column2077_5f1a99-8b, .kt-inside-inner-col > .kadence-column2077_5f1a99-8b:not(.specificity){margin-right:0px;margin-left:0px;}}<\/style>\n<div class=\"wp-block-kadence-column kadence-column2077_5f1a99-8b inner-column-1\"><div class=\"kt-inside-inner-col\"><style>.wp-block-kadence-image.kb-image2077_f91ccd-26:not(.kb-specificity-added):not(.kb-extra-specificity-added){margin-top:0px;margin-right:40px;margin-bottom:25px;margin-left:40px;}.kb-image2077_f91ccd-26:not(.kb-image-is-ratio-size) .kb-img, .kb-image2077_f91ccd-26.kb-image-is-ratio-size{padding-top:0px;padding-right:0px;padding-bottom:0px;padding-left:0px;}.kb-image2077_f91ccd-26 .kb-image-has-overlay:after{opacity:0.3;border-top-left-radius:200px;border-top-right-radius:200px;border-bottom-right-radius:200px;border-bottom-left-radius:200px;}.kb-image2077_f91ccd-26 img.kb-img, .kb-image2077_f91ccd-26 .kb-img img{border-top-color:rgba(0,0,0,0);border-top-style:solid;border-right-color:rgba(0,0,0,0);border-right-style:solid;border-bottom-color:rgba(0,0,0,0);border-bottom-style:solid;border-left-color:rgba(0,0,0,0);border-left-style:solid;border-top-left-radius:200px;border-top-right-radius:200px;border-bottom-right-radius:200px;border-bottom-left-radius:200px;}@media all and (max-width: 1024px){.wp-block-kadence-image.kb-image2077_f91ccd-26:not(.kb-specificity-added):not(.kb-extra-specificity-added){margin-top:0px;margin-right:0px;margin-bottom:0px;margin-left:50px;}}@media all and (max-width: 1024px){.kb-image2077_f91ccd-26.kb-image-is-ratio-size, .kb-image2077_f91ccd-26 .kb-image-is-ratio-size{max-width:200px;width:100%;}}@media all and (max-width: 1024px){.kb-image2077_f91ccd-26{max-width:200px;}}@media all and (max-width: 1024px){.kb-image2077_f91ccd-26:not(.kb-image-is-ratio-size) .kb-img, .kb-image2077_f91ccd-26.kb-image-is-ratio-size{padding-top:60px;padding-right:60px;padding-bottom:60px;padding-left:60px;}}@media all and (max-width: 1024px){.kb-image2077_f91ccd-26 img.kb-img, .kb-image2077_f91ccd-26 .kb-img img{border-top-color:rgba(0,0,0,0);border-top-style:solid;border-right-color:rgba(0,0,0,0);border-right-style:solid;border-bottom-color:rgba(0,0,0,0);border-bottom-style:solid;border-left-color:rgba(0,0,0,0);border-left-style:solid;}}@media all and (max-width: 767px){.wp-block-kadence-image.kb-image2077_f91ccd-26:not(.kb-specificity-added):not(.kb-extra-specificity-added){margin-top:0px;margin-right:0px;margin-bottom:20px;margin-left:20px;}.kb-image2077_f91ccd-26.kb-image-is-ratio-size, .kb-image2077_f91ccd-26 .kb-image-is-ratio-size{max-width:100px;width:100%;}.kb-image2077_f91ccd-26{max-width:100px;}.kb-image2077_f91ccd-26:not(.kb-image-is-ratio-size) .kb-img, .kb-image2077_f91ccd-26.kb-image-is-ratio-size{padding-top:0px;padding-right:0px;padding-bottom:0px;padding-left:0px;}.kb-image2077_f91ccd-26 img.kb-img, .kb-image2077_f91ccd-26 .kb-img img{border-top-color:rgba(0,0,0,0);border-top-style:solid;border-right-color:rgba(0,0,0,0);border-right-style:solid;border-bottom-color:rgba(0,0,0,0);border-bottom-style:solid;border-left-color:rgba(0,0,0,0);border-left-style:solid;}}<\/style>\n<figure class=\"wp-block-kadence-image kb-image2077_f91ccd-26 kb-image-is-ratio-size\"><div class=\"kb-is-ratio-image kb-image-ratio-square\"><img decoding=\"async\" width=\"316\" height=\"316\" src=\"https:\/\/istanbulobesitycenter.com\/wp-content\/uploads\/2024\/12\/mehmet-altankaya-md.webp\" class=\"kb-img wp-image-2027\" srcset=\"https:\/\/istanbulobesitycenter.com\/wp-content\/uploads\/2024\/12\/mehmet-altankaya-md.webp 316w, https:\/\/istanbulobesitycenter.com\/wp-content\/uploads\/2024\/12\/mehmet-altankaya-md-300x300.webp 300w, https:\/\/istanbulobesitycenter.com\/wp-content\/uploads\/2024\/12\/mehmet-altankaya-md-150x150.webp 150w\" sizes=\"(max-width: 316px) 100vw, 316px\" \/><\/div><\/figure>\n\n\n<style>.wp-block-kadence-advancedheading.kt-adv-heading2077_0400a3-35, .wp-block-kadence-advancedheading.kt-adv-heading2077_0400a3-35[data-kb-block=\"kb-adv-heading2077_0400a3-35\"]{padding-top:0px;padding-right:0px;padding-bottom:0px;padding-left:0px;margin-top:0px;margin-right:0px;margin-bottom:10px;margin-left:0px;text-align:center;font-style:normal;text-transform:capitalize;}.wp-block-kadence-advancedheading.kt-adv-heading2077_0400a3-35 mark.kt-highlight, .wp-block-kadence-advancedheading.kt-adv-heading2077_0400a3-35[data-kb-block=\"kb-adv-heading2077_0400a3-35\"] mark.kt-highlight{font-style:normal;color:#f76a0c;-webkit-box-decoration-break:clone;box-decoration-break:clone;padding-top:0px;padding-right:0px;padding-bottom:0px;padding-left:0px;}.wp-block-kadence-advancedheading.kt-adv-heading2077_0400a3-35 img.kb-inline-image, .wp-block-kadence-advancedheading.kt-adv-heading2077_0400a3-35[data-kb-block=\"kb-adv-heading2077_0400a3-35\"] img.kb-inline-image{width:150px;vertical-align:baseline;}<\/style>\n<h5 class=\"kt-adv-heading2077_0400a3-35 wp-block-kadence-advancedheading has-theme-palette-9-color has-text-color\" data-kb-block=\"kb-adv-heading2077_0400a3-35\">Op. Dr. Mehmet Altan Kaya<\/h5>\n\n\n<style>.wp-block-kadence-advancedheading.kt-adv-heading2077_2121ce-36, .wp-block-kadence-advancedheading.kt-adv-heading2077_2121ce-36[data-kb-block=\"kb-adv-heading2077_2121ce-36\"]{padding-bottom:0px;margin-bottom:15px;text-align:center;font-style:normal;color:#30f2f2;}.wp-block-kadence-advancedheading.kt-adv-heading2077_2121ce-36 mark.kt-highlight, .wp-block-kadence-advancedheading.kt-adv-heading2077_2121ce-36[data-kb-block=\"kb-adv-heading2077_2121ce-36\"] mark.kt-highlight{font-style:normal;color:#f76a0c;-webkit-box-decoration-break:clone;box-decoration-break:clone;padding-top:0px;padding-right:0px;padding-bottom:0px;padding-left:0px;}.wp-block-kadence-advancedheading.kt-adv-heading2077_2121ce-36 img.kb-inline-image, .wp-block-kadence-advancedheading.kt-adv-heading2077_2121ce-36[data-kb-block=\"kb-adv-heading2077_2121ce-36\"] img.kb-inline-image{width:150px;vertical-align:baseline;}<\/style>\n<p class=\"kt-adv-heading2077_2121ce-36 wp-block-kadence-advancedheading\" data-kb-block=\"kb-adv-heading2077_2121ce-36\">Genel Cerrahi Uzman\u0131<\/p>\n\n\n<style>.wp-block-kadence-advancedbtn.kb-btns2077_47ff9a-5f{gap:var(--global-kb-gap-xs, 0.5rem );justify-content:center;align-items:center;}.kt-btns2077_47ff9a-5f .kt-button{font-weight:normal;font-style:normal;}<\/style>\n<div class=\"wp-block-kadence-advancedbtn kb-buttons-wrap kb-btns2077_47ff9a-5f\"><style>ul.menu .wp-block-kadence-advancedbtn .kb-btn2077_f4dac4-97.kb-button{width:initial;}.wp-block-kadence-advancedbtn .kb-btn2077_f4dac4-97.kb-button{color:#000000;background:#30f2f2;padding-top:15px;padding-right:25px;padding-bottom:15px;padding-left:25px;}.wp-block-kadence-advancedbtn .kb-btn2077_f4dac4-97.kb-button:hover, .wp-block-kadence-advancedbtn .kb-btn2077_f4dac4-97.kb-button:focus{background:#e30613;}<\/style><a class=\"kb-button kt-button button kb-btn2077_f4dac4-97 kt-btn-size-standard kt-btn-width-type-auto kb-btn-global-inherit  kt-btn-has-text-true kt-btn-has-svg-false  wp-block-button__link wp-block-kadence-singlebtn\" href=\"https:\/\/istanbulobesitycenter.com\/\"><span class=\"kt-btn-inner-text\">Whatsapp<\/span><\/a><\/div>\n<\/div><\/div>\n\n\n<style>.kadence-column2077_ea6940-69 > .kt-inside-inner-col{padding-top:40px;padding-right:50px;padding-bottom:50px;padding-left:50px;}.kadence-column2077_ea6940-69 > .kt-inside-inner-col{border-top:1px solid var(--global-palette7, #EDF2F7);border-right:1px solid var(--global-palette7, #EDF2F7);border-bottom:1px solid var(--global-palette7, #EDF2F7);}.kadence-column2077_ea6940-69 > .kt-inside-inner-col,.kadence-column2077_ea6940-69 > .kt-inside-inner-col:before{border-top-left-radius:0px;border-top-right-radius:5px;border-bottom-right-radius:5px;border-bottom-left-radius:0px;}.kadence-column2077_ea6940-69 > .kt-inside-inner-col{column-gap:var(--global-kb-gap-sm, 1rem);}.kadence-column2077_ea6940-69 > .kt-inside-inner-col{flex-direction:column;}.kadence-column2077_ea6940-69 > .kt-inside-inner-col > .aligncenter{width:100%;}.kadence-column2077_ea6940-69 > .kt-inside-inner-col{background-color:var(--global-palette9, #ffffff);}.kadence-column2077_ea6940-69 > .kt-inside-inner-col:before{opacity:0.3;}.kadence-column2077_ea6940-69{position:relative;}@media all and (max-width: 1024px){.kadence-column2077_ea6940-69 > .kt-inside-inner-col{border-top:1px solid var(--global-palette7, #EDF2F7);border-right:1px solid var(--global-palette7, #EDF2F7);border-bottom:1px solid var(--global-palette7, #EDF2F7);flex-direction:column;justify-content:center;}}@media all and (max-width: 767px){.kadence-column2077_ea6940-69 > .kt-inside-inner-col{border-top:1px solid var(--global-palette7, #EDF2F7);border-right:1px solid var(--global-palette7, #EDF2F7);border-bottom:1px solid var(--global-palette7, #EDF2F7);flex-direction:column;justify-content:center;}}<\/style>\n<div class=\"wp-block-kadence-column kadence-column2077_ea6940-69 inner-column-2\"><div class=\"kt-inside-inner-col\"><style>.wp-block-kadence-advancedheading.kt-adv-heading2077_e8dfa2-8a, .wp-block-kadence-advancedheading.kt-adv-heading2077_e8dfa2-8a[data-kb-block=\"kb-adv-heading2077_e8dfa2-8a\"]{font-style:normal;}.wp-block-kadence-advancedheading.kt-adv-heading2077_e8dfa2-8a mark.kt-highlight, .wp-block-kadence-advancedheading.kt-adv-heading2077_e8dfa2-8a[data-kb-block=\"kb-adv-heading2077_e8dfa2-8a\"] mark.kt-highlight{font-style:normal;color:#f76a0c;-webkit-box-decoration-break:clone;box-decoration-break:clone;padding-top:0px;padding-right:0px;padding-bottom:0px;padding-left:0px;}.wp-block-kadence-advancedheading.kt-adv-heading2077_e8dfa2-8a img.kb-inline-image, .wp-block-kadence-advancedheading.kt-adv-heading2077_e8dfa2-8a[data-kb-block=\"kb-adv-heading2077_e8dfa2-8a\"] img.kb-inline-image{width:150px;vertical-align:baseline;}@media all and (max-width: 767px){.wp-block-kadence-advancedheading.kt-adv-heading2077_e8dfa2-8a, .wp-block-kadence-advancedheading.kt-adv-heading2077_e8dfa2-8a[data-kb-block=\"kb-adv-heading2077_e8dfa2-8a\"]{text-align:center!important;}}<\/style>\n<h4 class=\"kt-adv-heading2077_e8dfa2-8a wp-block-kadence-advancedheading\" data-kb-block=\"kb-adv-heading2077_e8dfa2-8a\">E\u011fitim<\/h4>\n\n\n<style>.wp-block-kadence-iconlist.kt-svg-icon-list-items2077_3a9666-02:not(.this-stops-third-party-issues){margin-top:0px;margin-bottom:0px;}.wp-block-kadence-iconlist.kt-svg-icon-list-items2077_3a9666-02 ul.kt-svg-icon-list:not(.this-prevents-issues):not(.this-stops-third-party-issues):not(.tijsloc){margin-top:0px;margin-right:0px;margin-bottom:10px;margin-left:0px;}.wp-block-kadence-iconlist.kt-svg-icon-list-items2077_3a9666-02 ul.kt-svg-icon-list{grid-row-gap:6px;}.wp-block-kadence-iconlist.kt-svg-icon-list-items2077_3a9666-02 ul.kt-svg-icon-list .kt-svg-icon-list-item-wrap .kt-svg-icon-list-single{margin-right:10px;}.kt-svg-icon-list-items2077_3a9666-02 ul.kt-svg-icon-list .kt-svg-icon-list-item-wrap, .kt-svg-icon-list-items2077_3a9666-02 ul.kt-svg-icon-list .kt-svg-icon-list-item-wrap a{color:var(--global-palette3, #1A202C);color:var(--global-palette3, #1A202C);}<\/style>\n<div class=\"wp-block-kadence-iconlist kt-svg-icon-list-items kt-svg-icon-list-items2077_3a9666-02 kt-svg-icon-list-columns-1 alignnone\"><ul class=\"kt-svg-icon-list\"><style>.kt-svg-icon-list-item-2077_c02302-73 .kt-svg-icon-list-single{font-size:12px !important;color:#44d9f9 !important;}.kt-svg-icon-list-item-2077_c02302-73 .kt-svg-icon-list-text mark.kt-highlight{background-color:unset;font-style:normal;color:#f76a0c;-webkit-box-decoration-break:clone;box-decoration-break:clone;padding-top:0px;padding-right:0px;padding-bottom:0px;padding-left:0px;}<\/style>\n<li class=\"wp-block-kadence-listitem kt-svg-icon-list-item-wrap kt-svg-icon-list-item-2077_c02302-73 kt-svg-icon-list-style-default\"><span class=\"kb-svg-icon-wrap kb-svg-icon-fas_circle kt-svg-icon-list-single\"><svg viewBox=\"0 0 512 512\"  fill=\"currentColor\" xmlns=\"http:\/\/www.w3.org\/2000\/svg\"  aria-hidden=\"true\"><path d=\"M256 8C119 8 8 119 8 256s111 248 248 248 248-111 248-248S393 8 256 8z\"\/><\/svg><\/span><span class=\"kt-svg-icon-list-text\">1992- Ankara \u00dcniversitesi T\u0131p Fak\u00fcltesi<\/span><\/li>\n\n\n<style>.kt-svg-icon-list-item-2077_5d6ffc-bd .kt-svg-icon-list-single{font-size:12px !important;color:#44d9f9 !important;}.kt-svg-icon-list-item-2077_5d6ffc-bd .kt-svg-icon-list-text mark.kt-highlight{background-color:unset;font-style:normal;color:#f76a0c;-webkit-box-decoration-break:clone;box-decoration-break:clone;padding-top:0px;padding-right:0px;padding-bottom:0px;padding-left:0px;}<\/style>\n<li class=\"wp-block-kadence-listitem kt-svg-icon-list-item-wrap kt-svg-icon-list-item-2077_5d6ffc-bd kt-svg-icon-list-style-default\"><span class=\"kb-svg-icon-wrap kb-svg-icon-fas_circle kt-svg-icon-list-single\"><svg viewBox=\"0 0 512 512\"  fill=\"currentColor\" xmlns=\"http:\/\/www.w3.org\/2000\/svg\"  aria-hidden=\"true\"><path d=\"M256 8C119 8 8 119 8 256s111 248 248 248 248-111 248-248S393 8 256 8z\"\/><\/svg><\/span><span class=\"kt-svg-icon-list-text\">2000-G\u00f6ztepe E\u011fitim ve Ara\u015ft\u0131rma Hastanesi,Genel Cerrahi<\/span><\/li>\n<\/ul><\/div>\n\n\n<style>.wp-block-kadence-advancedheading.kt-adv-heading2077_7ff055-23, .wp-block-kadence-advancedheading.kt-adv-heading2077_7ff055-23[data-kb-block=\"kb-adv-heading2077_7ff055-23\"]{font-style:normal;}.wp-block-kadence-advancedheading.kt-adv-heading2077_7ff055-23 mark.kt-highlight, .wp-block-kadence-advancedheading.kt-adv-heading2077_7ff055-23[data-kb-block=\"kb-adv-heading2077_7ff055-23\"] mark.kt-highlight{font-style:normal;color:#f76a0c;-webkit-box-decoration-break:clone;box-decoration-break:clone;padding-top:0px;padding-right:0px;padding-bottom:0px;padding-left:0px;}.wp-block-kadence-advancedheading.kt-adv-heading2077_7ff055-23 img.kb-inline-image, .wp-block-kadence-advancedheading.kt-adv-heading2077_7ff055-23[data-kb-block=\"kb-adv-heading2077_7ff055-23\"] img.kb-inline-image{width:150px;vertical-align:baseline;}@media all and (max-width: 767px){.wp-block-kadence-advancedheading.kt-adv-heading2077_7ff055-23, .wp-block-kadence-advancedheading.kt-adv-heading2077_7ff055-23[data-kb-block=\"kb-adv-heading2077_7ff055-23\"]{text-align:center!important;}}<\/style>\n<h5 class=\"kt-adv-heading2077_7ff055-23 wp-block-kadence-advancedheading\" data-kb-block=\"kb-adv-heading2077_7ff055-23\"><strong>\u00a0T\u0131bbi \u0130lgi Alanlar\u0131:<\/strong><\/h5>\n\n\n<style>.wp-block-kadence-iconlist.kt-svg-icon-list-items2077_2a5553-10:not(.this-stops-third-party-issues){margin-top:0px;margin-bottom:0px;}.wp-block-kadence-iconlist.kt-svg-icon-list-items2077_2a5553-10 ul.kt-svg-icon-list:not(.this-prevents-issues):not(.this-stops-third-party-issues):not(.tijsloc){margin-top:0px;margin-right:0px;margin-bottom:10px;margin-left:0px;}.wp-block-kadence-iconlist.kt-svg-icon-list-items2077_2a5553-10 ul.kt-svg-icon-list{grid-row-gap:6px;}.wp-block-kadence-iconlist.kt-svg-icon-list-items2077_2a5553-10 ul.kt-svg-icon-list .kt-svg-icon-list-item-wrap .kt-svg-icon-list-single{margin-right:10px;}.kt-svg-icon-list-items2077_2a5553-10 ul.kt-svg-icon-list .kt-svg-icon-list-item-wrap, .kt-svg-icon-list-items2077_2a5553-10 ul.kt-svg-icon-list .kt-svg-icon-list-item-wrap a{color:var(--global-palette3, #1A202C);color:var(--global-palette3, #1A202C);}<\/style>\n<div class=\"wp-block-kadence-iconlist kt-svg-icon-list-items kt-svg-icon-list-items2077_2a5553-10 kt-svg-icon-list-columns-1 alignnone\"><ul class=\"kt-svg-icon-list\"><style>.kt-svg-icon-list-item-2077_6122ae-87 .kt-svg-icon-list-single{font-size:12px !important;color:#44d9f9 !important;}.kt-svg-icon-list-item-2077_6122ae-87 .kt-svg-icon-list-text mark.kt-highlight{background-color:unset;font-style:normal;color:#f76a0c;-webkit-box-decoration-break:clone;box-decoration-break:clone;padding-top:0px;padding-right:0px;padding-bottom:0px;padding-left:0px;}<\/style>\n<li class=\"wp-block-kadence-listitem kt-svg-icon-list-item-wrap kt-svg-icon-list-item-2077_6122ae-87 kt-svg-icon-list-style-default\"><span class=\"kb-svg-icon-wrap kb-svg-icon-fas_circle kt-svg-icon-list-single\"><svg viewBox=\"0 0 512 512\"  fill=\"currentColor\" xmlns=\"http:\/\/www.w3.org\/2000\/svg\"  aria-hidden=\"true\"><path d=\"M256 8C119 8 8 119 8 256s111 248 248 248 248-111 248-248S393 8 256 8z\"\/><\/svg><\/span><span class=\"kt-svg-icon-list-text\">Obezite Cerrahisi<\/span><\/li>\n\n\n<style>.kt-svg-icon-list-item-2077_d0891b-23 .kt-svg-icon-list-single{font-size:12px !important;color:#44d9f9 !important;}.kt-svg-icon-list-item-2077_d0891b-23 .kt-svg-icon-list-text mark.kt-highlight{background-color:unset;font-style:normal;color:#f76a0c;-webkit-box-decoration-break:clone;box-decoration-break:clone;padding-top:0px;padding-right:0px;padding-bottom:0px;padding-left:0px;}<\/style>\n<li class=\"wp-block-kadence-listitem kt-svg-icon-list-item-wrap kt-svg-icon-list-item-2077_d0891b-23 kt-svg-icon-list-style-default\"><span class=\"kb-svg-icon-wrap kb-svg-icon-fas_circle kt-svg-icon-list-single\"><svg viewBox=\"0 0 512 512\"  fill=\"currentColor\" xmlns=\"http:\/\/www.w3.org\/2000\/svg\"  aria-hidden=\"true\"><path d=\"M256 8C119 8 8 119 8 256s111 248 248 248 248-111 248-248S393 8 256 8z\"\/><\/svg><\/span><span class=\"kt-svg-icon-list-text\">Kanser Cerrahisi<\/span><\/li>\n\n\n<style>.kt-svg-icon-list-item-2077_3f9ad1-72 .kt-svg-icon-list-single{font-size:12px !important;color:#44d9f9 !important;}.kt-svg-icon-list-item-2077_3f9ad1-72 .kt-svg-icon-list-text mark.kt-highlight{background-color:unset;font-style:normal;color:#f76a0c;-webkit-box-decoration-break:clone;box-decoration-break:clone;padding-top:0px;padding-right:0px;padding-bottom:0px;padding-left:0px;}<\/style>\n<li class=\"wp-block-kadence-listitem kt-svg-icon-list-item-wrap kt-svg-icon-list-item-2077_3f9ad1-72 kt-svg-icon-list-style-default\"><span class=\"kb-svg-icon-wrap kb-svg-icon-fas_circle kt-svg-icon-list-single\"><svg viewBox=\"0 0 512 512\"  fill=\"currentColor\" xmlns=\"http:\/\/www.w3.org\/2000\/svg\"  aria-hidden=\"true\"><path d=\"M256 8C119 8 8 119 8 256s111 248 248 248 248-111 248-248S393 8 256 8z\"\/><\/svg><\/span><span class=\"kt-svg-icon-list-text\">Laparoskopik Ameliyatlar (Kapal\u0131)<\/span><\/li>\n<\/ul><\/div>\n<\/div><\/div>\n\n<\/div><\/div>\n\n\n<h1 class=\"wp-block-heading\">Op. Dr. Mehmet Altan Kaya Kimdir?<\/h1>\n\n\n\n<p><strong>Op. Dr. Mehmet Altankaya &#8211; Genel Cerrahi Uzman\u0131<\/strong><\/p>\n\n\n\n<p><strong>E\u011fitim ve Uzmanl\u0131k:<\/strong> 1992 y\u0131l\u0131nda Ankara \u00dcniversitesi T\u0131p Fak\u00fcltesi\u2019nden mezun olan Dr. Mehmet Altankaya, 2000 y\u0131l\u0131nda G\u00f6ztepe E\u011fitim ve Ara\u015ft\u0131rma Hastanesi\u2019nde Genel Cerrahi ihtisas\u0131n\u0131 tamamlad\u0131. Mesleki kariyerine bir\u00e7ok prestijli sa\u011fl\u0131k kurulu\u015funda hizmet vererek devam eden Dr. Altankaya, hastalar\u0131na sa\u011flad\u0131\u011f\u0131 y\u00fcksek kaliteli cerrahi \u00e7\u00f6z\u00fcmlerle tan\u0131nmaktad\u0131r.<\/p>\n\n\n\n<p><strong>Mesleki Deneyim:<\/strong> Dr. Altankaya, kariyeri boyunca hem kamu hem de \u00f6zel sekt\u00f6rde bir\u00e7ok sa\u011fl\u0131k merkezinde g\u00f6rev yapm\u0131\u015ft\u0131r:<\/p>\n\n\n\n<ul class=\"wp-block-list\">\n<li>Ni\u011fde Bademdere Sa\u011fl\u0131k Oca\u011f\u0131<\/li>\n\n\n\n<li>G\u00f6ztepe E\u011fitim ve Ara\u015ft\u0131rma Hastanesi<\/li>\n\n\n\n<li>Ota\u011ftepe T\u0131p Merkezi<\/li>\n\n\n\n<li>Bah\u00e7elievler Ya\u015fam Hastanesi<\/li>\n\n\n\n<li>Ethica \u0130ncirli Hastanesi<\/li>\n<\/ul>\n\n\n\n<p><strong>Uzmanl\u0131k Alanlar\u0131:<\/strong> Op. Dr. Mehmet Altankaya, \u00f6zellikle laparoskopik cerrahi ve obezite cerrahisi alanlar\u0131nda \u00f6ne \u00e7\u0131kmaktad\u0131r. Di\u011fer uzmanl\u0131k alanlar\u0131 aras\u0131nda \u015funlar bulunmaktad\u0131r:<\/p>\n\n\n\n<ul class=\"wp-block-list\">\n<li>Mide ve ba\u011f\u0131rsak hastal\u0131klar\u0131<\/li>\n\n\n\n<li>Safra kesesi ve safra yollar\u0131 hastal\u0131klar\u0131<\/li>\n\n\n\n<li>Tiroid hastal\u0131klar\u0131<\/li>\n\n\n\n<li>Pilonidal sin\u00fcs (k\u0131l d\u00f6nmesi) tedavisi<\/li>\n\n\n\n<li>Hemoroid ve anal fiss\u00fcr cerrahisi<\/li>\n\n\n\n<li>Lazerle varis tedavisi<\/li>\n\n\n\n<li>Meme hastal\u0131klar\u0131 ve tedavisi<\/li>\n\n\n\n<li>Refl\u00fc cerrahisi<\/li>\n\n\n\n<li>Anestezili endoskopi (mide ve ba\u011f\u0131rsak g\u00f6r\u00fcnt\u00fcleme)<\/li>\n\n\n\n<li>Kanser cerrahisi<\/li>\n<\/ul>\n\n\n\n<p><strong>Laparoskopik Cerrahi ve Obezite Cerrahisindeki Yetkinli\u011fi:<\/strong> Dr. Altankaya, kapal\u0131 ameliyatlar olarak bilinen laparoskopik cerrahi tekniklerinde uzmanla\u015fm\u0131\u015ft\u0131r. \u00d6zellikle obezite cerrahisi alan\u0131nda ger\u00e7ekle\u015ftirdi\u011fi t\u00fcp mide, mide bypass ve mide balonu gibi prosed\u00fcrlerde hem g\u00fcvenilir hem de ba\u015far\u0131l\u0131 sonu\u00e7lar elde etmi\u015ftir.<\/p>\n\n\n\n<p><strong>Hastalar\u0131na Yakla\u015f\u0131m\u0131:<\/strong> Hastalar\u0131n\u0131n sa\u011fl\u0131\u011f\u0131n\u0131 \u00f6n planda tutan ve her biri i\u00e7in \u00f6zel tedavi planlar\u0131 olu\u015fturan Dr. Altankaya, g\u00fcler y\u00fczl\u00fc yakla\u015f\u0131m\u0131 ve detayc\u0131 tedavi anlay\u0131\u015f\u0131yla dikkat \u00e7eker. Alan\u0131ndaki 30 y\u0131l\u0131 a\u015fk\u0131n deneyimi ile sa\u011fl\u0131k sekt\u00f6r\u00fcnde \u00f6nemli bir yere sahiptir.<\/p>\n\n\n\n<p>Dr. Mehmet Altankaya, genel cerrahi alan\u0131ndaki kapsaml\u0131 bilgi ve deneyimiyle, sa\u011fl\u0131kl\u0131 bir ya\u015fam i\u00e7in etkili \u00e7\u00f6z\u00fcmler sunmaktad\u0131r.<\/p>\n","protected":false},"excerpt":{"rendered":"<p>Op. Dr. Mehmet Altan Kaya Kimdir? Op. Dr. Mehmet Altankaya &#8211; Genel Cerrahi Uzman\u0131 E\u011fitim ve Uzmanl\u0131k: 1992 y\u0131l\u0131nda Ankara \u00dcniversitesi T\u0131p Fak\u00fcltesi\u2019nden mezun olan Dr. Mehmet Altankaya, 2000 y\u0131l\u0131nda G\u00f6ztepe E\u011fitim ve Ara\u015ft\u0131rma Hastanesi\u2019nde Genel Cerrahi ihtisas\u0131n\u0131 tamamlad\u0131. Mesleki kariyerine bir\u00e7ok prestijli sa\u011fl\u0131k kurulu\u015funda hizmet vererek devam eden Dr. Altankaya, hastalar\u0131na sa\u011flad\u0131\u011f\u0131 y\u00fcksek kaliteli&#8230;<\/p>\n","protected":false},"author":1,"featured_media":2027,"parent":0,"menu_order":0,"comment_status":"closed","ping_status":"closed","template":"","meta":{"_kad_blocks_custom_css":"","_kad_blocks_head_custom_js":"","_kad_blocks_body_custom_js":"","_kad_blocks_footer_custom_js":"","_kadence_starter_templates_imported_post":false,"_kad_post_transparent":"","_kad_post_title":"","_kad_post_layout":"","_kad_post_sidebar_id":"","_kad_post_content_style":"","_kad_post_vertical_padding":"","_kad_post_feature":"","_kad_post_feature_position":"","_kad_post_header":false,"_kad_post_footer":false,"footnotes":""},"class_list":["post-21015","page","type-page","status-publish","has-post-thumbnail","hentry"],"taxonomy_info":[],"featured_image_src_large":["https:\/\/istanbulobesitycenter.com\/wp-content\/uploads\/2024\/12\/mehmet-altankaya-md.webp",316,316,false],"author_info":{"display_name":"IOC","author_link":"https:\/\/istanbulobesitycenter.com\/tr\/author\/admin\/"},"comment_info":0,"_links":{"self":[{"href":"https:\/\/istanbulobesitycenter.com\/tr\/wp-json\/wp\/v2\/pages\/21015","targetHints":{"allow":["GET"]}}],"collection":[{"href":"https:\/\/istanbulobesitycenter.com\/tr\/wp-json\/wp\/v2\/pages"}],"about":[{"href":"https:\/\/istanbulobesitycenter.com\/tr\/wp-json\/wp\/v2\/types\/page"}],"author":[{"embeddable":true,"href":"https:\/\/istanbulobesitycenter.com\/tr\/wp-json\/wp\/v2\/users\/1"}],"replies":[{"embeddable":true,"href":"https:\/\/istanbulobesitycenter.com\/tr\/wp-json\/wp\/v2\/comments?post=21015"}],"version-history":[{"count":0,"href":"https:\/\/istanbulobesitycenter.com\/tr\/wp-json\/wp\/v2\/pages\/21015\/revisions"}],"wp:featuredmedia":[{"embeddable":true,"href":"https:\/\/istanbulobesitycenter.com\/tr\/wp-json\/wp\/v2\/media\/2027"}],"wp:attachment":[{"href":"https:\/\/istanbulobesitycenter.com\/tr\/wp-json\/wp\/v2\/media?parent=21015"}],"curies":[{"name":"wp","href":"https:\/\/api.w.org\/{rel}","templated":true}]}}