{"id":21018,"date":"2025-01-05T10:28:19","date_gmt":"2025-01-05T10:28:19","guid":{"rendered":"https:\/\/istanbulobesitycenter.com\/?page_id=21018"},"modified":"2025-01-05T10:28:20","modified_gmt":"2025-01-05T10:28:20","slug":"op-dr-sadik-shakiliyev","status":"publish","type":"page","link":"https:\/\/istanbulobesitycenter.com\/tr\/op-dr-sadik-shakiliyev\/","title":{"rendered":"Op. Dr. Sad\u0131k Shakiliyev"},"content":{"rendered":"<style>.kb-row-layout-id2078_593001-30 > .kt-row-column-wrap{align-content:start;}:where(.kb-row-layout-id2078_593001-30 > .kt-row-column-wrap) > .wp-block-kadence-column{justify-content:start;}.kb-row-layout-id2078_593001-30 > .kt-row-column-wrap{column-gap:var(--global-kb-gap-none, 0rem );row-gap:var(--global-kb-gap-md, 2rem);padding-top:0px;padding-right:0px;padding-bottom:0px;padding-left:0px;grid-template-columns:minmax(0, calc(37.1% - ((var(--global-kb-gap-none, 0rem ) * 1 )\/2)))minmax(0, calc(62.9% - ((var(--global-kb-gap-none, 0rem ) * 1 )\/2)));}.kb-row-layout-id2078_593001-30{border-top-left-radius:10px;border-top-right-radius:10px;border-bottom-right-radius:10px;border-bottom-left-radius:10px;overflow:clip;isolation:isolate;}.kb-row-layout-id2078_593001-30 > .kt-row-layout-overlay{border-top-left-radius:10px;border-top-right-radius:10px;border-bottom-right-radius:10px;border-bottom-left-radius:10px;}.kb-row-layout-id2078_593001-30 > .kt-row-layout-overlay{opacity:0.30;}@media all and (max-width: 1024px){.kb-row-layout-id2078_593001-30 > .kt-row-column-wrap{grid-template-columns:minmax(0, 1fr);}}@media all and (max-width: 767px){.kb-row-layout-id2078_593001-30 > .kt-row-column-wrap{grid-template-columns:minmax(0, 1fr);}}<\/style><div class=\"kb-row-layout-wrap kb-row-layout-id2078_593001-30 alignnone has-theme-palette1-background-color kt-row-has-bg wp-block-kadence-rowlayout\"><div class=\"kt-row-column-wrap kt-has-2-columns kt-row-layout-equal kt-tab-layout-row kt-mobile-layout-row kt-row-valign-top\">\n<style>.kadence-column2078_a2b19e-9e > .kt-inside-inner-col{padding-top:40px;padding-right:30px;padding-bottom:87px;padding-left:30px;}.kadence-column2078_a2b19e-9e > .kt-inside-inner-col,.kadence-column2078_a2b19e-9e > .kt-inside-inner-col:before{border-top-left-radius:10px;border-top-right-radius:0px;border-bottom-right-radius:0px;border-bottom-left-radius:10px;}.kadence-column2078_a2b19e-9e > .kt-inside-inner-col{column-gap:var(--global-kb-gap-sm, 1rem);}.kadence-column2078_a2b19e-9e > .kt-inside-inner-col{flex-direction:column;}.kadence-column2078_a2b19e-9e > .kt-inside-inner-col > .aligncenter{width:100%;}.kadence-column2078_a2b19e-9e > .kt-inside-inner-col{background-color:#0a1d4c;}.kadence-column2078_a2b19e-9e > .kt-inside-inner-col:before{opacity:0.3;}.kadence-column2078_a2b19e-9e{position:relative;}@media all and (max-width: 1024px){.kadence-column2078_a2b19e-9e > .kt-inside-inner-col{padding-top:0px;padding-right:0px;padding-bottom:20px;padding-left:0px;flex-direction:column;justify-content:center;}}@media all and (max-width: 767px){.kadence-column2078_a2b19e-9e > .kt-inside-inner-col{padding-top:40px;padding-right:60px;padding-bottom:20px;padding-left:60px;flex-direction:column;justify-content:center;}.kadence-column2078_a2b19e-9e, .kt-inside-inner-col > .kadence-column2078_a2b19e-9e:not(.specificity){margin-right:0px;margin-left:0px;}}<\/style>\n<div class=\"wp-block-kadence-column kadence-column2078_a2b19e-9e inner-column-1\"><div class=\"kt-inside-inner-col\"><style>.wp-block-kadence-image.kb-image2078_f08a84-2b:not(.kb-specificity-added):not(.kb-extra-specificity-added){margin-top:0px;margin-right:40px;margin-bottom:25px;margin-left:40px;}.kb-image2078_f08a84-2b:not(.kb-image-is-ratio-size) .kb-img, .kb-image2078_f08a84-2b.kb-image-is-ratio-size{padding-top:0px;padding-right:0px;padding-bottom:0px;padding-left:0px;}.kb-image2078_f08a84-2b .kb-image-has-overlay:after{opacity:0.3;border-top-left-radius:200px;border-top-right-radius:200px;border-bottom-right-radius:200px;border-bottom-left-radius:200px;}.kb-image2078_f08a84-2b img.kb-img, .kb-image2078_f08a84-2b .kb-img img{border-top-color:rgba(0,0,0,0);border-top-style:solid;border-right-color:rgba(0,0,0,0);border-right-style:solid;border-bottom-color:rgba(0,0,0,0);border-bottom-style:solid;border-left-color:rgba(0,0,0,0);border-left-style:solid;border-top-left-radius:200px;border-top-right-radius:200px;border-bottom-right-radius:200px;border-bottom-left-radius:200px;object-position:20% 17%;}@media all and (max-width: 1024px){.wp-block-kadence-image.kb-image2078_f08a84-2b:not(.kb-specificity-added):not(.kb-extra-specificity-added){margin-top:0px;margin-right:0px;margin-bottom:0px;margin-left:50px;}}@media all and (max-width: 1024px){.kb-image2078_f08a84-2b.kb-image-is-ratio-size, .kb-image2078_f08a84-2b .kb-image-is-ratio-size{max-width:200px;width:100%;}}@media all and (max-width: 1024px){.kb-image2078_f08a84-2b{max-width:200px;}}@media all and (max-width: 1024px){.kb-image2078_f08a84-2b:not(.kb-image-is-ratio-size) .kb-img, .kb-image2078_f08a84-2b.kb-image-is-ratio-size{padding-top:60px;padding-right:60px;padding-bottom:60px;padding-left:60px;}}@media all and (max-width: 1024px){.kb-image2078_f08a84-2b img.kb-img, .kb-image2078_f08a84-2b .kb-img img{border-top-color:rgba(0,0,0,0);border-top-style:solid;border-right-color:rgba(0,0,0,0);border-right-style:solid;border-bottom-color:rgba(0,0,0,0);border-bottom-style:solid;border-left-color:rgba(0,0,0,0);border-left-style:solid;}}@media all and (max-width: 767px){.wp-block-kadence-image.kb-image2078_f08a84-2b:not(.kb-specificity-added):not(.kb-extra-specificity-added){margin-top:0px;margin-right:0px;margin-bottom:20px;margin-left:20px;}.kb-image2078_f08a84-2b.kb-image-is-ratio-size, .kb-image2078_f08a84-2b .kb-image-is-ratio-size{max-width:100px;width:100%;}.kb-image2078_f08a84-2b{max-width:100px;}.kb-image2078_f08a84-2b:not(.kb-image-is-ratio-size) .kb-img, .kb-image2078_f08a84-2b.kb-image-is-ratio-size{padding-top:0px;padding-right:0px;padding-bottom:0px;padding-left:0px;}.kb-image2078_f08a84-2b img.kb-img, .kb-image2078_f08a84-2b .kb-img img{border-top-color:rgba(0,0,0,0);border-top-style:solid;border-right-color:rgba(0,0,0,0);border-right-style:solid;border-bottom-color:rgba(0,0,0,0);border-bottom-style:solid;border-left-color:rgba(0,0,0,0);border-left-style:solid;}}<\/style>\n<figure class=\"wp-block-kadence-image kb-image2078_f08a84-2b kb-image-is-ratio-size\"><div class=\"kb-is-ratio-image kb-image-ratio-square\"><img decoding=\"async\" width=\"316\" height=\"316\" src=\"https:\/\/istanbulobesitycenter.com\/wp-content\/uploads\/2024\/12\/Sadiq-SHAKILIYEV-MD.webp\" class=\"kb-img wp-image-2028\" srcset=\"https:\/\/istanbulobesitycenter.com\/wp-content\/uploads\/2024\/12\/Sadiq-SHAKILIYEV-MD.webp 316w, https:\/\/istanbulobesitycenter.com\/wp-content\/uploads\/2024\/12\/Sadiq-SHAKILIYEV-MD-300x300.webp 300w, https:\/\/istanbulobesitycenter.com\/wp-content\/uploads\/2024\/12\/Sadiq-SHAKILIYEV-MD-150x150.webp 150w\" sizes=\"(max-width: 316px) 100vw, 316px\" \/><\/div><\/figure>\n\n\n<style>.wp-block-kadence-advancedheading.kt-adv-heading2078_c8a82d-a6, .wp-block-kadence-advancedheading.kt-adv-heading2078_c8a82d-a6[data-kb-block=\"kb-adv-heading2078_c8a82d-a6\"]{padding-top:0px;padding-right:0px;padding-bottom:0px;padding-left:0px;margin-top:0px;margin-right:0px;margin-bottom:10px;margin-left:0px;text-align:center;font-style:normal;text-transform:capitalize;}.wp-block-kadence-advancedheading.kt-adv-heading2078_c8a82d-a6 mark.kt-highlight, .wp-block-kadence-advancedheading.kt-adv-heading2078_c8a82d-a6[data-kb-block=\"kb-adv-heading2078_c8a82d-a6\"] mark.kt-highlight{font-style:normal;color:#f76a0c;-webkit-box-decoration-break:clone;box-decoration-break:clone;padding-top:0px;padding-right:0px;padding-bottom:0px;padding-left:0px;}.wp-block-kadence-advancedheading.kt-adv-heading2078_c8a82d-a6 img.kb-inline-image, .wp-block-kadence-advancedheading.kt-adv-heading2078_c8a82d-a6[data-kb-block=\"kb-adv-heading2078_c8a82d-a6\"] img.kb-inline-image{width:150px;vertical-align:baseline;}<\/style>\n<h5 class=\"kt-adv-heading2078_c8a82d-a6 wp-block-kadence-advancedheading has-theme-palette-9-color has-text-color\" data-kb-block=\"kb-adv-heading2078_c8a82d-a6\">Op. Dr. Sad\u0131k Shakiliyev<\/h5>\n\n\n<style>.wp-block-kadence-advancedheading.kt-adv-heading2078_27f20f-65, .wp-block-kadence-advancedheading.kt-adv-heading2078_27f20f-65[data-kb-block=\"kb-adv-heading2078_27f20f-65\"]{padding-bottom:0px;margin-bottom:15px;text-align:center;font-style:normal;color:#30f2f2;}.wp-block-kadence-advancedheading.kt-adv-heading2078_27f20f-65 mark.kt-highlight, .wp-block-kadence-advancedheading.kt-adv-heading2078_27f20f-65[data-kb-block=\"kb-adv-heading2078_27f20f-65\"] mark.kt-highlight{font-style:normal;color:#f76a0c;-webkit-box-decoration-break:clone;box-decoration-break:clone;padding-top:0px;padding-right:0px;padding-bottom:0px;padding-left:0px;}.wp-block-kadence-advancedheading.kt-adv-heading2078_27f20f-65 img.kb-inline-image, .wp-block-kadence-advancedheading.kt-adv-heading2078_27f20f-65[data-kb-block=\"kb-adv-heading2078_27f20f-65\"] img.kb-inline-image{width:150px;vertical-align:baseline;}<\/style>\n<p class=\"kt-adv-heading2078_27f20f-65 wp-block-kadence-advancedheading\" data-kb-block=\"kb-adv-heading2078_27f20f-65\">Genel Cerrahi Uzman\u0131<\/p>\n\n\n<style>.wp-block-kadence-advancedbtn.kb-btns2078_1bda27-63{gap:var(--global-kb-gap-xs, 0.5rem );justify-content:center;align-items:center;}.kt-btns2078_1bda27-63 .kt-button{font-weight:normal;font-style:normal;}<\/style>\n<div class=\"wp-block-kadence-advancedbtn kb-buttons-wrap kb-btns2078_1bda27-63\"><style>ul.menu .wp-block-kadence-advancedbtn .kb-btn2078_be3321-a3.kb-button{width:initial;}.wp-block-kadence-advancedbtn .kb-btn2078_be3321-a3.kb-button{color:#0a1d4c;background:#30f2f2;padding-top:15px;padding-right:25px;padding-bottom:15px;padding-left:25px;}.wp-block-kadence-advancedbtn .kb-btn2078_be3321-a3.kb-button:hover, .wp-block-kadence-advancedbtn .kb-btn2078_be3321-a3.kb-button:focus{background:#e30613;}<\/style><a class=\"kb-button kt-button button kb-btn2078_be3321-a3 kt-btn-size-standard kt-btn-width-type-auto kb-btn-global-inherit  kt-btn-has-text-true kt-btn-has-svg-false  wp-block-button__link wp-block-kadence-singlebtn\" href=\"https:\/\/istanbulobesitycenter.com\/\"><span class=\"kt-btn-inner-text\">Whatsapp<\/span><\/a><\/div>\n<\/div><\/div>\n\n\n<style>.kadence-column2078_2e5d6f-5b > .kt-inside-inner-col{padding-top:40px;padding-right:50px;padding-bottom:50px;padding-left:50px;}.kadence-column2078_2e5d6f-5b > .kt-inside-inner-col{border-top:1px solid var(--global-palette7, #EDF2F7);border-right:1px solid var(--global-palette7, #EDF2F7);border-bottom:1px solid var(--global-palette7, #EDF2F7);}.kadence-column2078_2e5d6f-5b > .kt-inside-inner-col,.kadence-column2078_2e5d6f-5b > .kt-inside-inner-col:before{border-top-left-radius:0px;border-top-right-radius:5px;border-bottom-right-radius:5px;border-bottom-left-radius:0px;}.kadence-column2078_2e5d6f-5b > .kt-inside-inner-col{column-gap:var(--global-kb-gap-sm, 1rem);}.kadence-column2078_2e5d6f-5b > .kt-inside-inner-col{flex-direction:column;}.kadence-column2078_2e5d6f-5b > .kt-inside-inner-col > .aligncenter{width:100%;}.kadence-column2078_2e5d6f-5b > .kt-inside-inner-col{background-color:var(--global-palette9, #ffffff);}.kadence-column2078_2e5d6f-5b > .kt-inside-inner-col:before{opacity:0.3;}.kadence-column2078_2e5d6f-5b{position:relative;}@media all and (max-width: 1024px){.kadence-column2078_2e5d6f-5b > .kt-inside-inner-col{border-top:1px solid var(--global-palette7, #EDF2F7);border-right:1px solid var(--global-palette7, #EDF2F7);border-bottom:1px solid var(--global-palette7, #EDF2F7);flex-direction:column;justify-content:center;}}@media all and (max-width: 767px){.kadence-column2078_2e5d6f-5b > .kt-inside-inner-col{border-top:1px solid var(--global-palette7, #EDF2F7);border-right:1px solid var(--global-palette7, #EDF2F7);border-bottom:1px solid var(--global-palette7, #EDF2F7);flex-direction:column;justify-content:center;}}<\/style>\n<div class=\"wp-block-kadence-column kadence-column2078_2e5d6f-5b inner-column-2\"><div class=\"kt-inside-inner-col\"><style>.wp-block-kadence-advancedheading.kt-adv-heading2078_ff300d-5d, .wp-block-kadence-advancedheading.kt-adv-heading2078_ff300d-5d[data-kb-block=\"kb-adv-heading2078_ff300d-5d\"]{font-style:normal;}.wp-block-kadence-advancedheading.kt-adv-heading2078_ff300d-5d mark.kt-highlight, .wp-block-kadence-advancedheading.kt-adv-heading2078_ff300d-5d[data-kb-block=\"kb-adv-heading2078_ff300d-5d\"] mark.kt-highlight{font-style:normal;color:#f76a0c;-webkit-box-decoration-break:clone;box-decoration-break:clone;padding-top:0px;padding-right:0px;padding-bottom:0px;padding-left:0px;}.wp-block-kadence-advancedheading.kt-adv-heading2078_ff300d-5d img.kb-inline-image, .wp-block-kadence-advancedheading.kt-adv-heading2078_ff300d-5d[data-kb-block=\"kb-adv-heading2078_ff300d-5d\"] img.kb-inline-image{width:150px;vertical-align:baseline;}@media all and (max-width: 1024px){.wp-block-kadence-advancedheading.kt-adv-heading2078_ff300d-5d, .wp-block-kadence-advancedheading.kt-adv-heading2078_ff300d-5d[data-kb-block=\"kb-adv-heading2078_ff300d-5d\"]{text-align:left!important;}}@media all and (max-width: 767px){.wp-block-kadence-advancedheading.kt-adv-heading2078_ff300d-5d, .wp-block-kadence-advancedheading.kt-adv-heading2078_ff300d-5d[data-kb-block=\"kb-adv-heading2078_ff300d-5d\"]{text-align:center!important;}}<\/style>\n<h4 class=\"kt-adv-heading2078_ff300d-5d wp-block-kadence-advancedheading\" data-kb-block=\"kb-adv-heading2078_ff300d-5d\">Education<\/h4>\n\n\n<style>.wp-block-kadence-iconlist.kt-svg-icon-list-items2078_46c45f-f5:not(.this-stops-third-party-issues){margin-top:0px;margin-bottom:0px;}.wp-block-kadence-iconlist.kt-svg-icon-list-items2078_46c45f-f5 ul.kt-svg-icon-list:not(.this-prevents-issues):not(.this-stops-third-party-issues):not(.tijsloc){margin-top:0px;margin-right:0px;margin-bottom:10px;margin-left:0px;}.wp-block-kadence-iconlist.kt-svg-icon-list-items2078_46c45f-f5 ul.kt-svg-icon-list{grid-row-gap:6px;}.wp-block-kadence-iconlist.kt-svg-icon-list-items2078_46c45f-f5 ul.kt-svg-icon-list .kt-svg-icon-list-item-wrap .kt-svg-icon-list-single{margin-right:10px;}.kt-svg-icon-list-items2078_46c45f-f5 ul.kt-svg-icon-list .kt-svg-icon-list-item-wrap, .kt-svg-icon-list-items2078_46c45f-f5 ul.kt-svg-icon-list .kt-svg-icon-list-item-wrap a{color:var(--global-palette3, #1A202C);color:var(--global-palette3, #1A202C);}<\/style>\n<div class=\"wp-block-kadence-iconlist kt-svg-icon-list-items kt-svg-icon-list-items2078_46c45f-f5 kt-svg-icon-list-columns-1 alignnone\"><ul class=\"kt-svg-icon-list\"><style>.kt-svg-icon-list-item-2078_c400e4-88 .kt-svg-icon-list-single{font-size:12px !important;color:#44d9f9 !important;}.kt-svg-icon-list-item-2078_c400e4-88 .kt-svg-icon-list-text mark.kt-highlight{background-color:unset;font-style:normal;color:#f76a0c;-webkit-box-decoration-break:clone;box-decoration-break:clone;padding-top:0px;padding-right:0px;padding-bottom:0px;padding-left:0px;}<\/style>\n<li class=\"wp-block-kadence-listitem kt-svg-icon-list-item-wrap kt-svg-icon-list-item-2078_c400e4-88 kt-svg-icon-list-style-default\"><span class=\"kb-svg-icon-wrap kb-svg-icon-fas_circle kt-svg-icon-list-single\"><svg viewBox=\"0 0 512 512\"  fill=\"currentColor\" xmlns=\"http:\/\/www.w3.org\/2000\/svg\"  aria-hidden=\"true\"><path d=\"M256 8C119 8 8 119 8 256s111 248 248 248 248-111 248-248S393 8 256 8z\"\/><\/svg><\/span><span class=\"kt-svg-icon-list-text\">2000 &#8211; Azerbaycan T\u0131p \u00dcniversitesi<\/span><\/li>\n\n\n<style>.kt-svg-icon-list-item-2078_bbe7e3-70 .kt-svg-icon-list-single{font-size:12px !important;color:#44d9f9 !important;}.kt-svg-icon-list-item-2078_bbe7e3-70 .kt-svg-icon-list-text mark.kt-highlight{background-color:unset;font-style:normal;color:#f76a0c;-webkit-box-decoration-break:clone;box-decoration-break:clone;padding-top:0px;padding-right:0px;padding-bottom:0px;padding-left:0px;}<\/style>\n<li class=\"wp-block-kadence-listitem kt-svg-icon-list-item-wrap kt-svg-icon-list-item-2078_bbe7e3-70 kt-svg-icon-list-style-default\"><span class=\"kb-svg-icon-wrap kb-svg-icon-fas_circle kt-svg-icon-list-single\"><svg viewBox=\"0 0 512 512\"  fill=\"currentColor\" xmlns=\"http:\/\/www.w3.org\/2000\/svg\"  aria-hidden=\"true\"><path d=\"M256 8C119 8 8 119 8 256s111 248 248 248 248-111 248-248S393 8 256 8z\"\/><\/svg><\/span><span class=\"kt-svg-icon-list-text\">2007 &#8211; \u0130stanbul E\u011fitim ve Ara\u015ft\u0131rma Hastanesi,Genel Cerrahi<\/span><\/li>\n<\/ul><\/div>\n\n\n<style>.wp-block-kadence-advancedheading.kt-adv-heading2078_f115e6-8a, .wp-block-kadence-advancedheading.kt-adv-heading2078_f115e6-8a[data-kb-block=\"kb-adv-heading2078_f115e6-8a\"]{text-align:center;font-style:normal;}.wp-block-kadence-advancedheading.kt-adv-heading2078_f115e6-8a mark.kt-highlight, .wp-block-kadence-advancedheading.kt-adv-heading2078_f115e6-8a[data-kb-block=\"kb-adv-heading2078_f115e6-8a\"] mark.kt-highlight{font-style:normal;color:#f76a0c;-webkit-box-decoration-break:clone;box-decoration-break:clone;padding-top:0px;padding-right:0px;padding-bottom:0px;padding-left:0px;}.wp-block-kadence-advancedheading.kt-adv-heading2078_f115e6-8a img.kb-inline-image, .wp-block-kadence-advancedheading.kt-adv-heading2078_f115e6-8a[data-kb-block=\"kb-adv-heading2078_f115e6-8a\"] img.kb-inline-image{width:150px;vertical-align:baseline;}@media all and (max-width: 1024px){.wp-block-kadence-advancedheading.kt-adv-heading2078_f115e6-8a, .wp-block-kadence-advancedheading.kt-adv-heading2078_f115e6-8a[data-kb-block=\"kb-adv-heading2078_f115e6-8a\"]{text-align:left!important;}}<\/style>\n<h5 class=\"kt-adv-heading2078_f115e6-8a wp-block-kadence-advancedheading\" data-kb-block=\"kb-adv-heading2078_f115e6-8a\">T\u0131bbi \u0130lgi Alanlar\u0131:<\/h5>\n\n\n<style>.wp-block-kadence-iconlist.kt-svg-icon-list-items2078_55f6ea-1d:not(.this-stops-third-party-issues){margin-top:0px;margin-bottom:0px;}.wp-block-kadence-iconlist.kt-svg-icon-list-items2078_55f6ea-1d ul.kt-svg-icon-list:not(.this-prevents-issues):not(.this-stops-third-party-issues):not(.tijsloc){margin-top:0px;margin-right:0px;margin-bottom:10px;margin-left:0px;}.wp-block-kadence-iconlist.kt-svg-icon-list-items2078_55f6ea-1d ul.kt-svg-icon-list{grid-row-gap:6px;}.wp-block-kadence-iconlist.kt-svg-icon-list-items2078_55f6ea-1d ul.kt-svg-icon-list .kt-svg-icon-list-item-wrap .kt-svg-icon-list-single{margin-right:10px;}.kt-svg-icon-list-items2078_55f6ea-1d ul.kt-svg-icon-list .kt-svg-icon-list-item-wrap, .kt-svg-icon-list-items2078_55f6ea-1d ul.kt-svg-icon-list .kt-svg-icon-list-item-wrap a{color:var(--global-palette3, #1A202C);color:var(--global-palette3, #1A202C);}<\/style>\n<div class=\"wp-block-kadence-iconlist kt-svg-icon-list-items kt-svg-icon-list-items2078_55f6ea-1d kt-svg-icon-list-columns-1 alignnone\"><ul class=\"kt-svg-icon-list\"><style>.kt-svg-icon-list-item-2078_c2447e-87 .kt-svg-icon-list-single{font-size:12px !important;color:#44d9f9 !important;}.kt-svg-icon-list-item-2078_c2447e-87 .kt-svg-icon-list-text mark.kt-highlight{background-color:unset;font-style:normal;color:#f76a0c;-webkit-box-decoration-break:clone;box-decoration-break:clone;padding-top:0px;padding-right:0px;padding-bottom:0px;padding-left:0px;}<\/style>\n<li class=\"wp-block-kadence-listitem kt-svg-icon-list-item-wrap kt-svg-icon-list-item-2078_c2447e-87 kt-svg-icon-list-style-default\"><span class=\"kb-svg-icon-wrap kb-svg-icon-fas_circle kt-svg-icon-list-single\"><svg viewBox=\"0 0 512 512\"  fill=\"currentColor\" xmlns=\"http:\/\/www.w3.org\/2000\/svg\"  aria-hidden=\"true\"><path d=\"M256 8C119 8 8 119 8 256s111 248 248 248 248-111 248-248S393 8 256 8z\"\/><\/svg><\/span><span class=\"kt-svg-icon-list-text\">Obezite Cerrahisi (Mide Balonu, T\u00fcp Mide)<\/span><\/li>\n\n\n<style>.kt-svg-icon-list-item-2078_d804fa-c2 .kt-svg-icon-list-single{font-size:12px !important;color:#44d9f9 !important;}.kt-svg-icon-list-item-2078_d804fa-c2 .kt-svg-icon-list-text mark.kt-highlight{background-color:unset;font-style:normal;color:#f76a0c;-webkit-box-decoration-break:clone;box-decoration-break:clone;padding-top:0px;padding-right:0px;padding-bottom:0px;padding-left:0px;}<\/style>\n<li class=\"wp-block-kadence-listitem kt-svg-icon-list-item-wrap kt-svg-icon-list-item-2078_d804fa-c2 kt-svg-icon-list-style-default\"><span class=\"kb-svg-icon-wrap kb-svg-icon-fas_circle kt-svg-icon-list-single\"><svg viewBox=\"0 0 512 512\"  fill=\"currentColor\" xmlns=\"http:\/\/www.w3.org\/2000\/svg\"  aria-hidden=\"true\"><path d=\"M256 8C119 8 8 119 8 256s111 248 248 248 248-111 248-248S393 8 256 8z\"\/><\/svg><\/span><span class=\"kt-svg-icon-list-text\">Meme Hastal\u0131klar\u0131 ve Tedavisi<\/span><\/li>\n\n\n<style>.kt-svg-icon-list-item-2078_1611bb-ec .kt-svg-icon-list-single{font-size:12px !important;color:#44d9f9 !important;}.kt-svg-icon-list-item-2078_1611bb-ec .kt-svg-icon-list-text mark.kt-highlight{background-color:unset;font-style:normal;color:#f76a0c;-webkit-box-decoration-break:clone;box-decoration-break:clone;padding-top:0px;padding-right:0px;padding-bottom:0px;padding-left:0px;}<\/style>\n<li class=\"wp-block-kadence-listitem kt-svg-icon-list-item-wrap kt-svg-icon-list-item-2078_1611bb-ec kt-svg-icon-list-style-default\"><span class=\"kb-svg-icon-wrap kb-svg-icon-fas_circle kt-svg-icon-list-single\"><svg viewBox=\"0 0 512 512\"  fill=\"currentColor\" xmlns=\"http:\/\/www.w3.org\/2000\/svg\"  aria-hidden=\"true\"><path d=\"M256 8C119 8 8 119 8 256s111 248 248 248 248-111 248-248S393 8 256 8z\"\/><\/svg><\/span><span class=\"kt-svg-icon-list-text\">Mide ve Ba\u011f\u0131rsak Hastal\u0131klar\u0131<\/span><\/li>\n<\/ul><\/div>\n<\/div><\/div>\n\n<\/div><\/div>\n\n\n<h1 class=\"wp-block-heading\">Op. Dr. Sad\u0131k Shakiliyev Kimdir?<\/h1>\n\n\n\n<p><strong>Op. Dr. Sad\u0131k Shak\u0131l\u0131yev &#8211; Genel Cerrahi Uzman\u0131<\/strong><\/p>\n\n\n\n<p><strong>Hakk\u0131nda:<\/strong><br>Op. Dr. Sad\u0131k Shak\u0131l\u0131yev, 18 y\u0131l\u0131 a\u015fk\u0131n deneyimiyle genel cerrahi alan\u0131nda uzman bir doktordur. \u00d6zellikle obezite ve metabolik cerrahi konular\u0131nda uzmanla\u015fan Dr. Shak\u0131l\u0131yev, laparoskopik ve endoskopik cerrahi tekniklerdeki yetkinli\u011fiyle tan\u0131n\u0131r. Hastalar\u0131n\u0131n ihtiya\u00e7lar\u0131na \u00f6zel yakla\u015f\u0131mlar sunarak, ameliyat \u00f6ncesi ve sonras\u0131 s\u00fcre\u00e7lerde kapsaml\u0131 destek sa\u011flamaktad\u0131r.<\/p>\n\n\n\n<p><strong>E\u011fitim ve Uzmanl\u0131k:<\/strong><\/p>\n\n\n\n<ul class=\"wp-block-list\">\n<li><strong>T\u0131p E\u011fitimi:<\/strong> Ankara \u00dcniversitesi T\u0131p Fak\u00fcltesi<\/li>\n\n\n\n<li><strong>Uzmanl\u0131k E\u011fitimi:<\/strong> G\u00f6ztepe E\u011fitim ve Ara\u015ft\u0131rma Hastanesi Genel Cerrahi B\u00f6l\u00fcm\u00fc<\/li>\n<\/ul>\n\n\n\n<p><strong>Uzmanl\u0131k Alanlar\u0131:<\/strong><br>Dr. Shak\u0131l\u0131yev, geni\u015f bir yelpazede cerrahi tedaviler sunmaktad\u0131r:<\/p>\n\n\n\n<ul class=\"wp-block-list\">\n<li><strong>Obezite Cerrahisi:<\/strong>\n<ul class=\"wp-block-list\">\n<li>T\u00fcp Mide Ameliyat\u0131<\/li>\n\n\n\n<li>Gastrik Bypass (Roux-en-Y)<\/li>\n\n\n\n<li>Gastrik Balon<\/li>\n\n\n\n<li>Gastrik Botox<\/li>\n<\/ul>\n<\/li>\n\n\n\n<li>Kanser Cerrahisi<\/li>\n\n\n\n<li>Safra Kesesi Ameliyatlar\u0131<\/li>\n\n\n\n<li>Pilonidal Sin\u00fcs Tedavisi<\/li>\n\n\n\n<li>Hemoroid ve Anal Fiss\u00fcr Ameliyatlar\u0131<\/li>\n\n\n\n<li>Refl\u00fc Cerrahisi<\/li>\n\n\n\n<li>Endoskopik ve Laparoskopik M\u00fcdahaleler<\/li>\n\n\n\n<li>Onkolojik Cerrahi<\/li>\n<\/ul>\n\n\n\n<p><strong>Mesleki Katk\u0131lar ve Deneyimler:<\/strong><br>Dr. Shak\u0131l\u0131yev, hem ulusal hem de uluslararas\u0131 kongrelere kat\u0131larak mesleki bilgi ve deneyimini s\u00fcrekli olarak g\u00fcncellemektedir. Kat\u0131ld\u0131\u011f\u0131 \u00f6nemli kongreler aras\u0131nda:<\/p>\n\n\n\n<ul class=\"wp-block-list\">\n<li>Ulusal Endoskopik Laparoskopik Cerrahi Kongresi<\/li>\n\n\n\n<li>Diyabet, Obezite ve Hipertansiyonda Tart\u0131\u015fmalardan Konsens\u00fcse D\u00fcnya Kongresi<\/li>\n\n\n\n<li>Bariatrik ve Metabolik Cerrahi Kongresi<\/li>\n\n\n\n<li>Cerrahpa\u015fa Cerrahi Bulu\u015fmalar\u0131<\/li>\n<\/ul>\n\n\n\n<p><strong>Hastaya Yakla\u015f\u0131m\u0131:<\/strong><br>Dr. Sad\u0131k Shak\u0131l\u0131yev, her hastas\u0131n\u0131n ihtiya\u00e7lar\u0131n\u0131 dikkatle de\u011ferlendirerek, en g\u00fcncel ve etkili cerrahi teknikleri kullanmaktad\u0131r. Ameliyat sonras\u0131 s\u00fcrecin sorunsuz ge\u00e7mesi i\u00e7in d\u00fczenli takip ve destek sa\u011flamaktad\u0131r. Hem cerrahi ba\u015far\u0131lar\u0131 hem de hastalar\u0131yla kurdu\u011fu g\u00fc\u00e7l\u00fc ileti\u015fimle tan\u0131nan Dr. Shak\u0131l\u0131yev, alan\u0131nda g\u00fcvenilir bir isimdir.<\/p>\n\n\n\n<p>Sa\u011fl\u0131k yolculu\u011funuzda yan\u0131n\u0131zda olacak deneyimli ve g\u00fcvenilir bir cerrah ar\u0131yorsan\u0131z, Op. Dr. Sad\u0131k Shak\u0131l\u0131yev ile ileti\u015fime ge\u00e7ebilirsiniz.<\/p>\n","protected":false},"excerpt":{"rendered":"<p>Op. Dr. Sad\u0131k Shakiliyev Kimdir? Op. Dr. Sad\u0131k Shak\u0131l\u0131yev &#8211; Genel Cerrahi Uzman\u0131 Hakk\u0131nda:Op. Dr. Sad\u0131k Shak\u0131l\u0131yev, 18 y\u0131l\u0131 a\u015fk\u0131n deneyimiyle genel cerrahi alan\u0131nda uzman bir doktordur. \u00d6zellikle obezite ve metabolik cerrahi konular\u0131nda uzmanla\u015fan Dr. Shak\u0131l\u0131yev, laparoskopik ve endoskopik cerrahi tekniklerdeki yetkinli\u011fiyle tan\u0131n\u0131r. Hastalar\u0131n\u0131n ihtiya\u00e7lar\u0131na \u00f6zel yakla\u015f\u0131mlar sunarak, ameliyat \u00f6ncesi ve sonras\u0131 s\u00fcre\u00e7lerde kapsaml\u0131 destek&#8230;<\/p>\n","protected":false},"author":1,"featured_media":0,"parent":0,"menu_order":0,"comment_status":"closed","ping_status":"closed","template":"","meta":{"_kad_blocks_custom_css":"","_kad_blocks_head_custom_js":"","_kad_blocks_body_custom_js":"","_kad_blocks_footer_custom_js":"","_kadence_starter_templates_imported_post":false,"_kad_post_transparent":"","_kad_post_title":"","_kad_post_layout":"","_kad_post_sidebar_id":"","_kad_post_content_style":"","_kad_post_vertical_padding":"","_kad_post_feature":"","_kad_post_feature_position":"","_kad_post_header":false,"_kad_post_footer":false,"footnotes":""},"class_list":["post-21018","page","type-page","status-publish","hentry"],"taxonomy_info":[],"featured_image_src_large":false,"author_info":{"display_name":"IOC","author_link":"https:\/\/istanbulobesitycenter.com\/tr\/author\/admin\/"},"comment_info":0,"_links":{"self":[{"href":"https:\/\/istanbulobesitycenter.com\/tr\/wp-json\/wp\/v2\/pages\/21018","targetHints":{"allow":["GET"]}}],"collection":[{"href":"https:\/\/istanbulobesitycenter.com\/tr\/wp-json\/wp\/v2\/pages"}],"about":[{"href":"https:\/\/istanbulobesitycenter.com\/tr\/wp-json\/wp\/v2\/types\/page"}],"author":[{"embeddable":true,"href":"https:\/\/istanbulobesitycenter.com\/tr\/wp-json\/wp\/v2\/users\/1"}],"replies":[{"embeddable":true,"href":"https:\/\/istanbulobesitycenter.com\/tr\/wp-json\/wp\/v2\/comments?post=21018"}],"version-history":[{"count":0,"href":"https:\/\/istanbulobesitycenter.com\/tr\/wp-json\/wp\/v2\/pages\/21018\/revisions"}],"wp:attachment":[{"href":"https:\/\/istanbulobesitycenter.com\/tr\/wp-json\/wp\/v2\/media?parent=21018"}],"curies":[{"name":"wp","href":"https:\/\/api.w.org\/{rel}","templated":true}]}}