{"id":2203,"date":"2024-12-25T17:59:18","date_gmt":"2024-12-25T17:59:18","guid":{"rendered":"https:\/\/istanbulobesitycenter.com\/?page_id=2203"},"modified":"2024-12-25T17:59:19","modified_gmt":"2024-12-25T17:59:19","slug":"biliopankreatik-diversiyon-duodenal-switch-bpd-ds-ameliyati","status":"publish","type":"page","link":"https:\/\/istanbulobesitycenter.com\/tr\/biliopankreatik-diversiyon-duodenal-switch-bpd-ds-ameliyati\/","title":{"rendered":"Biliopankreatik Diversiyon-Duodenal Switch (BPD-DS) Ameliyat\u0131"},"content":{"rendered":"<style>.kb-row-layout-id2203_8abfc5-69 > .kt-row-column-wrap{align-content:center;}:where(.kb-row-layout-id2203_8abfc5-69 > .kt-row-column-wrap) > .wp-block-kadence-column{justify-content:center;}.kb-row-layout-id2203_8abfc5-69 > .kt-row-column-wrap{column-gap:var(--global-kb-gap-lg, 4rem);row-gap:var(--global-kb-gap-md, 2rem);max-width:var( --global-content-width, 1290px );padding-left:var(--global-content-edge-padding);padding-right:var(--global-content-edge-padding);padding-top:var(--global-kb-spacing-xxl, 5rem);padding-bottom:var(--global-kb-spacing-xxl, 5rem);grid-template-columns:repeat(2, minmax(0, 1fr));}.kb-row-layout-id2203_8abfc5-69{background-image:linear-gradient(135deg,rgb(229,255,255) 41%,rgb(48,242,242) 100%);}.kb-row-layout-id2203_8abfc5-69 > .kt-row-layout-overlay{opacity:0.20;background-color:var(--global-palette1, #3182CE);mix-blend-mode:normal;}@media all and (max-width: 1024px){.kb-row-layout-id2203_8abfc5-69 > .kt-row-column-wrap{grid-template-columns:repeat(2, minmax(0, 1fr));}}@media all and (max-width: 767px){.kb-row-layout-id2203_8abfc5-69 > .kt-row-column-wrap{grid-template-columns:minmax(0, 1fr);}}<\/style><div class=\"kb-row-layout-wrap kb-row-layout-id2203_8abfc5-69 alignfull kt-row-has-bg wp-block-kadence-rowlayout\"><div class=\"kt-row-layout-overlay kt-row-overlay-normal\"><\/div><div class=\"kt-row-column-wrap kt-has-2-columns kt-row-layout-equal kt-tab-layout-inherit kt-mobile-layout-row kt-row-valign-middle kb-theme-content-width\">\n<style>.kadence-column2203_4f80d6-15 > .kt-inside-inner-col,.kadence-column2203_4f80d6-15 > .kt-inside-inner-col:before{border-top-left-radius:10px;border-top-right-radius:10px;border-bottom-right-radius:10px;border-bottom-left-radius:10px;}.kadence-column2203_4f80d6-15 > .kt-inside-inner-col{column-gap:var(--global-kb-gap-sm, 1rem);}.kadence-column2203_4f80d6-15 > .kt-inside-inner-col{flex-direction:column;}.kadence-column2203_4f80d6-15 > .kt-inside-inner-col > .aligncenter{width:100%;}.kadence-column2203_4f80d6-15 > .kt-inside-inner-col{background-color:var(--global-palette9, #ffffff);}.kadence-column2203_4f80d6-15 > .kt-inside-inner-col:before{opacity:0.3;}.kadence-column2203_4f80d6-15{position:relative;}@media all and (max-width: 1024px){.kadence-column2203_4f80d6-15 > .kt-inside-inner-col{flex-direction:column;justify-content:center;}}@media all and (max-width: 767px){.kadence-column2203_4f80d6-15 > .kt-inside-inner-col{flex-direction:column;justify-content:center;}}<\/style>\n<div class=\"wp-block-kadence-column kadence-column2203_4f80d6-15\"><div class=\"kt-inside-inner-col\"><style>.kb-image2203_b11bdc-ca .kb-image-has-overlay:after{opacity:0.3;border-top-left-radius:10px;border-top-right-radius:10px;}.kb-image2203_b11bdc-ca img.kb-img, .kb-image2203_b11bdc-ca .kb-img img{border-top-left-radius:10px;border-top-right-radius:10px;object-position:47% 24%;}<\/style>\n<figure class=\"wp-block-kadence-image kb-image2203_b11bdc-ca kb-image-is-ratio-size\"><div class=\"kb-is-ratio-image kb-image-ratio-land21\"><img decoding=\"async\" width=\"1024\" height=\"683\" src=\"https:\/\/istanbulobesitycenter.com\/wp-content\/uploads\/2024\/12\/Bilio-Pancreatic-Diversion-with-Duodenal-Switch.webp\" class=\"kb-img wp-image-2204\" srcset=\"https:\/\/istanbulobesitycenter.com\/wp-content\/uploads\/2024\/12\/Bilio-Pancreatic-Diversion-with-Duodenal-Switch.webp 1024w, https:\/\/istanbulobesitycenter.com\/wp-content\/uploads\/2024\/12\/Bilio-Pancreatic-Diversion-with-Duodenal-Switch-300x200.webp 300w, https:\/\/istanbulobesitycenter.com\/wp-content\/uploads\/2024\/12\/Bilio-Pancreatic-Diversion-with-Duodenal-Switch-768x512.webp 768w\" sizes=\"(max-width: 1024px) 100vw, 1024px\" \/><\/div><\/figure>\n\n\n<style>.wp-block-kadence-iconlist.kt-svg-icon-list-items2203_2378c7-26:not(.this-stops-third-party-issues){margin-top:0px;margin-bottom:0px;}.wp-block-kadence-iconlist.kt-svg-icon-list-items2203_2378c7-26 ul.kt-svg-icon-list:not(.this-prevents-issues):not(.this-stops-third-party-issues):not(.tijsloc){margin-top:var(--global-kb-spacing-md, 2rem);margin-right:var(--global-kb-spacing-xl, 4rem);margin-bottom:var(--global-kb-spacing-lg, 3rem);margin-left:var(--global-kb-spacing-xl, 4rem);}.wp-block-kadence-iconlist.kt-svg-icon-list-items2203_2378c7-26 ul.kt-svg-icon-list{grid-row-gap:13px;}.wp-block-kadence-iconlist.kt-svg-icon-list-items2203_2378c7-26 .kb-svg-icon-wrap{color:var(--global-palette1, #3182CE);}.wp-block-kadence-iconlist.kt-svg-icon-list-items2203_2378c7-26 ul.kt-svg-icon-list .kt-svg-icon-list-item-wrap .kt-svg-icon-list-single{margin-right:10px;}.kt-svg-icon-list-items2203_2378c7-26 ul.kt-svg-icon-list .kt-svg-icon-list-item-wrap, .kt-svg-icon-list-items2203_2378c7-26 ul.kt-svg-icon-list .kt-svg-icon-list-item-wrap a{color:var(--global-palette3, #1A202C);font-size:18px;line-height:1.2em;font-weight:600;color:var(--global-palette3, #1A202C);}.kt-svg-icon-list-items2203_2378c7-26 ul.kt-svg-icon-list .kt-svg-icon-list-level-0 .kt-svg-icon-list-single svg{font-size:20px;}<\/style>\n<div class=\"wp-block-kadence-iconlist kt-svg-icon-list-items kt-svg-icon-list-items2203_2378c7-26 kt-svg-icon-list-columns-1 alignnone\"><ul class=\"kt-svg-icon-list\"><style>.kt-svg-icon-list-item-2203_9da0dc-08 .kt-svg-icon-list-text mark.kt-highlight{background-color:unset;font-style:normal;color:#f76a0c;-webkit-box-decoration-break:clone;box-decoration-break:clone;padding-top:0px;padding-right:0px;padding-bottom:0px;padding-left:0px;}<\/style>\n<li class=\"wp-block-kadence-listitem kt-svg-icon-list-item-wrap kt-svg-icon-list-item-2203_9da0dc-08\"><span class=\"kb-svg-icon-wrap kb-svg-icon-fas_check-circle kt-svg-icon-list-single\"><svg viewBox=\"0 0 512 512\"  fill=\"currentColor\" xmlns=\"http:\/\/www.w3.org\/2000\/svg\"  aria-hidden=\"true\"><path d=\"M504 256c0 136.967-111.033 248-248 248S8 392.967 8 256 119.033 8 256 8s248 111.033 248 248zM227.314 387.314l184-184c6.248-6.248 6.248-16.379 0-22.627l-22.627-22.627c-6.248-6.249-16.379-6.249-22.628 0L216 308.118l-70.059-70.059c-6.248-6.248-16.379-6.248-22.628 0l-22.627 22.627c-6.248 6.248-6.248 16.379 0 22.627l104 104c6.249 6.249 16.379 6.249 22.628.001z\"\/><\/svg><\/span><span class=\"kt-svg-icon-list-text\"><strong><strong>Maksimum Kilo Kayb\u0131:<\/strong> Bu prosed\u00fcr, a\u015f\u0131r\u0131 kilo problemlerinde en etkili y\u00f6ntemlerden biridir.<\/strong><\/span><\/li>\n\n\n<style>.kt-svg-icon-list-item-2203_f8a7ce-bf .kt-svg-icon-list-text mark.kt-highlight{background-color:unset;font-style:normal;color:#f76a0c;-webkit-box-decoration-break:clone;box-decoration-break:clone;padding-top:0px;padding-right:0px;padding-bottom:0px;padding-left:0px;}<\/style>\n<li class=\"wp-block-kadence-listitem kt-svg-icon-list-item-wrap kt-svg-icon-list-item-2203_f8a7ce-bf\"><span class=\"kb-svg-icon-wrap kb-svg-icon-fas_check-circle kt-svg-icon-list-single\"><svg viewBox=\"0 0 512 512\"  fill=\"currentColor\" xmlns=\"http:\/\/www.w3.org\/2000\/svg\"  aria-hidden=\"true\"><path d=\"M504 256c0 136.967-111.033 248-248 248S8 392.967 8 256 119.033 8 256 8s248 111.033 248 248zM227.314 387.314l184-184c6.248-6.248 6.248-16.379 0-22.627l-22.627-22.627c-6.248-6.249-16.379-6.249-22.628 0L216 308.118l-70.059-70.059c-6.248-6.248-16.379-6.248-22.628 0l-22.627 22.627c-6.248 6.248-6.248 16.379 0 22.627l104 104c6.249 6.249 16.379 6.249 22.628.001z\"\/><\/svg><\/span><span class=\"kt-svg-icon-list-text\"><strong>Metabolik Sa\u011fl\u0131kta \u0130yile\u015fme:<\/strong> Diyabet, y\u00fcksek tansiyon ve uyku apnesi gibi sorunlar\u0131 iyile\u015ftirir veya tamamen ortadan kald\u0131rabilir.<\/span><\/li>\n\n\n<style>.kt-svg-icon-list-item-2203_1476ef-67 .kt-svg-icon-list-text mark.kt-highlight{background-color:unset;font-style:normal;color:#f76a0c;-webkit-box-decoration-break:clone;box-decoration-break:clone;padding-top:0px;padding-right:0px;padding-bottom:0px;padding-left:0px;}<\/style>\n<li class=\"wp-block-kadence-listitem kt-svg-icon-list-item-wrap kt-svg-icon-list-item-2203_1476ef-67\"><span class=\"kb-svg-icon-wrap kb-svg-icon-fas_check-circle kt-svg-icon-list-single\"><svg viewBox=\"0 0 512 512\"  fill=\"currentColor\" xmlns=\"http:\/\/www.w3.org\/2000\/svg\"  aria-hidden=\"true\"><path d=\"M504 256c0 136.967-111.033 248-248 248S8 392.967 8 256 119.033 8 256 8s248 111.033 248 248zM227.314 387.314l184-184c6.248-6.248 6.248-16.379 0-22.627l-22.627-22.627c-6.248-6.249-16.379-6.249-22.628 0L216 308.118l-70.059-70.059c-6.248-6.248-16.379-6.248-22.628 0l-22.627 22.627c-6.248 6.248-6.248 16.379 0 22.627l104 104c6.249 6.249 16.379 6.249 22.628.001z\"\/><\/svg><\/span><span class=\"kt-svg-icon-list-text\"><strong>Uzun S\u00fcreli Sonu\u00e7lar:<\/strong> Di\u011fer bariatrik cerrahi y\u00f6ntemlere k\u0131yasla daha uzun vadeli kilo kayb\u0131 sunar.<\/span><\/li>\n<\/ul><\/div>\n<\/div><\/div>\n\n\n<style>.kadence-column2203_7a5619-89 > .kt-inside-inner-col,.kadence-column2203_7a5619-89 > .kt-inside-inner-col:before{border-top-left-radius:0px;border-top-right-radius:0px;border-bottom-right-radius:0px;border-bottom-left-radius:0px;}.kadence-column2203_7a5619-89 > .kt-inside-inner-col{column-gap:var(--global-kb-gap-sm, 1rem);}.kadence-column2203_7a5619-89 > .kt-inside-inner-col{flex-direction:column;}.kadence-column2203_7a5619-89 > .kt-inside-inner-col > .aligncenter{width:100%;}.kadence-column2203_7a5619-89 > .kt-inside-inner-col:before{opacity:0.3;}.kadence-column2203_7a5619-89{position:relative;}@media all and (max-width: 1024px){.kadence-column2203_7a5619-89 > .kt-inside-inner-col{flex-direction:column;justify-content:center;}}@media all and (max-width: 767px){.kadence-column2203_7a5619-89 > .kt-inside-inner-col{flex-direction:column;justify-content:center;}}<\/style>\n<div class=\"wp-block-kadence-column kadence-column2203_7a5619-89 inner-column-1\"><div class=\"kt-inside-inner-col\"><style>.wp-block-kadence-advancedheading.kt-adv-heading2203_0e0d5c-c7, .wp-block-kadence-advancedheading.kt-adv-heading2203_0e0d5c-c7[data-kb-block=\"kb-adv-heading2203_0e0d5c-c7\"]{margin-top:var(--global-kb-spacing-xs, 1rem);margin-bottom:var(--global-kb-spacing-sm, 1.5rem);text-align:left;font-size:var(--global-kb-font-size-lg, 2rem);line-height:1.2;font-style:normal;}.wp-block-kadence-advancedheading.kt-adv-heading2203_0e0d5c-c7 mark.kt-highlight, .wp-block-kadence-advancedheading.kt-adv-heading2203_0e0d5c-c7[data-kb-block=\"kb-adv-heading2203_0e0d5c-c7\"] mark.kt-highlight{font-style:normal;color:#f76a0c;-webkit-box-decoration-break:clone;box-decoration-break:clone;padding-top:0px;padding-right:0px;padding-bottom:0px;padding-left:0px;}.wp-block-kadence-advancedheading.kt-adv-heading2203_0e0d5c-c7 img.kb-inline-image, .wp-block-kadence-advancedheading.kt-adv-heading2203_0e0d5c-c7[data-kb-block=\"kb-adv-heading2203_0e0d5c-c7\"] img.kb-inline-image{width:150px;vertical-align:baseline;}<\/style>\n<h2 class=\"kt-adv-heading2203_0e0d5c-c7 wp-block-kadence-advancedheading has-theme-palette-3-color has-text-color\" data-kb-block=\"kb-adv-heading2203_0e0d5c-c7\">Biliopankreatik Diversiyon-Duodenal Switch (BPD-DS) Ameliyat\u0131<\/h2>\n\n\n<style>.wp-block-kadence-advancedheading.kt-adv-heading2203_cda95b-0f, .wp-block-kadence-advancedheading.kt-adv-heading2203_cda95b-0f[data-kb-block=\"kb-adv-heading2203_cda95b-0f\"]{font-style:normal;}.wp-block-kadence-advancedheading.kt-adv-heading2203_cda95b-0f mark.kt-highlight, .wp-block-kadence-advancedheading.kt-adv-heading2203_cda95b-0f[data-kb-block=\"kb-adv-heading2203_cda95b-0f\"] mark.kt-highlight{font-style:normal;color:#f76a0c;-webkit-box-decoration-break:clone;box-decoration-break:clone;padding-top:0px;padding-right:0px;padding-bottom:0px;padding-left:0px;}.wp-block-kadence-advancedheading.kt-adv-heading2203_cda95b-0f img.kb-inline-image, .wp-block-kadence-advancedheading.kt-adv-heading2203_cda95b-0f[data-kb-block=\"kb-adv-heading2203_cda95b-0f\"] img.kb-inline-image{width:150px;vertical-align:baseline;}<\/style>\n<p class=\"kt-adv-heading2203_cda95b-0f wp-block-kadence-advancedheading has-theme-palette-5-color has-text-color\" data-kb-block=\"kb-adv-heading2203_cda95b-0f\">Biliopankreatik Diversiyon-Duodenal Switch (BPD-DS) Ameliyat\u0131, ileri d\u00fczeyde kilo kayb\u0131 ve sa\u011fl\u0131k sorunlar\u0131n\u0131n iyile\u015ftirilmesi i\u00e7in tasarlanm\u0131\u015f etkili bir bariatrik cerrahi y\u00f6ntemdir. Hem mide hacmini azalt\u0131r hem de ba\u011f\u0131rsaklar\u0131n sindirim yap\u0131s\u0131n\u0131 de\u011fi\u015ftirerek besinlerin emilimini s\u0131n\u0131rlar.<\/p>\n\n\n<style>.wp-block-kadence-advancedbtn.kb-btns2203_ae3550-f8{gap:var(--global-kb-gap-xs, 0.5rem );justify-content:flex-start;align-items:center;}.kt-btns2203_ae3550-f8 .kt-button{font-weight:normal;font-style:normal;}.kt-btns2203_ae3550-f8 .kt-btn-wrap-0{margin-right:5px;}.wp-block-kadence-advancedbtn.kt-btns2203_ae3550-f8 .kt-btn-wrap-0 .kt-button{color:#555555;border-color:#555555;}.wp-block-kadence-advancedbtn.kt-btns2203_ae3550-f8 .kt-btn-wrap-0 .kt-button:hover, .wp-block-kadence-advancedbtn.kt-btns2203_ae3550-f8 .kt-btn-wrap-0 .kt-button:focus{color:#ffffff;border-color:#444444;}.wp-block-kadence-advancedbtn.kt-btns2203_ae3550-f8 .kt-btn-wrap-0 .kt-button::before{display:none;}.wp-block-kadence-advancedbtn.kt-btns2203_ae3550-f8 .kt-btn-wrap-0 .kt-button:hover, .wp-block-kadence-advancedbtn.kt-btns2203_ae3550-f8 .kt-btn-wrap-0 .kt-button:focus{background:#444444;}<\/style>\n<div class=\"wp-block-kadence-advancedbtn kb-buttons-wrap kb-btns2203_ae3550-f8\"><style>ul.menu .wp-block-kadence-advancedbtn .kb-btn2203_1d66bd-b4.kb-button{width:initial;}<\/style><span class=\"kb-button kt-button button kb-btn2203_1d66bd-b4 kt-btn-size-large kt-btn-width-type-auto kb-btn-global-fill  kt-btn-has-text-true kt-btn-has-svg-false  wp-block-kadence-singlebtn\"><span class=\"kt-btn-inner-text\">Ameliyat Hakk\u0131nda Soru Sor<\/span><\/span>\n\n<style>ul.menu .wp-block-kadence-advancedbtn .kb-btn2203_19de98-38.kb-button{width:initial;}.wp-block-kadence-advancedbtn .kb-btn2203_19de98-38.kb-button{color:var(--global-palette1, #3182CE);background:var(--global-palette9, #ffffff);}.wp-block-kadence-advancedbtn .kb-btn2203_19de98-38.kb-button:hover, .wp-block-kadence-advancedbtn .kb-btn2203_19de98-38.kb-button:focus{color:var(--global-palette9, #ffffff);}<\/style><a class=\"kb-button kt-button button kb-btn2203_19de98-38 kt-btn-size-large kt-btn-width-type-auto kb-btn-global-fill  kt-btn-has-text-true kt-btn-has-svg-false  wp-block-kadence-singlebtn\" href=\"https:\/\/istanbulobesitycenter.com\/oncesi-sonrasi\/\"><span class=\"kt-btn-inner-text\">\u00d6ncesi &amp; Sonras\u0131<\/span><\/a><\/div>\n<\/div><\/div>\n\n<\/div><\/div>\n\n\n<p><strong>Biliopankreatik Diversiyon-Duodenal Switch (BPD\/DS): Kapsaml\u0131 Bir Rehber<\/strong><\/p>\n\n\n\n<p>Biliopankreatik Diversiyon-Duodenal Switch (BPD\/DS), genellikle duodenal switch olarak bilinir, \u00f6nemli ve uzun s\u00fcreli kilo kayb\u0131 sa\u011flamak i\u00e7in tasarlanm\u0131\u015f karma\u015f\u0131k bir bariatrik cerrahidir. Bu prosed\u00fcr, sleeve gastrektomiyi ba\u011f\u0131rsak bypass\u0131 ile birle\u015ftirerek kalori emilimini azalt\u0131r ve g\u0131da al\u0131m\u0131n\u0131 s\u0131n\u0131rlar. BPD\/DS, kilo kayb\u0131 i\u00e7in etkili bir y\u00f6ntem olmakla birlikte, besin eksiklikleri riski nedeniyle takip bak\u0131m\u0131na g\u00fc\u00e7l\u00fc bir ba\u011fl\u0131l\u0131k gerektirir.<\/p>\n\n\n\n<hr class=\"wp-block-separator has-alpha-channel-opacity\"\/>\n\n\n\n<h3 class=\"wp-block-heading\"><strong>BPD\/DS Nedir?<\/strong><\/h3>\n\n\n\n<p>BPD\/DS iki a\u015famal\u0131 bir prosed\u00fcrd\u00fcr:<\/p>\n\n\n\n<ol class=\"wp-block-list\">\n<li><strong>Sleeve Gastrektomi:<\/strong> Cerrah, midenin yakla\u015f\u0131k %60-70&#8217;ini \u00e7\u0131kar\u0131r ve t\u00fcp \u015feklinde k\u00fc\u00e7\u00fck bir b\u00f6l\u00fcm b\u0131rak\u0131r. Bu, bir seferde t\u00fcketilebilecek g\u0131da miktar\u0131n\u0131 s\u0131n\u0131rlar ve tipik bir sleeve gastrektomiye benzer bir etki yarat\u0131r.<\/li>\n\n\n\n<li><strong>Ba\u011f\u0131rsak Bypass\u0131:<\/strong> Cerrah, ince ba\u011f\u0131rsa\u011f\u0131 yeniden yap\u0131land\u0131rarak b\u00fcy\u00fck bir k\u0131sm\u0131n\u0131 devre d\u0131\u015f\u0131 b\u0131rak\u0131r. Yiyeceklerin sindirim enzimleriyle kar\u0131\u015ft\u0131\u011f\u0131 k\u0131sa bir b\u00f6l\u00fcm b\u0131rak\u0131l\u0131r, bu da kalori, ya\u011f ve besin emilimini b\u00fcy\u00fck \u00f6l\u00e7\u00fcde azalt\u0131r.<\/li>\n<\/ol>\n\n\n\n<p>&#8220;Duodenal switch&#8221; ad\u0131, bypass\u0131n ince ba\u011f\u0131rsa\u011f\u0131n ilk b\u00f6l\u00fcm\u00fc olan duodenumda ba\u015flamas\u0131ndan gelir. Bu yap\u0131, mide \u00e7\u0131k\u0131\u015f\u0131n\u0131 kontrol eden pylorus\u2019un korunmas\u0131n\u0131 sa\u011flar ve gastric bypass gibi prosed\u00fcrlerde yayg\u0131n bir sorun olan dumping sendromu riskini azalt\u0131r.<\/p>\n\n\n\n<hr class=\"wp-block-separator has-alpha-channel-opacity\"\/>\n\n\n\n<h3 class=\"wp-block-heading\"><strong>BPD\/DS Kimler \u0130\u00e7in Uygundur?<\/strong><\/h3>\n\n\n\n<p>BPD\/DS genellikle \u015fu bireyler i\u00e7in \u00f6nerilir:<\/p>\n\n\n\n<ul class=\"wp-block-list\">\n<li><strong>BMI<\/strong> (V\u00fccut Kitle \u0130ndeksi) 50 ve \u00fczeri olan ciddi obezite hastalar\u0131.<\/li>\n\n\n\n<li>BMI 40 ve \u00fczeri olup tip 2 diyabet, kalp hastal\u0131\u011f\u0131 veya uyku apnesi gibi ciddi sa\u011fl\u0131k sorunlar\u0131 olan bireyler.<\/li>\n\n\n\n<li>Sleeve gastrektomiden sonra yeterli kilo kayb\u0131 sa\u011flayamayan hastalar.<\/li>\n<\/ul>\n\n\n\n<hr class=\"wp-block-separator has-alpha-channel-opacity\"\/>\n\n\n\n<h3 class=\"wp-block-heading\"><strong>Beklenen Kilo Kayb\u0131<\/strong><\/h3>\n\n\n\n<p>Duodenal switch, kal\u0131c\u0131 kilo kayb\u0131 a\u00e7\u0131s\u0131ndan en etkili y\u00f6ntemlerden biridir. \u00c7o\u011fu hasta, ameliyattan sonraki ilk iki y\u0131l i\u00e7inde fazla v\u00fccut a\u011f\u0131rl\u0131\u011f\u0131n\u0131n %60-80&#8217;ini kaybeder. Klinik \u00e7al\u0131\u015fmalar, fazla v\u00fccut a\u011f\u0131rl\u0131\u011f\u0131n\u0131n %70&#8217;inin ameliyattan 10 y\u0131l sonra bile korunabilece\u011fini g\u00f6stermektedir.<\/p>\n\n\n\n<hr class=\"wp-block-separator has-alpha-channel-opacity\"\/>\n\n\n\n<h3 class=\"wp-block-heading\"><strong>BPD\/DS\u2019nin Faydalar\u0131<\/strong><\/h3>\n\n\n\n<ul class=\"wp-block-list\">\n<li><strong>\u00dcst\u00fcn Kilo Kayb\u0131:<\/strong> BPD\/DS, bariatrik ameliyatlar aras\u0131nda en y\u00fcksek kilo kayb\u0131 sonu\u00e7lar\u0131n\u0131 sunar.<\/li>\n\n\n\n<li><strong>Uzun S\u00fcreli Sonu\u00e7lar:<\/strong> Kilo kayb\u0131n\u0131 uzun vadede korumada etkili bir y\u00f6ntemdir.<\/li>\n\n\n\n<li><strong>Sa\u011fl\u0131k Sorunlar\u0131nda \u0130yile\u015fme:<\/strong> \u00d6zellikle tip 2 diyabet, y\u00fcksek kolesterol ve y\u00fcksek tansiyon gibi obezite ile ili\u015fkili sa\u011fl\u0131k sorunlar\u0131n\u0131 \u00e7\u00f6zmede olduk\u00e7a faydal\u0131d\u0131r.<\/li>\n\n\n\n<li><strong>Pylorus Fonksiyonunun Korunmas\u0131:<\/strong> Di\u011fer prosed\u00fcrlerin aksine, BPD\/DS pylorus valfini korur, bu da dumping sendromu riskini azalt\u0131r.<\/li>\n<\/ul>\n\n\n\n<hr class=\"wp-block-separator has-alpha-channel-opacity\"\/>\n\n\n\n<h3 class=\"wp-block-heading\"><strong>Riskler ve Dikkat Edilmesi Gerekenler<\/strong><\/h3>\n\n\n\n<p>BPD\/DS etkili bir y\u00f6ntem olmakla birlikte baz\u0131 k\u0131sa ve uzun vadeli riskler ta\u015f\u0131r:<\/p>\n\n\n\n<ul class=\"wp-block-list\">\n<li><strong>Beslenme Eksiklikleri:<\/strong> Besinlerin emiliminin azalmas\u0131, A, D, E, K vitaminleri ile kalsiyum ve demir gibi minerallerin eksikli\u011fi riskini art\u0131r\u0131r. \u00d6m\u00fcr boyu takviye gereklidir.<\/li>\n\n\n\n<li><strong>Daha S\u0131k ve Gev\u015fek Ba\u011f\u0131rsak Hareketleri:<\/strong> Sindirimdeki de\u011fi\u015fiklikler nedeniyle hastalar daha s\u0131k ve gev\u015fek d\u0131\u015fk\u0131, ayr\u0131ca artan gaz \u015fikayetleri ya\u015fayabilir.<\/li>\n\n\n\n<li><strong>Maln\u00fctrisyon:<\/strong> Nadir durumlarda, yetersiz protein al\u0131m\u0131 nedeniyle protein-enerji maln\u00fctrisyonu geli\u015febilir.<\/li>\n\n\n\n<li><strong>Di\u011fer Cerrahi Riskler:<\/strong> Enfeksiyon, kan p\u0131ht\u0131lar\u0131, i\u00e7 kanama ve nadir durumlarda \u00f6l\u00fcm gibi riskler bulunur.<\/li>\n<\/ul>\n\n\n\n<hr class=\"wp-block-separator has-alpha-channel-opacity\"\/>\n\n\n\n<h3 class=\"wp-block-heading\"><strong>Ameliyat Sonras\u0131 \u0130yile\u015fme ve Bak\u0131m<\/strong><\/h3>\n\n\n\n<p>Ameliyattan sonra hastalar komplikasyonlar a\u00e7\u0131s\u0131ndan yak\u0131ndan izlenir. \u0130yile\u015fme s\u00fcreci, s\u0131v\u0131 diyetle ba\u015flay\u0131p yava\u015f\u00e7a yumu\u015fak ve kat\u0131 g\u0131dalara ge\u00e7i\u015f yap\u0131lmas\u0131n\u0131 i\u00e7erir. Besin eksikliklerini \u00f6nlemek i\u00e7in \u00f6m\u00fcr boyu vitamin ve mineral takviyeleri gereklidir ve hastalar\u0131n d\u00fczenli kan testleri ile beslenme durumlar\u0131n\u0131 takip etmeleri gerekir.<\/p>\n\n\n\n<p>ASMBS (Metabolik ve Bariatrik Cerrahi Derne\u011fi), BPD\/DS sonras\u0131 \u015fu takviyeleri \u00f6nermektedir:<\/p>\n\n\n\n<ul class=\"wp-block-list\">\n<li>G\u00fcnl\u00fck \u00f6nerilen de\u011ferlerin %200&#8217;\u00fcn\u00fc i\u00e7eren multivitaminler.<\/li>\n\n\n\n<li>Ameliyattan birka\u00e7 hafta sonra A, D, K vitamini ve kalsiyum takviyeleri.<\/li>\n\n\n\n<li>Anemi riski ta\u015f\u0131yanlar veya adet g\u00f6ren kad\u0131nlar i\u00e7in demir ve B12 takviyeleri.<\/li>\n<\/ul>\n\n\n\n<p>Ayr\u0131ca y\u00fcksek proteinli bir diyet s\u00fcrd\u00fcrmek ve d\u00fczenli t\u0131bbi kontroller yapmak uzun vadeli ba\u015far\u0131 i\u00e7in \u00e7ok \u00f6nemlidir.<\/p>\n\n\n\n<hr class=\"wp-block-separator has-alpha-channel-opacity\"\/>\n\n\n\n<h3 class=\"wp-block-heading\"><strong>BPD\/DS Size Uygun mu?<\/strong><\/h3>\n\n\n\n<p>BPD\/DS, di\u011fer kilo verme y\u00f6ntemlerinde ba\u015far\u0131l\u0131 sonu\u00e7 alamam\u0131\u015f ciddi obezite hastalar\u0131 i\u00e7in ideal bir \u00e7\u00f6z\u00fcm olabilir. Ancak, maln\u00fctrisyon riskleri ve ameliyat\u0131n karma\u015f\u0131kl\u0131\u011f\u0131 nedeniyle, hastalar\u0131n \u00f6m\u00fcr boyu s\u00fcrecek bir takip plan\u0131na, diyet de\u011fi\u015fikliklerine ve takviye program\u0131na ba\u011fl\u0131 kalmalar\u0131 \u015fartt\u0131r.<\/p>\n\n\n\n<p>BPD\/DS ameliyat\u0131n\u0131 d\u00fc\u015f\u00fcn\u00fcyorsan\u0131z, <strong>Istanbul Obesity Center<\/strong>\u2019daki uzmanlarla g\u00f6r\u00fc\u015ferek sa\u011fl\u0131k durumunuza ve kilo kayb\u0131 hedeflerinize uygun bir prosed\u00fcr olup olmad\u0131\u011f\u0131n\u0131 \u00f6\u011frenebilirsiniz.<\/p>\n","protected":false},"excerpt":{"rendered":"<p>Biliopankreatik Diversiyon-Duodenal Switch (BPD-DS) Ameliyat\u0131 Biliopankreatik Diversiyon-Duodenal Switch (BPD-DS) Ameliyat\u0131, ileri d\u00fczeyde kilo kayb\u0131 ve sa\u011fl\u0131k sorunlar\u0131n\u0131n iyile\u015ftirilmesi i\u00e7in tasarlanm\u0131\u015f etkili bir bariatrik cerrahi y\u00f6ntemdir. Hem mide hacmini azalt\u0131r hem de ba\u011f\u0131rsaklar\u0131n sindirim yap\u0131s\u0131n\u0131 de\u011fi\u015ftirerek besinlerin emilimini s\u0131n\u0131rlar. Biliopankreatik Diversiyon-Duodenal Switch (BPD\/DS): Kapsaml\u0131 Bir Rehber Biliopankreatik Diversiyon-Duodenal Switch (BPD\/DS), genellikle duodenal switch olarak bilinir, \u00f6nemli&#8230;<\/p>\n","protected":false},"author":1,"featured_media":2204,"parent":0,"menu_order":0,"comment_status":"closed","ping_status":"closed","template":"","meta":{"_kad_blocks_custom_css":"","_kad_blocks_head_custom_js":"","_kad_blocks_body_custom_js":"","_kad_blocks_footer_custom_js":"","_kadence_starter_templates_imported_post":false,"_kad_post_transparent":"","_kad_post_title":"","_kad_post_layout":"","_kad_post_sidebar_id":"","_kad_post_content_style":"","_kad_post_vertical_padding":"","_kad_post_feature":"","_kad_post_feature_position":"","_kad_post_header":false,"_kad_post_footer":false,"footnotes":""},"class_list":["post-2203","page","type-page","status-publish","has-post-thumbnail","hentry"],"taxonomy_info":[],"featured_image_src_large":["https:\/\/istanbulobesitycenter.com\/wp-content\/uploads\/2024\/12\/Bilio-Pancreatic-Diversion-with-Duodenal-Switch.webp",1024,683,false],"author_info":{"display_name":"IOC","author_link":"https:\/\/istanbulobesitycenter.com\/tr\/author\/admin\/"},"comment_info":0,"_links":{"self":[{"href":"https:\/\/istanbulobesitycenter.com\/tr\/wp-json\/wp\/v2\/pages\/2203","targetHints":{"allow":["GET"]}}],"collection":[{"href":"https:\/\/istanbulobesitycenter.com\/tr\/wp-json\/wp\/v2\/pages"}],"about":[{"href":"https:\/\/istanbulobesitycenter.com\/tr\/wp-json\/wp\/v2\/types\/page"}],"author":[{"embeddable":true,"href":"https:\/\/istanbulobesitycenter.com\/tr\/wp-json\/wp\/v2\/users\/1"}],"replies":[{"embeddable":true,"href":"https:\/\/istanbulobesitycenter.com\/tr\/wp-json\/wp\/v2\/comments?post=2203"}],"version-history":[{"count":0,"href":"https:\/\/istanbulobesitycenter.com\/tr\/wp-json\/wp\/v2\/pages\/2203\/revisions"}],"wp:featuredmedia":[{"embeddable":true,"href":"https:\/\/istanbulobesitycenter.com\/tr\/wp-json\/wp\/v2\/media\/2204"}],"wp:attachment":[{"href":"https:\/\/istanbulobesitycenter.com\/tr\/wp-json\/wp\/v2\/media?parent=2203"}],"curies":[{"name":"wp","href":"https:\/\/api.w.org\/{rel}","templated":true}]}}