{"id":22494,"date":"2025-01-27T07:14:27","date_gmt":"2025-01-27T07:14:27","guid":{"rendered":"https:\/\/istanbulobesitycenter.com\/gokmen-ozturk-doc-dr\/"},"modified":"2025-05-01T09:50:07","modified_gmt":"2025-05-01T09:50:07","slug":"gokmen-ozturk-doc-dr","status":"publish","type":"page","link":"https:\/\/istanbulobesitycenter.com\/tr\/gokmen-ozturk-doc-dr\/","title":{"rendered":"G\u00f6kmen \u00d6zt\u00fcrk, Do\u00e7. Dr."},"content":{"rendered":"<style>.kb-row-layout-id22482_a3297f-81 > .kt-row-column-wrap{align-content:start;}:where(.kb-row-layout-id22482_a3297f-81 > .kt-row-column-wrap) > .wp-block-kadence-column{justify-content:start;}.kb-row-layout-id22482_a3297f-81 > .kt-row-column-wrap{column-gap:var(--global-kb-gap-none, 0rem );row-gap:var(--global-kb-gap-md, 2rem);padding-top:0px;padding-right:0px;padding-bottom:0px;padding-left:0px;grid-template-columns:minmax(0, calc(37.1% - ((var(--global-kb-gap-none, 0rem ) * 1 )\/2)))minmax(0, calc(62.9% - ((var(--global-kb-gap-none, 0rem ) * 1 )\/2)));}.kb-row-layout-id22482_a3297f-81{border-top-left-radius:10px;border-top-right-radius:10px;border-bottom-right-radius:10px;border-bottom-left-radius:10px;overflow:clip;isolation:isolate;}.kb-row-layout-id22482_a3297f-81 > .kt-row-layout-overlay{border-top-left-radius:10px;border-top-right-radius:10px;border-bottom-right-radius:10px;border-bottom-left-radius:10px;}.kb-row-layout-id22482_a3297f-81 > .kt-row-layout-overlay{opacity:0.30;}@media all and (max-width: 1024px){.kb-row-layout-id22482_a3297f-81 > .kt-row-column-wrap{grid-template-columns:minmax(0, 1fr);}}@media all and (max-width: 767px){.kb-row-layout-id22482_a3297f-81 > .kt-row-column-wrap{grid-template-columns:minmax(0, 1fr);}}<\/style><div class=\"kb-row-layout-wrap kb-row-layout-id22482_a3297f-81 alignnone has-theme-palette1-background-color kt-row-has-bg wp-block-kadence-rowlayout\"><div class=\"kt-row-column-wrap kt-has-2-columns kt-row-layout-equal kt-tab-layout-row kt-mobile-layout-row kt-row-valign-top\">\n<style>.kadence-column22482_a591d1-44 > .kt-inside-inner-col{padding-top:40px;padding-right:30px;padding-bottom:87px;padding-left:30px;}.kadence-column22482_a591d1-44 > .kt-inside-inner-col,.kadence-column22482_a591d1-44 > .kt-inside-inner-col:before{border-top-left-radius:10px;border-top-right-radius:0px;border-bottom-right-radius:0px;border-bottom-left-radius:10px;}.kadence-column22482_a591d1-44 > .kt-inside-inner-col{column-gap:var(--global-kb-gap-sm, 1rem);}.kadence-column22482_a591d1-44 > .kt-inside-inner-col{flex-direction:column;}.kadence-column22482_a591d1-44 > .kt-inside-inner-col > .aligncenter{width:100%;}.kadence-column22482_a591d1-44 > .kt-inside-inner-col{background-color:#0a1d4c;}.kadence-column22482_a591d1-44 > .kt-inside-inner-col:before{opacity:0.3;}.kadence-column22482_a591d1-44{position:relative;}@media all and (max-width: 1024px){.kadence-column22482_a591d1-44 > .kt-inside-inner-col{padding-top:0px;padding-right:0px;padding-bottom:20px;padding-left:0px;flex-direction:column;justify-content:center;}}@media all and (max-width: 1024px){.kadence-column22482_a591d1-44, .kt-inside-inner-col > .kadence-column22482_a591d1-44:not(.specificity){margin-top:0px;margin-right:0px;margin-bottom:0px;margin-left:0px;}}@media all and (max-width: 767px){.kadence-column22482_a591d1-44 > .kt-inside-inner-col{padding-top:40px;padding-right:60px;padding-bottom:20px;padding-left:60px;flex-direction:column;justify-content:center;}.kadence-column22482_a591d1-44, .kt-inside-inner-col > .kadence-column22482_a591d1-44:not(.specificity){margin-right:0px;margin-left:0px;}}<\/style>\n<div class=\"wp-block-kadence-column kadence-column22482_a591d1-44 inner-column-1\"><div class=\"kt-inside-inner-col\"><style>.wp-block-kadence-image.kb-image22482_2d3a46-b2:not(.kb-specificity-added):not(.kb-extra-specificity-added){margin-top:0px;margin-right:40px;margin-bottom:25px;margin-left:40px;}.kb-image22482_2d3a46-b2:not(.kb-image-is-ratio-size) .kb-img, .kb-image22482_2d3a46-b2.kb-image-is-ratio-size{padding-top:0px;padding-right:0px;padding-bottom:0px;padding-left:0px;}.kb-image22482_2d3a46-b2 .kb-image-has-overlay:after{opacity:0.3;border-top-left-radius:200px;border-top-right-radius:200px;border-bottom-right-radius:200px;border-bottom-left-radius:200px;}.kb-image22482_2d3a46-b2 img.kb-img, .kb-image22482_2d3a46-b2 .kb-img img{border-top-color:rgba(0,0,0,0);border-top-style:solid;border-right-color:rgba(0,0,0,0);border-right-style:solid;border-bottom-color:rgba(0,0,0,0);border-bottom-style:solid;border-left-color:rgba(0,0,0,0);border-left-style:solid;border-top-left-radius:200px;border-top-right-radius:200px;border-bottom-right-radius:200px;border-bottom-left-radius:200px;}@media all and (max-width: 1024px){.wp-block-kadence-image.kb-image22482_2d3a46-b2:not(.kb-specificity-added):not(.kb-extra-specificity-added){margin-top:0px;margin-right:0px;margin-bottom:0px;margin-left:50px;}}@media all and (max-width: 1024px){.kb-image22482_2d3a46-b2.kb-image-is-ratio-size, .kb-image22482_2d3a46-b2 .kb-image-is-ratio-size{max-width:200px;width:100%;}}@media all and (max-width: 1024px){.kb-image22482_2d3a46-b2{max-width:200px;}}@media all and (max-width: 1024px){.kb-image22482_2d3a46-b2:not(.kb-image-is-ratio-size) .kb-img, .kb-image22482_2d3a46-b2.kb-image-is-ratio-size{padding-top:60px;padding-right:60px;padding-bottom:60px;padding-left:60px;}}@media all and (max-width: 1024px){.kb-image22482_2d3a46-b2 img.kb-img, .kb-image22482_2d3a46-b2 .kb-img img{border-top-color:rgba(0,0,0,0);border-top-style:solid;border-right-color:rgba(0,0,0,0);border-right-style:solid;border-bottom-color:rgba(0,0,0,0);border-bottom-style:solid;border-left-color:rgba(0,0,0,0);border-left-style:solid;}}@media all and (max-width: 767px){.wp-block-kadence-image.kb-image22482_2d3a46-b2:not(.kb-specificity-added):not(.kb-extra-specificity-added){margin-top:0px;margin-right:0px;margin-bottom:20px;margin-left:20px;}.kb-image22482_2d3a46-b2.kb-image-is-ratio-size, .kb-image22482_2d3a46-b2 .kb-image-is-ratio-size{max-width:100px;width:100%;}.kb-image22482_2d3a46-b2{max-width:100px;}.kb-image22482_2d3a46-b2:not(.kb-image-is-ratio-size) .kb-img, .kb-image22482_2d3a46-b2.kb-image-is-ratio-size{padding-top:0px;padding-right:0px;padding-bottom:0px;padding-left:0px;}.kb-image22482_2d3a46-b2 img.kb-img, .kb-image22482_2d3a46-b2 .kb-img img{border-top-color:rgba(0,0,0,0);border-top-style:solid;border-right-color:rgba(0,0,0,0);border-right-style:solid;border-bottom-color:rgba(0,0,0,0);border-bottom-style:solid;border-left-color:rgba(0,0,0,0);border-left-style:solid;}}<\/style>\n<figure class=\"wp-block-kadence-image kb-image22482_2d3a46-b2 kb-image-is-ratio-size\"><div class=\"kb-is-ratio-image kb-image-ratio-square\"><img decoding=\"async\" src=\"https:\/\/istanbulobesitycenter.com\/wp-content\/uploads\/2025\/01\/gokmen-ozturk-md1.webp\" alt=\"gokmen ozturk md1\" class=\"kb-img wp-image-22476\"><\/div><\/figure>\n\n\n<style>.wp-block-kadence-advancedheading.kt-adv-heading22482_f6fb7b-5a, .wp-block-kadence-advancedheading.kt-adv-heading22482_f6fb7b-5a[data-kb-block=\"kb-adv-heading22482_f6fb7b-5a\"]{padding-top:0px;padding-right:0px;padding-bottom:0px;padding-left:0px;margin-top:0px;margin-right:0px;margin-bottom:10px;margin-left:0px;text-align:center;font-style:normal;text-transform:capitalize;}.wp-block-kadence-advancedheading.kt-adv-heading22482_f6fb7b-5a mark.kt-highlight, .wp-block-kadence-advancedheading.kt-adv-heading22482_f6fb7b-5a[data-kb-block=\"kb-adv-heading22482_f6fb7b-5a\"] mark.kt-highlight{font-style:normal;color:#f76a0c;-webkit-box-decoration-break:clone;box-decoration-break:clone;padding-top:0px;padding-right:0px;padding-bottom:0px;padding-left:0px;}.wp-block-kadence-advancedheading.kt-adv-heading22482_f6fb7b-5a img.kb-inline-image, .wp-block-kadence-advancedheading.kt-adv-heading22482_f6fb7b-5a[data-kb-block=\"kb-adv-heading22482_f6fb7b-5a\"] img.kb-inline-image{width:150px;vertical-align:baseline;}<\/style>\n<h5 class=\"kt-adv-heading22482_f6fb7b-5a wp-block-kadence-advancedheading has-theme-palette-9-color has-text-color\" data-kb-block=\"kb-adv-heading22482_f6fb7b-5a\">G\u00f6kmen \u00d6zt\u00fcrk,  <strong>Do\u00e7. Dr. <\/strong><\/h5>\n\n\n<style>.wp-block-kadence-advancedheading.kt-adv-heading22482_9e3221-ce, .wp-block-kadence-advancedheading.kt-adv-heading22482_9e3221-ce[data-kb-block=\"kb-adv-heading22482_9e3221-ce\"]{padding-bottom:0px;margin-bottom:15px;text-align:center;font-style:normal;color:#30f2f2;}.wp-block-kadence-advancedheading.kt-adv-heading22482_9e3221-ce mark.kt-highlight, .wp-block-kadence-advancedheading.kt-adv-heading22482_9e3221-ce[data-kb-block=\"kb-adv-heading22482_9e3221-ce\"] mark.kt-highlight{font-style:normal;color:#f76a0c;-webkit-box-decoration-break:clone;box-decoration-break:clone;padding-top:0px;padding-right:0px;padding-bottom:0px;padding-left:0px;}.wp-block-kadence-advancedheading.kt-adv-heading22482_9e3221-ce img.kb-inline-image, .wp-block-kadence-advancedheading.kt-adv-heading22482_9e3221-ce[data-kb-block=\"kb-adv-heading22482_9e3221-ce\"] img.kb-inline-image{width:150px;vertical-align:baseline;}<\/style>\n<p class=\"kt-adv-heading22482_9e3221-ce wp-block-kadence-advancedheading\" data-kb-block=\"kb-adv-heading22482_9e3221-ce\">Genel Cerrahi Uzman\u0131<\/p>\n\n\n<style>.wp-block-kadence-advancedbtn.kb-btns22482_a6ba59-4e{gap:var(--global-kb-gap-xs, 0.5rem );justify-content:center;align-items:center;}.kt-btns22482_a6ba59-4e .kt-button{font-weight:normal;font-style:normal;}<\/style>\n<div class=\"wp-block-kadence-advancedbtn kb-buttons-wrap kb-btns22482_a6ba59-4e\"><style>ul.menu .wp-block-kadence-advancedbtn .kb-btn22482_edc0f9-2b.kb-button{width:initial;}.wp-block-kadence-advancedbtn .kb-btn22482_edc0f9-2b.kb-button{color:#000000;background:#30f2f2;padding-top:15px;padding-right:25px;padding-bottom:15px;padding-left:25px;}.wp-block-kadence-advancedbtn .kb-btn22482_edc0f9-2b.kb-button:hover, .wp-block-kadence-advancedbtn .kb-btn22482_edc0f9-2b.kb-button:focus{background:#e30613;}<\/style><a class=\"kb-button kt-button button kb-btn22482_edc0f9-2b kt-btn-size-standard kt-btn-width-type-auto kb-btn-global-inherit  kt-btn-has-text-true kt-btn-has-svg-false  wp-block-button__link wp-block-kadence-singlebtn\" href=\"https:\/\/istanbulobesitycenter.com\/tr\/\"><span class=\"kt-btn-inner-text\">Whatsapp<\/span><\/a><\/div>\n<\/div><\/div>\n\n\n<style>.kadence-column22482_25eafd-f7 > .kt-inside-inner-col{padding-top:40px;padding-right:50px;padding-bottom:50px;padding-left:50px;}.kadence-column22482_25eafd-f7 > .kt-inside-inner-col{border-top:1px solid var(--global-palette7, #EDF2F7);border-right:1px solid var(--global-palette7, #EDF2F7);border-bottom:1px solid var(--global-palette7, #EDF2F7);}.kadence-column22482_25eafd-f7 > .kt-inside-inner-col,.kadence-column22482_25eafd-f7 > .kt-inside-inner-col:before{border-top-left-radius:0px;border-top-right-radius:5px;border-bottom-right-radius:5px;border-bottom-left-radius:0px;}.kadence-column22482_25eafd-f7 > .kt-inside-inner-col{column-gap:var(--global-kb-gap-sm, 1rem);}.kadence-column22482_25eafd-f7 > .kt-inside-inner-col{flex-direction:column;}.kadence-column22482_25eafd-f7 > .kt-inside-inner-col > .aligncenter{width:100%;}.kadence-column22482_25eafd-f7 > .kt-inside-inner-col{background-color:var(--global-palette9, #ffffff);}.kadence-column22482_25eafd-f7 > .kt-inside-inner-col:before{opacity:0.3;}.kadence-column22482_25eafd-f7{position:relative;}@media all and (max-width: 1024px){.kadence-column22482_25eafd-f7 > .kt-inside-inner-col{border-top:1px solid var(--global-palette7, #EDF2F7);border-right:1px solid var(--global-palette7, #EDF2F7);border-bottom:1px solid var(--global-palette7, #EDF2F7);flex-direction:column;justify-content:center;}}@media all and (max-width: 767px){.kadence-column22482_25eafd-f7 > .kt-inside-inner-col{border-top:1px solid var(--global-palette7, #EDF2F7);border-right:1px solid var(--global-palette7, #EDF2F7);border-bottom:1px solid var(--global-palette7, #EDF2F7);flex-direction:column;justify-content:center;}}<\/style>\n<div class=\"wp-block-kadence-column kadence-column22482_25eafd-f7 inner-column-2\"><div class=\"kt-inside-inner-col\"><style>.wp-block-kadence-advancedheading.kt-adv-heading22482_e7f3b6-d4, .wp-block-kadence-advancedheading.kt-adv-heading22482_e7f3b6-d4[data-kb-block=\"kb-adv-heading22482_e7f3b6-d4\"]{font-style:normal;}.wp-block-kadence-advancedheading.kt-adv-heading22482_e7f3b6-d4 mark.kt-highlight, .wp-block-kadence-advancedheading.kt-adv-heading22482_e7f3b6-d4[data-kb-block=\"kb-adv-heading22482_e7f3b6-d4\"] mark.kt-highlight{font-style:normal;color:#f76a0c;-webkit-box-decoration-break:clone;box-decoration-break:clone;padding-top:0px;padding-right:0px;padding-bottom:0px;padding-left:0px;}.wp-block-kadence-advancedheading.kt-adv-heading22482_e7f3b6-d4 img.kb-inline-image, .wp-block-kadence-advancedheading.kt-adv-heading22482_e7f3b6-d4[data-kb-block=\"kb-adv-heading22482_e7f3b6-d4\"] img.kb-inline-image{width:150px;vertical-align:baseline;}@media all and (max-width: 767px){.wp-block-kadence-advancedheading.kt-adv-heading22482_e7f3b6-d4, .wp-block-kadence-advancedheading.kt-adv-heading22482_e7f3b6-d4[data-kb-block=\"kb-adv-heading22482_e7f3b6-d4\"]{text-align:center!important;}}<\/style>\n<h4 class=\"kt-adv-heading22482_e7f3b6-d4 wp-block-kadence-advancedheading\" data-kb-block=\"kb-adv-heading22482_e7f3b6-d4\"><strong>E\u011fitim<\/strong><\/h4>\n\n\n<style>.wp-block-kadence-iconlist.kt-svg-icon-list-items22482_229039-30:not(.this-stops-third-party-issues){margin-top:0px;margin-bottom:0px;}.wp-block-kadence-iconlist.kt-svg-icon-list-items22482_229039-30 ul.kt-svg-icon-list:not(.this-prevents-issues):not(.this-stops-third-party-issues):not(.tijsloc){margin-top:0px;margin-right:0px;margin-bottom:10px;margin-left:0px;}.wp-block-kadence-iconlist.kt-svg-icon-list-items22482_229039-30 ul.kt-svg-icon-list{grid-row-gap:6px;}.wp-block-kadence-iconlist.kt-svg-icon-list-items22482_229039-30 ul.kt-svg-icon-list .kt-svg-icon-list-item-wrap .kt-svg-icon-list-single{margin-right:10px;}.kt-svg-icon-list-items22482_229039-30 ul.kt-svg-icon-list .kt-svg-icon-list-item-wrap, .kt-svg-icon-list-items22482_229039-30 ul.kt-svg-icon-list .kt-svg-icon-list-item-wrap a{color:var(--global-palette3, #1A202C);color:var(--global-palette3, #1A202C);}<\/style>\n<div class=\"wp-block-kadence-iconlist kt-svg-icon-list-items kt-svg-icon-list-items22482_229039-30 kt-svg-icon-list-columns-1 alignnone\"><ul class=\"kt-svg-icon-list\"><style>.kt-svg-icon-list-item-22482_0271ec-24 .kt-svg-icon-list-single{font-size:12px !important;color:#44d9f9 !important;}.kt-svg-icon-list-item-22482_0271ec-24 .kt-svg-icon-list-text mark.kt-highlight{background-color:unset;font-style:normal;color:#f76a0c;-webkit-box-decoration-break:clone;box-decoration-break:clone;padding-top:0px;padding-right:0px;padding-bottom:0px;padding-left:0px;}<\/style>\n<li class=\"wp-block-kadence-listitem kt-svg-icon-list-item-wrap kt-svg-icon-list-item-22482_0271ec-24 kt-svg-icon-list-style-default\"><span class=\"kb-svg-icon-wrap kb-svg-icon-fas_circle kt-svg-icon-list-single\"><svg viewBox=\"0 0 512 512\"  fill=\"currentColor\" xmlns=\"http:\/\/www.w3.org\/2000\/svg\"  aria-hidden=\"true\"><path d=\"M256 8C119 8 8 119 8 256s111 248 248 248 248-111 248-248S393 8 256 8z\"\/><\/svg><\/span><span class=\"kt-svg-icon-list-text\">Uluda\u011f \u00dcniversitesi<\/span><\/li>\n\n\n<style>.kt-svg-icon-list-item-22482_2ba123-67 .kt-svg-icon-list-single{font-size:12px !important;color:#44d9f9 !important;}.kt-svg-icon-list-item-22482_2ba123-67 .kt-svg-icon-list-text mark.kt-highlight{background-color:unset;font-style:normal;color:#f76a0c;-webkit-box-decoration-break:clone;box-decoration-break:clone;padding-top:0px;padding-right:0px;padding-bottom:0px;padding-left:0px;}<\/style>\n<li class=\"wp-block-kadence-listitem kt-svg-icon-list-item-wrap kt-svg-icon-list-item-22482_2ba123-67 kt-svg-icon-list-style-default\"><span class=\"kb-svg-icon-wrap kb-svg-icon-fas_circle kt-svg-icon-list-single\"><svg viewBox=\"0 0 512 512\"  fill=\"currentColor\" xmlns=\"http:\/\/www.w3.org\/2000\/svg\"  aria-hidden=\"true\"><path d=\"M256 8C119 8 8 119 8 256s111 248 248 248 248-111 248-248S393 8 256 8z\"\/><\/svg><\/span><span class=\"kt-svg-icon-list-text\">Obezite, Kanser, F\u0131t\u0131k, Laparoskopik Cerrahi<\/span><\/li>\n<\/ul><\/div>\n\n\n<style>.wp-block-kadence-advancedheading.kt-adv-heading22482_26384e-b1, .wp-block-kadence-advancedheading.kt-adv-heading22482_26384e-b1[data-kb-block=\"kb-adv-heading22482_26384e-b1\"]{font-style:normal;}.wp-block-kadence-advancedheading.kt-adv-heading22482_26384e-b1 mark.kt-highlight, .wp-block-kadence-advancedheading.kt-adv-heading22482_26384e-b1[data-kb-block=\"kb-adv-heading22482_26384e-b1\"] mark.kt-highlight{font-style:normal;color:#f76a0c;-webkit-box-decoration-break:clone;box-decoration-break:clone;padding-top:0px;padding-right:0px;padding-bottom:0px;padding-left:0px;}.wp-block-kadence-advancedheading.kt-adv-heading22482_26384e-b1 img.kb-inline-image, .wp-block-kadence-advancedheading.kt-adv-heading22482_26384e-b1[data-kb-block=\"kb-adv-heading22482_26384e-b1\"] img.kb-inline-image{width:150px;vertical-align:baseline;}@media all and (max-width: 767px){.wp-block-kadence-advancedheading.kt-adv-heading22482_26384e-b1, .wp-block-kadence-advancedheading.kt-adv-heading22482_26384e-b1[data-kb-block=\"kb-adv-heading22482_26384e-b1\"]{text-align:center!important;}}<\/style>\n<h5 class=\"kt-adv-heading22482_26384e-b1 wp-block-kadence-advancedheading\" data-kb-block=\"kb-adv-heading22482_26384e-b1\"><strong>Uzmanl\u0131k alan\u0131:<\/strong><\/h5>\n\n\n<style>.wp-block-kadence-iconlist.kt-svg-icon-list-items22482_229473-11:not(.this-stops-third-party-issues){margin-top:0px;margin-bottom:0px;}.wp-block-kadence-iconlist.kt-svg-icon-list-items22482_229473-11 ul.kt-svg-icon-list:not(.this-prevents-issues):not(.this-stops-third-party-issues):not(.tijsloc){margin-top:0px;margin-right:0px;margin-bottom:10px;margin-left:0px;}.wp-block-kadence-iconlist.kt-svg-icon-list-items22482_229473-11 ul.kt-svg-icon-list{grid-row-gap:6px;}.wp-block-kadence-iconlist.kt-svg-icon-list-items22482_229473-11 ul.kt-svg-icon-list .kt-svg-icon-list-item-wrap .kt-svg-icon-list-single{margin-right:10px;}.kt-svg-icon-list-items22482_229473-11 ul.kt-svg-icon-list .kt-svg-icon-list-item-wrap, .kt-svg-icon-list-items22482_229473-11 ul.kt-svg-icon-list .kt-svg-icon-list-item-wrap a{color:var(--global-palette3, #1A202C);color:var(--global-palette3, #1A202C);}<\/style>\n<div class=\"wp-block-kadence-iconlist kt-svg-icon-list-items kt-svg-icon-list-items22482_229473-11 kt-svg-icon-list-columns-1 alignnone\"><ul class=\"kt-svg-icon-list\"><style>.kt-svg-icon-list-item-22482_e40ed9-5b .kt-svg-icon-list-single{font-size:12px !important;color:#44d9f9 !important;}.kt-svg-icon-list-item-22482_e40ed9-5b .kt-svg-icon-list-text mark.kt-highlight{background-color:unset;font-style:normal;color:#f76a0c;-webkit-box-decoration-break:clone;box-decoration-break:clone;padding-top:0px;padding-right:0px;padding-bottom:0px;padding-left:0px;}<\/style>\n<li class=\"wp-block-kadence-listitem kt-svg-icon-list-item-wrap kt-svg-icon-list-item-22482_e40ed9-5b kt-svg-icon-list-style-default\"><span class=\"kb-svg-icon-wrap kb-svg-icon-fas_circle kt-svg-icon-list-single\"><svg viewBox=\"0 0 512 512\"  fill=\"currentColor\" xmlns=\"http:\/\/www.w3.org\/2000\/svg\"  aria-hidden=\"true\"><path d=\"M256 8C119 8 8 119 8 256s111 248 248 248 248-111 248-248S393 8 256 8z\"\/><\/svg><\/span><span class=\"kt-svg-icon-list-text\">Obezite ve Metabolik Ameliyatlar<\/span><\/li>\n\n\n<style>.kt-svg-icon-list-item-22482_4995ae-16 .kt-svg-icon-list-single{font-size:12px !important;color:#44d9f9 !important;}.kt-svg-icon-list-item-22482_4995ae-16 .kt-svg-icon-list-text mark.kt-highlight{background-color:unset;font-style:normal;color:#f76a0c;-webkit-box-decoration-break:clone;box-decoration-break:clone;padding-top:0px;padding-right:0px;padding-bottom:0px;padding-left:0px;}<\/style>\n<li class=\"wp-block-kadence-listitem kt-svg-icon-list-item-wrap kt-svg-icon-list-item-22482_4995ae-16 kt-svg-icon-list-style-default\"><span class=\"kb-svg-icon-wrap kb-svg-icon-fas_circle kt-svg-icon-list-single\"><svg viewBox=\"0 0 512 512\"  fill=\"currentColor\" xmlns=\"http:\/\/www.w3.org\/2000\/svg\"  aria-hidden=\"true\"><path d=\"M256 8C119 8 8 119 8 256s111 248 248 248 248-111 248-248S393 8 256 8z\"\/><\/svg><\/span><span class=\"kt-svg-icon-list-text\">Bariatrik Ameliyatlar<\/span><\/li>\n\n\n<style>.kt-svg-icon-list-item-22482_4b397d-37 .kt-svg-icon-list-single{font-size:12px !important;color:#44d9f9 !important;}.kt-svg-icon-list-item-22482_4b397d-37 .kt-svg-icon-list-text mark.kt-highlight{background-color:unset;font-style:normal;color:#f76a0c;-webkit-box-decoration-break:clone;box-decoration-break:clone;padding-top:0px;padding-right:0px;padding-bottom:0px;padding-left:0px;}<\/style>\n<li class=\"wp-block-kadence-listitem kt-svg-icon-list-item-wrap kt-svg-icon-list-item-22482_4b397d-37 kt-svg-icon-list-style-default\"><span class=\"kb-svg-icon-wrap kb-svg-icon-fas_circle kt-svg-icon-list-single\"><svg viewBox=\"0 0 512 512\"  fill=\"currentColor\" xmlns=\"http:\/\/www.w3.org\/2000\/svg\"  aria-hidden=\"true\"><path d=\"M256 8C119 8 8 119 8 256s111 248 248 248 248-111 248-248S393 8 256 8z\"\/><\/svg><\/span><span class=\"kt-svg-icon-list-text\">Ankilostomiyaz<\/span><\/li>\n<\/ul><\/div>\n<\/div><\/div>\n\n<\/div><\/div>\n<h1 class=\"wp-block-heading\">Kim bu  <strong>Do\u00e7. Dr. <\/strong>  G\u00f6kmen \u00d6zt\u00fcrk?<\/h1>\n\n<p>Do\u00e7ent G\u00f6kmen \u00d6ZT\u00dcRK, 15.01.1971 \u0130stanbul do\u011fumludur. \u00c7al\u0131\u015fma hayat\u0131na Okmeydan\u0131 E\u011fitim ve Ara\u015ft\u0131rma Hastanesi&#8217;nde asistan doktor olarak ba\u015flad\u0131. <\/p>\n\n<h3 class=\"wp-block-heading\"><strong>Kat\u0131l\u0131m Sa\u011flanan E\u011fitimler<\/strong><\/h3>\n\n<ul class=\"wp-block-list\">\n<li>Temple \u00dcniversitesi T\u0131p Fak\u00fcltesi Laparoskopik ve Minimal \u0130nvaziv Cerrahi (2002)<\/li>\n\n\n\n<li>Avrupa TeleCerrahi Enstit\u00fcs\u00fc Metabolik Cerrahi Bariatrik Kurslar\u0131 (2012)<\/li>\n\n\n\n<li>Avrupa TeleCerrahi Kurumlar\u0131 \u0130leri Kolorektal Cerrahi Kurslar\u0131 (2012)<\/li>\n\n\n\n<li>Case Davinci Robotik Cerrahi Kurslar\u0131 (2014)<\/li>\n\n\n\n<li>Ven\u00f6z Hastal\u0131klar ve Endovask\u00fcler Cerrahi Kursu (2015)<\/li>\n\n\n\n<li>T\u00fcrk Kolorektal Cerrahi Derne\u011fi \u00dcyeli\u011fi<\/li>\n\n\n\n<li>T\u00fcrk Cerrahi Derne\u011fi \u00dcyeli\u011fi<\/li>\n\n\n\n<li>Hepatopankreatikobilier Cerrahi Derne\u011fi \u00dcyeli\u011fi<\/li>\n\n\n\n<li>Travma ve Acil Cerrahi Derne\u011fi \u00dcyeli\u011fi<\/li>\n<\/ul>\n\n<hr class=\"wp-block-separator has-alpha-channel-opacity\"\/>\n\n<p><strong>Daha \u00f6nce ka\u00e7 tane ve hangi ameliyat\u0131 yapt\u0131?<\/strong><\/p>\n\n<ul class=\"wp-block-list\">\n<li>Laparoskopik Kolon Rezeksiyonu est. 107+<\/li>\n\n\n\n<li>Laparoskopik Total Gastrik Rezeksiyon est. 100+<\/li>\n\n\n\n<li>Laparoskopik Sleeve Gastrektomi est. 1150+<\/li>\n\n\n\n<li>Laparoskopik Mini Gastrik ByPass est. 780+<\/li>\n\n\n\n<li>Laparoskopik Roux-en Y Gastrik ByPass est. 1200+<\/li>\n\n\n\n<li>Laparoskopik Kolesistektomi est. 1550+<\/li>\n<\/ul>\n","protected":false},"excerpt":{"rendered":"<p>G\u00f6kmen \u00d6zt\u00fcrk, Do\u00e7. Dr. Genel Cerrahi Uzman\u0131 E\u011fitim Uzmanl\u0131k alan\u0131: Kim bu Do\u00e7. Dr. G\u00f6kmen \u00d6zt\u00fcrk? Do\u00e7ent G\u00f6kmen \u00d6ZT\u00dcRK, 15.01.1971 \u0130stanbul do\u011fumludur. \u00c7al\u0131\u015fma hayat\u0131na Okmeydan\u0131 E\u011fitim ve Ara\u015ft\u0131rma Hastanesi&#8217;nde asistan doktor olarak ba\u015flad\u0131. Kat\u0131l\u0131m Sa\u011flanan E\u011fitimler Daha \u00f6nce ka\u00e7 tane ve hangi ameliyat\u0131 yapt\u0131?<\/p>\n","protected":false},"author":1,"featured_media":23191,"parent":0,"menu_order":0,"comment_status":"closed","ping_status":"closed","template":"","meta":{"_kad_blocks_custom_css":"","_kad_blocks_head_custom_js":"","_kad_blocks_body_custom_js":"","_kad_blocks_footer_custom_js":"","_kadence_starter_templates_imported_post":false,"_kad_post_transparent":"","_kad_post_title":"","_kad_post_layout":"","_kad_post_sidebar_id":"","_kad_post_content_style":"","_kad_post_vertical_padding":"","_kad_post_feature":"","_kad_post_feature_position":"","_kad_post_header":false,"_kad_post_footer":false,"footnotes":""},"class_list":["post-22494","page","type-page","status-publish","has-post-thumbnail","hentry"],"taxonomy_info":[],"featured_image_src_large":["https:\/\/istanbulobesitycenter.com\/wp-content\/uploads\/2026\/02\/Op.-Dr.-Yunus-Topal-MD-1024x1024.webp",1024,1024,true],"author_info":{"display_name":"IOC","author_link":"https:\/\/istanbulobesitycenter.com\/tr\/author\/admin\/"},"comment_info":0,"_links":{"self":[{"href":"https:\/\/istanbulobesitycenter.com\/tr\/wp-json\/wp\/v2\/pages\/22494","targetHints":{"allow":["GET"]}}],"collection":[{"href":"https:\/\/istanbulobesitycenter.com\/tr\/wp-json\/wp\/v2\/pages"}],"about":[{"href":"https:\/\/istanbulobesitycenter.com\/tr\/wp-json\/wp\/v2\/types\/page"}],"author":[{"embeddable":true,"href":"https:\/\/istanbulobesitycenter.com\/tr\/wp-json\/wp\/v2\/users\/1"}],"replies":[{"embeddable":true,"href":"https:\/\/istanbulobesitycenter.com\/tr\/wp-json\/wp\/v2\/comments?post=22494"}],"version-history":[{"count":0,"href":"https:\/\/istanbulobesitycenter.com\/tr\/wp-json\/wp\/v2\/pages\/22494\/revisions"}],"wp:featuredmedia":[{"embeddable":true,"href":"https:\/\/istanbulobesitycenter.com\/tr\/wp-json\/wp\/v2\/media\/23191"}],"wp:attachment":[{"href":"https:\/\/istanbulobesitycenter.com\/tr\/wp-json\/wp\/v2\/media?parent=22494"}],"curies":[{"name":"wp","href":"https:\/\/api.w.org\/{rel}","templated":true}]}}