{"id":22568,"date":"2025-01-31T21:52:03","date_gmt":"2025-01-31T21:52:03","guid":{"rendered":"https:\/\/istanbulobesitycenter.com\/tup-mide-oncesi-sonrasi\/"},"modified":"2025-01-31T21:52:15","modified_gmt":"2025-01-31T21:52:15","slug":"tup-mide-oncesi-sonrasi","status":"publish","type":"page","link":"https:\/\/istanbulobesitycenter.com\/tr\/tup-mide-oncesi-sonrasi\/","title":{"rendered":"T\u00fcp Mide \u00d6ncesi Sonras\u0131"},"content":{"rendered":"<style>.kb-row-layout-id22563_b47ba8-0c > .kt-row-column-wrap{align-content:start;}:where(.kb-row-layout-id22563_b47ba8-0c > .kt-row-column-wrap) > .wp-block-kadence-column{justify-content:start;}.kb-row-layout-id22563_b47ba8-0c > .kt-row-column-wrap{column-gap:var(--global-kb-gap-md, 2rem);row-gap:var(--global-kb-gap-md, 2rem);max-width:var( --global-content-width, 1290px );padding-left:var(--global-content-edge-padding);padding-right:var(--global-content-edge-padding);padding-top:80px;padding-right:20px;padding-bottom:80px;padding-left:20px;grid-template-columns:minmax(0, 1fr);}.kb-row-layout-id22563_b47ba8-0c{background-image:url('https:\/\/istanbulobesitycenter.com\/wp-content\/uploads\/2022\/05\/pexels-cedric-fauntleroy-4269950.jpg');background-size:cover;background-position:40% 53%;background-attachment:scroll;background-repeat:no-repeat;}.kb-row-layout-id22563_b47ba8-0c > .kt-row-layout-overlay{opacity:0.74;background-color:var(--global-palette7, #EDF2F7);mix-blend-mode:normal;}@media all and (max-width: 1024px){.kb-row-layout-id22563_b47ba8-0c > .kt-row-column-wrap{padding-top:80px;padding-bottom:80px;grid-template-columns:minmax(0, 1fr);}}@media all and (max-width: 767px){.kb-row-layout-id22563_b47ba8-0c > .kt-row-column-wrap{padding-top:100px;padding-right:30px;padding-bottom:100px;padding-left:30px;grid-template-columns:minmax(0, 1fr);}}<\/style><div class=\"kb-row-layout-wrap kb-row-layout-id22563_b47ba8-0c alignnone kt-row-has-bg wp-block-kadence-rowlayout\"><div class=\"kt-row-layout-overlay kt-row-overlay-normal\"><\/div><div class=\"kt-row-column-wrap kt-has-1-columns kt-row-layout-equal kt-tab-layout-inherit kt-mobile-layout-row kt-row-valign-top kb-theme-content-width\">\n<style>.kadence-column22563_cf39b9-b7 > .kt-inside-inner-col,.kadence-column22563_cf39b9-b7 > .kt-inside-inner-col:before{border-top-left-radius:0px;border-top-right-radius:0px;border-bottom-right-radius:0px;border-bottom-left-radius:0px;}.kadence-column22563_cf39b9-b7 > .kt-inside-inner-col{column-gap:var(--global-kb-gap-sm, 1rem);}.kadence-column22563_cf39b9-b7 > .kt-inside-inner-col{flex-direction:column;}.kadence-column22563_cf39b9-b7 > .kt-inside-inner-col > .aligncenter{width:100%;}.kadence-column22563_cf39b9-b7 > .kt-inside-inner-col:before{opacity:0.3;}.kadence-column22563_cf39b9-b7{position:relative;}@media all and (max-width: 1024px){.kadence-column22563_cf39b9-b7 > .kt-inside-inner-col{padding-top:0px;padding-right:0px;padding-bottom:0px;padding-left:0px;flex-direction:column;justify-content:center;}}@media all and (max-width: 767px){.kadence-column22563_cf39b9-b7 > .kt-inside-inner-col{flex-direction:column;justify-content:center;}}<\/style>\n<div class=\"wp-block-kadence-column kadence-column22563_cf39b9-b7 inner-column-1\"><div class=\"kt-inside-inner-col\"><style>.kb-row-layout-id22563_00460e-75 > .kt-row-column-wrap{align-content:start;}:where(.kb-row-layout-id22563_00460e-75 > .kt-row-column-wrap) > .wp-block-kadence-column{justify-content:start;}.kb-row-layout-id22563_00460e-75 > .kt-row-column-wrap{column-gap:var(--global-kb-gap-md, 2rem);row-gap:var(--global-kb-gap-md, 2rem);max-width:600px;margin-left:auto;margin-right:auto;padding-top:0px;padding-bottom:0px;grid-template-columns:minmax(0, 1fr);}.kb-row-layout-id22563_00460e-75 > .kt-row-layout-overlay{opacity:0.30;}@media all and (max-width: 1024px){.kb-row-layout-id22563_00460e-75 > .kt-row-column-wrap{padding-top:0px;padding-right:0px;padding-bottom:0px;padding-left:0px;grid-template-columns:minmax(0, 1fr);}}@media all and (max-width: 767px){.kb-row-layout-id22563_00460e-75 > .kt-row-column-wrap{grid-template-columns:minmax(0, 1fr);}}<\/style><div class=\"kb-row-layout-wrap kb-row-layout-id22563_00460e-75 alignnone wp-block-kadence-rowlayout\"><div class=\"kt-row-column-wrap kt-has-1-columns kt-row-layout-equal kt-tab-layout-inherit kt-mobile-layout-row kt-row-valign-top\">\n<style>.kadence-column22563_3ef4a7-73 > .kt-inside-inner-col{padding-right:40px;padding-left:40px;}.kadence-column22563_3ef4a7-73 > .kt-inside-inner-col,.kadence-column22563_3ef4a7-73 > .kt-inside-inner-col:before{border-top-left-radius:0px;border-top-right-radius:0px;border-bottom-right-radius:0px;border-bottom-left-radius:0px;}.kadence-column22563_3ef4a7-73 > .kt-inside-inner-col{column-gap:var(--global-kb-gap-sm, 1rem);}.kadence-column22563_3ef4a7-73 > .kt-inside-inner-col{flex-direction:column;}.kadence-column22563_3ef4a7-73 > .kt-inside-inner-col > .aligncenter{width:100%;}.kadence-column22563_3ef4a7-73 > .kt-inside-inner-col:before{opacity:0.3;}.kadence-column22563_3ef4a7-73{position:relative;}@media all and (max-width: 1024px){.kadence-column22563_3ef4a7-73 > .kt-inside-inner-col{flex-direction:column;justify-content:center;}}@media all and (max-width: 767px){.kadence-column22563_3ef4a7-73 > .kt-inside-inner-col{padding-right:0px;padding-left:0px;flex-direction:column;justify-content:center;}}<\/style>\n<div class=\"wp-block-kadence-column kadence-column22563_3ef4a7-73 inner-column-1\"><div class=\"kt-inside-inner-col\"><style>.wp-block-kadence-advancedheading.kt-adv-heading22563_965463-cf, .wp-block-kadence-advancedheading.kt-adv-heading22563_965463-cf[data-kb-block=\"kb-adv-heading22563_965463-cf\"]{padding-top:0px;padding-right:0px;padding-bottom:20px;padding-left:0px;margin-top:0px;margin-right:0px;margin-bottom:0px;margin-left:0px;text-align:center;font-style:normal;text-transform:capitalize;}.wp-block-kadence-advancedheading.kt-adv-heading22563_965463-cf mark.kt-highlight, .wp-block-kadence-advancedheading.kt-adv-heading22563_965463-cf[data-kb-block=\"kb-adv-heading22563_965463-cf\"] mark.kt-highlight{font-style:normal;color:#f76a0c;-webkit-box-decoration-break:clone;box-decoration-break:clone;padding-top:0px;padding-right:0px;padding-bottom:0px;padding-left:0px;}<\/style>\n<h1 class=\"kt-adv-heading22563_965463-cf wp-block-kadence-advancedheading has-theme-palette-3-color has-text-color\" data-kb-block=\"kb-adv-heading22563_965463-cf\">Before and After Gastric Sleeve Gastrectomy Photos<\/h1>\n<\/div><\/div>\n\n<\/div><\/div><\/div><\/div>\n\n<\/div><\/div>\n<p><\/p>\n<style>.kb-row-layout-id22563_1bb144-c6 > .kt-row-column-wrap{align-content:start;}:where(.kb-row-layout-id22563_1bb144-c6 > .kt-row-column-wrap) > .wp-block-kadence-column{justify-content:start;}.kb-row-layout-id22563_1bb144-c6 > .kt-row-column-wrap{column-gap:var(--global-kb-gap-md, 2rem);row-gap:var(--global-kb-gap-md, 2rem);padding-top:0px;padding-right:20px;padding-bottom:80px;padding-left:20px;grid-template-columns:minmax(0, 1fr);}.kb-row-layout-id22563_1bb144-c6 > .kt-row-layout-overlay{opacity:0.30;}@media all and (max-width: 1024px){.kb-row-layout-id22563_1bb144-c6 > .kt-row-column-wrap{padding-top:60px;padding-right:100px;padding-bottom:60px;padding-left:100px;grid-template-columns:minmax(0, 1fr);}}@media all and (max-width: 767px){.kb-row-layout-id22563_1bb144-c6 > .kt-row-column-wrap{padding-top:40px;padding-right:20px;padding-bottom:40px;padding-left:20px;grid-template-columns:minmax(0, 1fr);}}<\/style><div class=\"kb-row-layout-wrap kb-row-layout-id22563_1bb144-c6 alignnone wp-block-kadence-rowlayout\"><div class=\"kt-row-column-wrap kt-has-1-columns kt-row-layout-equal kt-tab-layout-inherit kt-mobile-layout-row kt-row-valign-top\">\n<style>.kadence-column22563_436742-1b > .kt-inside-inner-col,.kadence-column22563_436742-1b > .kt-inside-inner-col:before{border-top-left-radius:0px;border-top-right-radius:0px;border-bottom-right-radius:0px;border-bottom-left-radius:0px;}.kadence-column22563_436742-1b > .kt-inside-inner-col{column-gap:var(--global-kb-gap-sm, 1rem);}.kadence-column22563_436742-1b > .kt-inside-inner-col{flex-direction:column;}.kadence-column22563_436742-1b > .kt-inside-inner-col > .aligncenter{width:100%;}.kadence-column22563_436742-1b > .kt-inside-inner-col:before{opacity:0.3;}.kadence-column22563_436742-1b{position:relative;}@media all and (max-width: 1024px){.kadence-column22563_436742-1b > .kt-inside-inner-col{flex-direction:column;justify-content:center;}}@media all and (max-width: 767px){.kadence-column22563_436742-1b > .kt-inside-inner-col{flex-direction:column;justify-content:center;}}<\/style>\n<div class=\"wp-block-kadence-column kadence-column22563_436742-1b\"><div class=\"kt-inside-inner-col\"><style>.wp-block-kadence-advancedgallery .kb-gallery-type-masonry.kb-gallery-id-22563_d7910f-0f{margin:-5px;}.kb-gallery-type-masonry.kb-gallery-id-22563_d7910f-0f .kadence-blocks-gallery-item{padding:5px;}.kb-gallery-id-22563_d7910f-0f .kadence-blocks-gallery-item .kb-gal-image-radius, .kb-gallery-id-22563_d7910f-0f .kb-slide-item .kb-gal-image-radius img{border-radius:0px 0px 0px 0px;;}<\/style><div class=\"kb-gallery-wrap-id-22563_d7910f-0f alignnone wp-block-kadence-advancedgallery\"><ul class=\"kb-gallery-ul kb-gallery-non-static kb-gallery-type-masonry kb-masonry-init kb-gallery-id-22563_d7910f-0f kb-gallery-caption-style-bottom-hover kb-gallery-filter-none\" data-image-filter=\"none\" data-item-selector=\".kadence-blocks-gallery-item\" data-lightbox-caption=\"true\" data-columns-xxl=\"3\" data-columns-xl=\"3\" data-columns-md=\"3\" data-columns-sm=\"2\" data-columns-xs=\"1\" data-columns-ss=\"1\"><li class=\"kadence-blocks-gallery-item\"><div class=\"kadence-blocks-gallery-item-inner\"><figure class=\"kb-gallery-figure kadence-blocks-gallery-item-hide-caption\"><div class=\"kb-gal-image-radius\" style=\"max-width:540px;\"><div class=\"kb-gallery-image-contain kadence-blocks-gallery-intrinsic\" style=\"padding-bottom:100%;\"><img decoding=\"async\" src=\"https:\/\/istanbulobesitycenter.com\/wp-content\/uploads\/2024\/12\/gastric-sleeve-before-after-1.jpeg\" width=\"540\" height=\"540\" alt=\"\" data-full-image=\"https:\/\/istanbulobesitycenter.com\/wp-content\/uploads\/2024\/12\/gastric-sleeve-before-after-1.jpeg\" data-light-image=\"https:\/\/istanbulobesitycenter.com\/wp-content\/uploads\/2024\/12\/gastric-sleeve-before-after-1.jpeg\" data-id=\"20905\" class=\"wp-image-20905\" srcset=\"https:\/\/istanbulobesitycenter.com\/wp-content\/uploads\/2024\/12\/gastric-sleeve-before-after-1.jpeg 540w, https:\/\/istanbulobesitycenter.com\/wp-content\/uploads\/2024\/12\/gastric-sleeve-before-after-1-300x300.jpeg 300w, https:\/\/istanbulobesitycenter.com\/wp-content\/uploads\/2024\/12\/gastric-sleeve-before-after-1-150x150.jpeg 150w\" sizes=\"(max-width: 540px) 100vw, 540px\" \/><\/div><\/div><\/figure><\/div><\/li><li class=\"kadence-blocks-gallery-item\"><div class=\"kadence-blocks-gallery-item-inner\"><figure class=\"kb-gallery-figure kadence-blocks-gallery-item-hide-caption\"><div class=\"kb-gal-image-radius\" style=\"max-width:540px;\"><div class=\"kb-gallery-image-contain kadence-blocks-gallery-intrinsic\" style=\"padding-bottom:100%;\"><img decoding=\"async\" src=\"https:\/\/istanbulobesitycenter.com\/wp-content\/uploads\/2024\/12\/gastric-sleeve-before-after-2.jpeg\" width=\"540\" height=\"540\" alt=\"\" data-full-image=\"https:\/\/istanbulobesitycenter.com\/wp-content\/uploads\/2024\/12\/gastric-sleeve-before-after-2.jpeg\" data-light-image=\"https:\/\/istanbulobesitycenter.com\/wp-content\/uploads\/2024\/12\/gastric-sleeve-before-after-2.jpeg\" data-id=\"20906\" class=\"wp-image-20906\" srcset=\"https:\/\/istanbulobesitycenter.com\/wp-content\/uploads\/2024\/12\/gastric-sleeve-before-after-2.jpeg 540w, https:\/\/istanbulobesitycenter.com\/wp-content\/uploads\/2024\/12\/gastric-sleeve-before-after-2-300x300.jpeg 300w, https:\/\/istanbulobesitycenter.com\/wp-content\/uploads\/2024\/12\/gastric-sleeve-before-after-2-150x150.jpeg 150w\" sizes=\"(max-width: 540px) 100vw, 540px\" \/><\/div><\/div><\/figure><\/div><\/li><li class=\"kadence-blocks-gallery-item\"><div class=\"kadence-blocks-gallery-item-inner\"><figure class=\"kb-gallery-figure kadence-blocks-gallery-item-hide-caption\"><div class=\"kb-gal-image-radius\" style=\"max-width:540px;\"><div class=\"kb-gallery-image-contain kadence-blocks-gallery-intrinsic\" style=\"padding-bottom:100%;\"><img decoding=\"async\" src=\"https:\/\/istanbulobesitycenter.com\/wp-content\/uploads\/2024\/12\/gastric-sleeve-before-after-9.jpeg\" width=\"540\" height=\"540\" alt=\"\" data-full-image=\"https:\/\/istanbulobesitycenter.com\/wp-content\/uploads\/2024\/12\/gastric-sleeve-before-after-9.jpeg\" data-light-image=\"https:\/\/istanbulobesitycenter.com\/wp-content\/uploads\/2024\/12\/gastric-sleeve-before-after-9.jpeg\" data-id=\"20913\" class=\"wp-image-20913\" srcset=\"https:\/\/istanbulobesitycenter.com\/wp-content\/uploads\/2024\/12\/gastric-sleeve-before-after-9.jpeg 540w, https:\/\/istanbulobesitycenter.com\/wp-content\/uploads\/2024\/12\/gastric-sleeve-before-after-9-300x300.jpeg 300w, https:\/\/istanbulobesitycenter.com\/wp-content\/uploads\/2024\/12\/gastric-sleeve-before-after-9-150x150.jpeg 150w\" sizes=\"(max-width: 540px) 100vw, 540px\" \/><\/div><\/div><\/figure><\/div><\/li><li class=\"kadence-blocks-gallery-item\"><div class=\"kadence-blocks-gallery-item-inner\"><figure class=\"kb-gallery-figure kadence-blocks-gallery-item-hide-caption\"><div class=\"kb-gal-image-radius\" style=\"max-width:540px;\"><div class=\"kb-gallery-image-contain kadence-blocks-gallery-intrinsic\" style=\"padding-bottom:100%;\"><img decoding=\"async\" src=\"https:\/\/istanbulobesitycenter.com\/wp-content\/uploads\/2024\/12\/gastric-sleeve-before-after-3.jpeg\" width=\"540\" height=\"540\" alt=\"\" data-full-image=\"https:\/\/istanbulobesitycenter.com\/wp-content\/uploads\/2024\/12\/gastric-sleeve-before-after-3.jpeg\" data-light-image=\"https:\/\/istanbulobesitycenter.com\/wp-content\/uploads\/2024\/12\/gastric-sleeve-before-after-3.jpeg\" data-id=\"20907\" class=\"wp-image-20907\" srcset=\"https:\/\/istanbulobesitycenter.com\/wp-content\/uploads\/2024\/12\/gastric-sleeve-before-after-3.jpeg 540w, https:\/\/istanbulobesitycenter.com\/wp-content\/uploads\/2024\/12\/gastric-sleeve-before-after-3-300x300.jpeg 300w, https:\/\/istanbulobesitycenter.com\/wp-content\/uploads\/2024\/12\/gastric-sleeve-before-after-3-150x150.jpeg 150w\" sizes=\"(max-width: 540px) 100vw, 540px\" \/><\/div><\/div><\/figure><\/div><\/li><li class=\"kadence-blocks-gallery-item\"><div class=\"kadence-blocks-gallery-item-inner\"><figure class=\"kb-gallery-figure kadence-blocks-gallery-item-hide-caption\"><div class=\"kb-gal-image-radius\" style=\"max-width:540px;\"><div class=\"kb-gallery-image-contain kadence-blocks-gallery-intrinsic\" style=\"padding-bottom:100%;\"><img decoding=\"async\" src=\"https:\/\/istanbulobesitycenter.com\/wp-content\/uploads\/2024\/12\/gastric-sleeve-before-after-4.jpeg\" width=\"540\" height=\"540\" alt=\"\" data-full-image=\"https:\/\/istanbulobesitycenter.com\/wp-content\/uploads\/2024\/12\/gastric-sleeve-before-after-4.jpeg\" data-light-image=\"https:\/\/istanbulobesitycenter.com\/wp-content\/uploads\/2024\/12\/gastric-sleeve-before-after-4.jpeg\" data-id=\"20908\" class=\"wp-image-20908\" srcset=\"https:\/\/istanbulobesitycenter.com\/wp-content\/uploads\/2024\/12\/gastric-sleeve-before-after-4.jpeg 540w, https:\/\/istanbulobesitycenter.com\/wp-content\/uploads\/2024\/12\/gastric-sleeve-before-after-4-300x300.jpeg 300w, https:\/\/istanbulobesitycenter.com\/wp-content\/uploads\/2024\/12\/gastric-sleeve-before-after-4-150x150.jpeg 150w\" sizes=\"(max-width: 540px) 100vw, 540px\" \/><\/div><\/div><\/figure><\/div><\/li><li class=\"kadence-blocks-gallery-item\"><div class=\"kadence-blocks-gallery-item-inner\"><figure class=\"kb-gallery-figure kadence-blocks-gallery-item-hide-caption\"><div class=\"kb-gal-image-radius\" style=\"max-width:540px;\"><div class=\"kb-gallery-image-contain kadence-blocks-gallery-intrinsic\" style=\"padding-bottom:100%;\"><img decoding=\"async\" src=\"https:\/\/istanbulobesitycenter.com\/wp-content\/uploads\/2024\/12\/gastric-sleeve-before-after-5.jpeg\" width=\"540\" height=\"540\" alt=\"\" data-full-image=\"https:\/\/istanbulobesitycenter.com\/wp-content\/uploads\/2024\/12\/gastric-sleeve-before-after-5.jpeg\" data-light-image=\"https:\/\/istanbulobesitycenter.com\/wp-content\/uploads\/2024\/12\/gastric-sleeve-before-after-5.jpeg\" data-id=\"20909\" class=\"wp-image-20909\" srcset=\"https:\/\/istanbulobesitycenter.com\/wp-content\/uploads\/2024\/12\/gastric-sleeve-before-after-5.jpeg 540w, https:\/\/istanbulobesitycenter.com\/wp-content\/uploads\/2024\/12\/gastric-sleeve-before-after-5-300x300.jpeg 300w, https:\/\/istanbulobesitycenter.com\/wp-content\/uploads\/2024\/12\/gastric-sleeve-before-after-5-150x150.jpeg 150w\" sizes=\"(max-width: 540px) 100vw, 540px\" \/><\/div><\/div><\/figure><\/div><\/li><li class=\"kadence-blocks-gallery-item\"><div class=\"kadence-blocks-gallery-item-inner\"><figure class=\"kb-gallery-figure kadence-blocks-gallery-item-hide-caption\"><div class=\"kb-gal-image-radius\" style=\"max-width:540px;\"><div class=\"kb-gallery-image-contain kadence-blocks-gallery-intrinsic\" style=\"padding-bottom:100%;\"><img decoding=\"async\" src=\"https:\/\/istanbulobesitycenter.com\/wp-content\/uploads\/2024\/12\/gastric-sleeve-before-after-6.jpeg\" width=\"540\" height=\"540\" alt=\"\" data-full-image=\"https:\/\/istanbulobesitycenter.com\/wp-content\/uploads\/2024\/12\/gastric-sleeve-before-after-6.jpeg\" data-light-image=\"https:\/\/istanbulobesitycenter.com\/wp-content\/uploads\/2024\/12\/gastric-sleeve-before-after-6.jpeg\" data-id=\"20910\" class=\"wp-image-20910\" srcset=\"https:\/\/istanbulobesitycenter.com\/wp-content\/uploads\/2024\/12\/gastric-sleeve-before-after-6.jpeg 540w, https:\/\/istanbulobesitycenter.com\/wp-content\/uploads\/2024\/12\/gastric-sleeve-before-after-6-300x300.jpeg 300w, https:\/\/istanbulobesitycenter.com\/wp-content\/uploads\/2024\/12\/gastric-sleeve-before-after-6-150x150.jpeg 150w\" sizes=\"(max-width: 540px) 100vw, 540px\" \/><\/div><\/div><\/figure><\/div><\/li><li class=\"kadence-blocks-gallery-item\"><div class=\"kadence-blocks-gallery-item-inner\"><figure class=\"kb-gallery-figure kadence-blocks-gallery-item-hide-caption\"><div class=\"kb-gal-image-radius\" style=\"max-width:540px;\"><div class=\"kb-gallery-image-contain kadence-blocks-gallery-intrinsic\" style=\"padding-bottom:100%;\"><img decoding=\"async\" src=\"https:\/\/istanbulobesitycenter.com\/wp-content\/uploads\/2024\/12\/gastric-sleeve-before-after-7.jpeg\" width=\"540\" height=\"540\" alt=\"\" data-full-image=\"https:\/\/istanbulobesitycenter.com\/wp-content\/uploads\/2024\/12\/gastric-sleeve-before-after-7.jpeg\" data-light-image=\"https:\/\/istanbulobesitycenter.com\/wp-content\/uploads\/2024\/12\/gastric-sleeve-before-after-7.jpeg\" data-id=\"20911\" class=\"wp-image-20911\" srcset=\"https:\/\/istanbulobesitycenter.com\/wp-content\/uploads\/2024\/12\/gastric-sleeve-before-after-7.jpeg 540w, https:\/\/istanbulobesitycenter.com\/wp-content\/uploads\/2024\/12\/gastric-sleeve-before-after-7-300x300.jpeg 300w, https:\/\/istanbulobesitycenter.com\/wp-content\/uploads\/2024\/12\/gastric-sleeve-before-after-7-150x150.jpeg 150w\" sizes=\"(max-width: 540px) 100vw, 540px\" \/><\/div><\/div><\/figure><\/div><\/li><li class=\"kadence-blocks-gallery-item\"><div class=\"kadence-blocks-gallery-item-inner\"><figure class=\"kb-gallery-figure kadence-blocks-gallery-item-hide-caption\"><div class=\"kb-gal-image-radius\" style=\"max-width:540px;\"><div class=\"kb-gallery-image-contain kadence-blocks-gallery-intrinsic\" style=\"padding-bottom:100%;\"><img decoding=\"async\" src=\"https:\/\/istanbulobesitycenter.com\/wp-content\/uploads\/2024\/12\/gastric-sleeve-before-after-8.jpeg\" width=\"540\" height=\"540\" alt=\"\" data-full-image=\"https:\/\/istanbulobesitycenter.com\/wp-content\/uploads\/2024\/12\/gastric-sleeve-before-after-8.jpeg\" data-light-image=\"https:\/\/istanbulobesitycenter.com\/wp-content\/uploads\/2024\/12\/gastric-sleeve-before-after-8.jpeg\" data-id=\"20912\" class=\"wp-image-20912\" srcset=\"https:\/\/istanbulobesitycenter.com\/wp-content\/uploads\/2024\/12\/gastric-sleeve-before-after-8.jpeg 540w, https:\/\/istanbulobesitycenter.com\/wp-content\/uploads\/2024\/12\/gastric-sleeve-before-after-8-300x300.jpeg 300w, https:\/\/istanbulobesitycenter.com\/wp-content\/uploads\/2024\/12\/gastric-sleeve-before-after-8-150x150.jpeg 150w\" sizes=\"(max-width: 540px) 100vw, 540px\" \/><\/div><\/div><\/figure><\/div><\/li><li class=\"kadence-blocks-gallery-item\"><div class=\"kadence-blocks-gallery-item-inner\"><figure class=\"kb-gallery-figure kadence-blocks-gallery-item-hide-caption\"><div class=\"kb-gal-image-radius\" style=\"max-width:540px;\"><div class=\"kb-gallery-image-contain kadence-blocks-gallery-intrinsic\" style=\"padding-bottom:100%;\"><img decoding=\"async\" src=\"https:\/\/istanbulobesitycenter.com\/wp-content\/uploads\/2024\/12\/gastric-sleeve-before-after-10.jpeg\" width=\"540\" height=\"540\" alt=\"\" data-full-image=\"https:\/\/istanbulobesitycenter.com\/wp-content\/uploads\/2024\/12\/gastric-sleeve-before-after-10.jpeg\" data-light-image=\"https:\/\/istanbulobesitycenter.com\/wp-content\/uploads\/2024\/12\/gastric-sleeve-before-after-10.jpeg\" data-id=\"20914\" class=\"wp-image-20914\" srcset=\"https:\/\/istanbulobesitycenter.com\/wp-content\/uploads\/2024\/12\/gastric-sleeve-before-after-10.jpeg 540w, https:\/\/istanbulobesitycenter.com\/wp-content\/uploads\/2024\/12\/gastric-sleeve-before-after-10-300x300.jpeg 300w, https:\/\/istanbulobesitycenter.com\/wp-content\/uploads\/2024\/12\/gastric-sleeve-before-after-10-150x150.jpeg 150w\" sizes=\"(max-width: 540px) 100vw, 540px\" \/><\/div><\/div><\/figure><\/div><\/li><li class=\"kadence-blocks-gallery-item\"><div class=\"kadence-blocks-gallery-item-inner\"><figure class=\"kb-gallery-figure kadence-blocks-gallery-item-hide-caption\"><div class=\"kb-gal-image-radius\" style=\"max-width:540px;\"><div class=\"kb-gallery-image-contain kadence-blocks-gallery-intrinsic\" style=\"padding-bottom:100%;\"><img decoding=\"async\" src=\"https:\/\/istanbulobesitycenter.com\/wp-content\/uploads\/2024\/12\/gastric-sleeve-before-after-11.jpeg\" width=\"540\" height=\"540\" alt=\"\" data-full-image=\"https:\/\/istanbulobesitycenter.com\/wp-content\/uploads\/2024\/12\/gastric-sleeve-before-after-11.jpeg\" data-light-image=\"https:\/\/istanbulobesitycenter.com\/wp-content\/uploads\/2024\/12\/gastric-sleeve-before-after-11.jpeg\" data-id=\"20915\" class=\"wp-image-20915\" srcset=\"https:\/\/istanbulobesitycenter.com\/wp-content\/uploads\/2024\/12\/gastric-sleeve-before-after-11.jpeg 540w, https:\/\/istanbulobesitycenter.com\/wp-content\/uploads\/2024\/12\/gastric-sleeve-before-after-11-300x300.jpeg 300w, https:\/\/istanbulobesitycenter.com\/wp-content\/uploads\/2024\/12\/gastric-sleeve-before-after-11-150x150.jpeg 150w\" sizes=\"(max-width: 540px) 100vw, 540px\" \/><\/div><\/div><\/figure><\/div><\/li><li class=\"kadence-blocks-gallery-item\"><div class=\"kadence-blocks-gallery-item-inner\"><figure class=\"kb-gallery-figure kadence-blocks-gallery-item-hide-caption\"><div class=\"kb-gal-image-radius\" style=\"max-width:540px;\"><div class=\"kb-gallery-image-contain kadence-blocks-gallery-intrinsic\" style=\"padding-bottom:100%;\"><img decoding=\"async\" src=\"https:\/\/istanbulobesitycenter.com\/wp-content\/uploads\/2024\/12\/gastric-sleeve-before-after-12.jpeg\" width=\"540\" height=\"540\" alt=\"\" data-full-image=\"https:\/\/istanbulobesitycenter.com\/wp-content\/uploads\/2024\/12\/gastric-sleeve-before-after-12.jpeg\" data-light-image=\"https:\/\/istanbulobesitycenter.com\/wp-content\/uploads\/2024\/12\/gastric-sleeve-before-after-12.jpeg\" data-id=\"20916\" class=\"wp-image-20916\" srcset=\"https:\/\/istanbulobesitycenter.com\/wp-content\/uploads\/2024\/12\/gastric-sleeve-before-after-12.jpeg 540w, https:\/\/istanbulobesitycenter.com\/wp-content\/uploads\/2024\/12\/gastric-sleeve-before-after-12-300x300.jpeg 300w, https:\/\/istanbulobesitycenter.com\/wp-content\/uploads\/2024\/12\/gastric-sleeve-before-after-12-150x150.jpeg 150w\" sizes=\"(max-width: 540px) 100vw, 540px\" \/><\/div><\/div><\/figure><\/div><\/li><li class=\"kadence-blocks-gallery-item\"><div class=\"kadence-blocks-gallery-item-inner\"><figure class=\"kb-gallery-figure kadence-blocks-gallery-item-hide-caption\"><div class=\"kb-gal-image-radius\" style=\"max-width:540px;\"><div class=\"kb-gallery-image-contain kadence-blocks-gallery-intrinsic\" style=\"padding-bottom:100%;\"><img decoding=\"async\" src=\"https:\/\/istanbulobesitycenter.com\/wp-content\/uploads\/2024\/12\/gastric-sleeve-before-after-13.jpeg\" width=\"540\" height=\"540\" alt=\"\" data-full-image=\"https:\/\/istanbulobesitycenter.com\/wp-content\/uploads\/2024\/12\/gastric-sleeve-before-after-13.jpeg\" data-light-image=\"https:\/\/istanbulobesitycenter.com\/wp-content\/uploads\/2024\/12\/gastric-sleeve-before-after-13.jpeg\" data-id=\"20917\" class=\"wp-image-20917\" srcset=\"https:\/\/istanbulobesitycenter.com\/wp-content\/uploads\/2024\/12\/gastric-sleeve-before-after-13.jpeg 540w, https:\/\/istanbulobesitycenter.com\/wp-content\/uploads\/2024\/12\/gastric-sleeve-before-after-13-300x300.jpeg 300w, https:\/\/istanbulobesitycenter.com\/wp-content\/uploads\/2024\/12\/gastric-sleeve-before-after-13-150x150.jpeg 150w\" sizes=\"(max-width: 540px) 100vw, 540px\" \/><\/div><\/div><\/figure><\/div><\/li><\/ul><\/div><\/div><\/div>\n\n<\/div><\/div>","protected":false},"excerpt":{"rendered":"<p>Before and After Gastric Sleeve Gastrectomy Photos<\/p>\n","protected":false},"author":1,"featured_media":0,"parent":0,"menu_order":0,"comment_status":"closed","ping_status":"closed","template":"","meta":{"_kad_blocks_custom_css":"","_kad_blocks_head_custom_js":"","_kad_blocks_body_custom_js":"","_kad_blocks_footer_custom_js":"","_kadence_starter_templates_imported_post":false,"_kad_post_transparent":"","_kad_post_title":"","_kad_post_layout":"","_kad_post_sidebar_id":"","_kad_post_content_style":"","_kad_post_vertical_padding":"","_kad_post_feature":"","_kad_post_feature_position":"","_kad_post_header":false,"_kad_post_footer":false,"footnotes":""},"class_list":["post-22568","page","type-page","status-publish","hentry"],"taxonomy_info":[],"featured_image_src_large":false,"author_info":{"display_name":"IOC","author_link":"https:\/\/istanbulobesitycenter.com\/tr\/author\/admin\/"},"comment_info":0,"_links":{"self":[{"href":"https:\/\/istanbulobesitycenter.com\/tr\/wp-json\/wp\/v2\/pages\/22568","targetHints":{"allow":["GET"]}}],"collection":[{"href":"https:\/\/istanbulobesitycenter.com\/tr\/wp-json\/wp\/v2\/pages"}],"about":[{"href":"https:\/\/istanbulobesitycenter.com\/tr\/wp-json\/wp\/v2\/types\/page"}],"author":[{"embeddable":true,"href":"https:\/\/istanbulobesitycenter.com\/tr\/wp-json\/wp\/v2\/users\/1"}],"replies":[{"embeddable":true,"href":"https:\/\/istanbulobesitycenter.com\/tr\/wp-json\/wp\/v2\/comments?post=22568"}],"version-history":[{"count":0,"href":"https:\/\/istanbulobesitycenter.com\/tr\/wp-json\/wp\/v2\/pages\/22568\/revisions"}],"wp:attachment":[{"href":"https:\/\/istanbulobesitycenter.com\/tr\/wp-json\/wp\/v2\/media?parent=22568"}],"curies":[{"name":"wp","href":"https:\/\/api.w.org\/{rel}","templated":true}]}}