{"id":22760,"date":"2025-03-06T15:43:50","date_gmt":"2025-03-06T15:43:50","guid":{"rendered":"https:\/\/istanbulobesitycenter.com\/sukru-arslan-md\/"},"modified":"2025-03-27T08:52:48","modified_gmt":"2025-03-27T08:52:48","slug":"sukru-arslan-md","status":"publish","type":"page","link":"https:\/\/istanbulobesitycenter.com\/tr\/sukru-arslan-md\/","title":{"rendered":"\u015e\u00fckr\u00fc Arslan, MD"},"content":{"rendered":"<style>.kb-row-layout-id22694_e3e097-45 > .kt-row-column-wrap{align-content:start;}:where(.kb-row-layout-id22694_e3e097-45 > .kt-row-column-wrap) > .wp-block-kadence-column{justify-content:start;}.kb-row-layout-id22694_e3e097-45 > .kt-row-column-wrap{column-gap:var(--global-kb-gap-none, 0rem );row-gap:var(--global-kb-gap-md, 2rem);padding-top:0px;padding-right:0px;padding-bottom:0px;padding-left:0px;grid-template-columns:minmax(0, calc(37.1% - ((var(--global-kb-gap-none, 0rem ) * 1 )\/2)))minmax(0, calc(62.9% - ((var(--global-kb-gap-none, 0rem ) * 1 )\/2)));}.kb-row-layout-id22694_e3e097-45{border-top-left-radius:10px;border-top-right-radius:10px;border-bottom-right-radius:10px;border-bottom-left-radius:10px;overflow:clip;isolation:isolate;}.kb-row-layout-id22694_e3e097-45 > .kt-row-layout-overlay{border-top-left-radius:10px;border-top-right-radius:10px;border-bottom-right-radius:10px;border-bottom-left-radius:10px;}.kb-row-layout-id22694_e3e097-45 > .kt-row-layout-overlay{opacity:0.30;}@media all and (max-width: 1024px){.kb-row-layout-id22694_e3e097-45 > .kt-row-column-wrap{grid-template-columns:minmax(0, 1fr);}}@media all and (max-width: 767px){.kb-row-layout-id22694_e3e097-45 > .kt-row-column-wrap{grid-template-columns:minmax(0, 1fr);}}<\/style><div class=\"kb-row-layout-wrap kb-row-layout-id22694_e3e097-45 alignnone has-theme-palette1-background-color kt-row-has-bg wp-block-kadence-rowlayout\"><div class=\"kt-row-column-wrap kt-has-2-columns kt-row-layout-equal kt-tab-layout-row kt-mobile-layout-row kt-row-valign-top\">\n<style>.kadence-column22694_5c6f71-24 > .kt-inside-inner-col{padding-top:40px;padding-right:30px;padding-bottom:87px;padding-left:30px;}.kadence-column22694_5c6f71-24 > .kt-inside-inner-col,.kadence-column22694_5c6f71-24 > .kt-inside-inner-col:before{border-top-left-radius:10px;border-top-right-radius:0px;border-bottom-right-radius:0px;border-bottom-left-radius:10px;}.kadence-column22694_5c6f71-24 > .kt-inside-inner-col{column-gap:var(--global-kb-gap-sm, 1rem);}.kadence-column22694_5c6f71-24 > .kt-inside-inner-col{flex-direction:column;}.kadence-column22694_5c6f71-24 > .kt-inside-inner-col > .aligncenter{width:100%;}.kadence-column22694_5c6f71-24 > .kt-inside-inner-col{background-color:#0a1d4c;}.kadence-column22694_5c6f71-24 > .kt-inside-inner-col:before{opacity:0.3;}.kadence-column22694_5c6f71-24{position:relative;}@media all and (max-width: 1024px){.kadence-column22694_5c6f71-24 > .kt-inside-inner-col{padding-top:0px;padding-right:0px;padding-bottom:20px;padding-left:0px;flex-direction:column;justify-content:center;}}@media all and (max-width: 1024px){.kadence-column22694_5c6f71-24, .kt-inside-inner-col > .kadence-column22694_5c6f71-24:not(.specificity){margin-top:0px;margin-right:0px;margin-bottom:0px;margin-left:0px;}}@media all and (max-width: 767px){.kadence-column22694_5c6f71-24 > .kt-inside-inner-col{padding-top:40px;padding-right:60px;padding-bottom:20px;padding-left:60px;flex-direction:column;justify-content:center;}.kadence-column22694_5c6f71-24, .kt-inside-inner-col > .kadence-column22694_5c6f71-24:not(.specificity){margin-right:0px;margin-left:0px;}}<\/style>\n<div class=\"wp-block-kadence-column kadence-column22694_5c6f71-24 inner-column-1\"><div class=\"kt-inside-inner-col\"><style>.wp-block-kadence-image.kb-image22694_dd7b4a-87:not(.kb-specificity-added):not(.kb-extra-specificity-added){margin-top:0px;margin-right:40px;margin-bottom:25px;margin-left:40px;}.kb-image22694_dd7b4a-87:not(.kb-image-is-ratio-size) .kb-img, .kb-image22694_dd7b4a-87.kb-image-is-ratio-size{padding-top:0px;padding-right:0px;padding-bottom:0px;padding-left:0px;}.kb-image22694_dd7b4a-87 .kb-image-has-overlay:after{opacity:0.3;border-top-left-radius:200px;border-top-right-radius:200px;border-bottom-right-radius:200px;border-bottom-left-radius:200px;}.kb-image22694_dd7b4a-87 img.kb-img, .kb-image22694_dd7b4a-87 .kb-img img{border-top-color:rgba(0,0,0,0);border-top-style:solid;border-right-color:rgba(0,0,0,0);border-right-style:solid;border-bottom-color:rgba(0,0,0,0);border-bottom-style:solid;border-left-color:rgba(0,0,0,0);border-left-style:solid;border-top-left-radius:200px;border-top-right-radius:200px;border-bottom-right-radius:200px;border-bottom-left-radius:200px;}@media all and (max-width: 1024px){.wp-block-kadence-image.kb-image22694_dd7b4a-87:not(.kb-specificity-added):not(.kb-extra-specificity-added){margin-top:0px;margin-right:0px;margin-bottom:0px;margin-left:50px;}}@media all and (max-width: 1024px){.kb-image22694_dd7b4a-87.kb-image-is-ratio-size, .kb-image22694_dd7b4a-87 .kb-image-is-ratio-size{max-width:200px;width:100%;}}@media all and (max-width: 1024px){.kb-image22694_dd7b4a-87{max-width:200px;}}@media all and (max-width: 1024px){.kb-image22694_dd7b4a-87:not(.kb-image-is-ratio-size) .kb-img, .kb-image22694_dd7b4a-87.kb-image-is-ratio-size{padding-top:60px;padding-right:60px;padding-bottom:60px;padding-left:60px;}}@media all and (max-width: 1024px){.kb-image22694_dd7b4a-87 img.kb-img, .kb-image22694_dd7b4a-87 .kb-img img{border-top-color:rgba(0,0,0,0);border-top-style:solid;border-right-color:rgba(0,0,0,0);border-right-style:solid;border-bottom-color:rgba(0,0,0,0);border-bottom-style:solid;border-left-color:rgba(0,0,0,0);border-left-style:solid;}}@media all and (max-width: 767px){.wp-block-kadence-image.kb-image22694_dd7b4a-87:not(.kb-specificity-added):not(.kb-extra-specificity-added){margin-top:0px;margin-right:0px;margin-bottom:20px;margin-left:20px;}.kb-image22694_dd7b4a-87.kb-image-is-ratio-size, .kb-image22694_dd7b4a-87 .kb-image-is-ratio-size{max-width:100px;width:100%;}.kb-image22694_dd7b4a-87{max-width:100px;}.kb-image22694_dd7b4a-87:not(.kb-image-is-ratio-size) .kb-img, .kb-image22694_dd7b4a-87.kb-image-is-ratio-size{padding-top:0px;padding-right:0px;padding-bottom:0px;padding-left:0px;}.kb-image22694_dd7b4a-87 img.kb-img, .kb-image22694_dd7b4a-87 .kb-img img{border-top-color:rgba(0,0,0,0);border-top-style:solid;border-right-color:rgba(0,0,0,0);border-right-style:solid;border-bottom-color:rgba(0,0,0,0);border-bottom-style:solid;border-left-color:rgba(0,0,0,0);border-left-style:solid;}}<\/style>\n<figure class=\"wp-block-kadence-image kb-image22694_dd7b4a-87 kb-image-is-ratio-size\"><div class=\"kb-is-ratio-image kb-image-ratio-square\"><img decoding=\"async\" src=\"https:\/\/istanbulobesitycenter.com\/wp-content\/uploads\/2025\/03\/sukruarslan1.webp\" alt=\"sukruarslan1\" class=\"kb-img wp-image-22686\"><\/div><\/figure>\n\n\n<style>.wp-block-kadence-advancedheading.kt-adv-heading22694_ae02f2-d1, .wp-block-kadence-advancedheading.kt-adv-heading22694_ae02f2-d1[data-kb-block=\"kb-adv-heading22694_ae02f2-d1\"]{padding-top:0px;padding-right:0px;padding-bottom:0px;padding-left:0px;margin-top:0px;margin-right:0px;margin-bottom:10px;margin-left:0px;text-align:center;font-style:normal;text-transform:capitalize;}.wp-block-kadence-advancedheading.kt-adv-heading22694_ae02f2-d1 mark.kt-highlight, .wp-block-kadence-advancedheading.kt-adv-heading22694_ae02f2-d1[data-kb-block=\"kb-adv-heading22694_ae02f2-d1\"] mark.kt-highlight{font-style:normal;color:#f76a0c;-webkit-box-decoration-break:clone;box-decoration-break:clone;padding-top:0px;padding-right:0px;padding-bottom:0px;padding-left:0px;}<\/style>\n<h5 class=\"kt-adv-heading22694_ae02f2-d1 wp-block-kadence-advancedheading has-theme-palette-9-color has-text-color\" data-kb-block=\"kb-adv-heading22694_ae02f2-d1\">\u015e\u00fckr\u00fc Arslan, MD<\/h5>\n\n\n<style>.wp-block-kadence-advancedheading.kt-adv-heading22694_a0ee4b-43, .wp-block-kadence-advancedheading.kt-adv-heading22694_a0ee4b-43[data-kb-block=\"kb-adv-heading22694_a0ee4b-43\"]{padding-bottom:0px;margin-bottom:15px;text-align:center;font-style:normal;color:#30f2f2;}.wp-block-kadence-advancedheading.kt-adv-heading22694_a0ee4b-43 mark.kt-highlight, .wp-block-kadence-advancedheading.kt-adv-heading22694_a0ee4b-43[data-kb-block=\"kb-adv-heading22694_a0ee4b-43\"] mark.kt-highlight{font-style:normal;color:#f76a0c;-webkit-box-decoration-break:clone;box-decoration-break:clone;padding-top:0px;padding-right:0px;padding-bottom:0px;padding-left:0px;}<\/style>\n<p class=\"kt-adv-heading22694_a0ee4b-43 wp-block-kadence-advancedheading\" data-kb-block=\"kb-adv-heading22694_a0ee4b-43\"><strong>Genel Cerrahi Uzman\u0131<\/strong><\/p>\n\n\n<style>.wp-block-kadence-advancedbtn.kb-btns22694_309c0f-d8{gap:var(--global-kb-gap-xs, 0.5rem );justify-content:center;align-items:center;}.kt-btns22694_309c0f-d8 .kt-button{font-weight:normal;font-style:normal;}<\/style>\n<div class=\"wp-block-kadence-advancedbtn kb-buttons-wrap kb-btns22694_309c0f-d8\"><style>ul.menu .wp-block-kadence-advancedbtn .kb-btn22694_1add99-51.kb-button{width:initial;}.wp-block-kadence-advancedbtn .kb-btn22694_1add99-51.kb-button{color:#000000;background:#30f2f2;padding-top:15px;padding-right:25px;padding-bottom:15px;padding-left:25px;}.wp-block-kadence-advancedbtn .kb-btn22694_1add99-51.kb-button:hover, .wp-block-kadence-advancedbtn .kb-btn22694_1add99-51.kb-button:focus{background:#e30613;}<\/style><a class=\"kb-button kt-button button kb-btn22694_1add99-51 kt-btn-size-standard kt-btn-width-type-auto kb-btn-global-inherit  kt-btn-has-text-true kt-btn-has-svg-false  wp-block-button__link wp-block-kadence-singlebtn\" href=\"https:\/\/wa.me\/905451339979\" rel=\"noopener\"><span class=\"kt-btn-inner-text\">Whatsapp<\/span><\/a><\/div>\n<\/div><\/div>\n\n\n<style>.kadence-column22694_b303f7-2a > .kt-inside-inner-col{padding-top:40px;padding-right:50px;padding-bottom:50px;padding-left:50px;}.kadence-column22694_b303f7-2a > .kt-inside-inner-col{border-top:1px solid var(--global-palette7, #EDF2F7);border-right:1px solid var(--global-palette7, #EDF2F7);border-bottom:1px solid var(--global-palette7, #EDF2F7);}.kadence-column22694_b303f7-2a > .kt-inside-inner-col,.kadence-column22694_b303f7-2a > .kt-inside-inner-col:before{border-top-left-radius:0px;border-top-right-radius:5px;border-bottom-right-radius:5px;border-bottom-left-radius:0px;}.kadence-column22694_b303f7-2a > .kt-inside-inner-col{column-gap:var(--global-kb-gap-sm, 1rem);}.kadence-column22694_b303f7-2a > .kt-inside-inner-col{flex-direction:column;}.kadence-column22694_b303f7-2a > .kt-inside-inner-col > .aligncenter{width:100%;}.kadence-column22694_b303f7-2a > .kt-inside-inner-col{background-color:var(--global-palette9, #ffffff);}.kadence-column22694_b303f7-2a > .kt-inside-inner-col:before{opacity:0.3;}.kadence-column22694_b303f7-2a{position:relative;}@media all and (max-width: 1024px){.kadence-column22694_b303f7-2a > .kt-inside-inner-col{border-top:1px solid var(--global-palette7, #EDF2F7);border-right:1px solid var(--global-palette7, #EDF2F7);border-bottom:1px solid var(--global-palette7, #EDF2F7);flex-direction:column;justify-content:center;}}@media all and (max-width: 767px){.kadence-column22694_b303f7-2a > .kt-inside-inner-col{border-top:1px solid var(--global-palette7, #EDF2F7);border-right:1px solid var(--global-palette7, #EDF2F7);border-bottom:1px solid var(--global-palette7, #EDF2F7);flex-direction:column;justify-content:center;}}<\/style>\n<div class=\"wp-block-kadence-column kadence-column22694_b303f7-2a inner-column-2\"><div class=\"kt-inside-inner-col\"><style>.wp-block-kadence-advancedheading.kt-adv-heading22694_0adf71-0f, .wp-block-kadence-advancedheading.kt-adv-heading22694_0adf71-0f[data-kb-block=\"kb-adv-heading22694_0adf71-0f\"]{font-style:normal;}.wp-block-kadence-advancedheading.kt-adv-heading22694_0adf71-0f mark.kt-highlight, .wp-block-kadence-advancedheading.kt-adv-heading22694_0adf71-0f[data-kb-block=\"kb-adv-heading22694_0adf71-0f\"] mark.kt-highlight{font-style:normal;color:#f76a0c;-webkit-box-decoration-break:clone;box-decoration-break:clone;padding-top:0px;padding-right:0px;padding-bottom:0px;padding-left:0px;}@media all and (max-width: 767px){.wp-block-kadence-advancedheading.kt-adv-heading22694_0adf71-0f, .wp-block-kadence-advancedheading.kt-adv-heading22694_0adf71-0f[data-kb-block=\"kb-adv-heading22694_0adf71-0f\"]{text-align:center!important;}}<\/style>\n<h4 class=\"kt-adv-heading22694_0adf71-0f wp-block-kadence-advancedheading\" data-kb-block=\"kb-adv-heading22694_0adf71-0f\">E\u011fitim<\/h4>\n\n\n<style>.wp-block-kadence-iconlist.kt-svg-icon-list-items22694_40e32f-dc:not(.this-stops-third-party-issues){margin-top:0px;margin-bottom:0px;}.wp-block-kadence-iconlist.kt-svg-icon-list-items22694_40e32f-dc ul.kt-svg-icon-list:not(.this-prevents-issues):not(.this-stops-third-party-issues):not(.tijsloc){margin-top:0px;margin-right:0px;margin-bottom:10px;margin-left:0px;}.wp-block-kadence-iconlist.kt-svg-icon-list-items22694_40e32f-dc ul.kt-svg-icon-list{grid-row-gap:6px;}.wp-block-kadence-iconlist.kt-svg-icon-list-items22694_40e32f-dc ul.kt-svg-icon-list .kt-svg-icon-list-item-wrap .kt-svg-icon-list-single{margin-right:10px;}.kt-svg-icon-list-items22694_40e32f-dc ul.kt-svg-icon-list .kt-svg-icon-list-item-wrap, .kt-svg-icon-list-items22694_40e32f-dc ul.kt-svg-icon-list .kt-svg-icon-list-item-wrap a{color:var(--global-palette3, #1A202C);color:var(--global-palette3, #1A202C);}<\/style>\n<div class=\"wp-block-kadence-iconlist kt-svg-icon-list-items kt-svg-icon-list-items22694_40e32f-dc kt-svg-icon-list-columns-1 alignnone\"><ul class=\"kt-svg-icon-list\"><style>.kt-svg-icon-list-item-22694_4915ea-6a .kt-svg-icon-list-single{font-size:12px !important;color:#44d9f9 !important;}.kt-svg-icon-list-item-22694_4915ea-6a .kt-svg-icon-list-text mark.kt-highlight{background-color:unset;font-style:normal;color:#f76a0c;-webkit-box-decoration-break:clone;box-decoration-break:clone;padding-top:0px;padding-right:0px;padding-bottom:0px;padding-left:0px;}<\/style>\n<li class=\"wp-block-kadence-listitem kt-svg-icon-list-item-wrap kt-svg-icon-list-item-22694_4915ea-6a kt-svg-icon-list-style-default\"><span class=\"kb-svg-icon-wrap kb-svg-icon-fas_circle kt-svg-icon-list-single\"><svg viewBox=\"0 0 512 512\"  fill=\"currentColor\" xmlns=\"http:\/\/www.w3.org\/2000\/svg\"  aria-hidden=\"true\"><path d=\"M256 8C119 8 8 119 8 256s111 248 248 248 248-111 248-248S393 8 256 8z\"\/><\/svg><\/span><span class=\"kt-svg-icon-list-text\">1998 &#8211; Beykent \u00dcniversitesi Hastanesi<\/span><\/li>\n\n\n<style>.kt-svg-icon-list-item-22694_af9e6c-90 .kt-svg-icon-list-single{font-size:12px !important;color:#44d9f9 !important;}.kt-svg-icon-list-item-22694_af9e6c-90 .kt-svg-icon-list-text mark.kt-highlight{background-color:unset;font-style:normal;color:#f76a0c;-webkit-box-decoration-break:clone;box-decoration-break:clone;padding-top:0px;padding-right:0px;padding-bottom:0px;padding-left:0px;}<\/style>\n<li class=\"wp-block-kadence-listitem kt-svg-icon-list-item-wrap kt-svg-icon-list-item-22694_af9e6c-90 kt-svg-icon-list-style-default\"><span class=\"kb-svg-icon-wrap kb-svg-icon-fas_circle kt-svg-icon-list-single\"><svg viewBox=\"0 0 512 512\"  fill=\"currentColor\" xmlns=\"http:\/\/www.w3.org\/2000\/svg\"  aria-hidden=\"true\"><path d=\"M256 8C119 8 8 119 8 256s111 248 248 248 248-111 248-248S393 8 256 8z\"\/><\/svg><\/span><span class=\"kt-svg-icon-list-text\">2004 &#8211; Beykent \u00dcniversitesi Hastanesi, Genel Cerrahi<\/span><\/li>\n<\/ul><\/div>\n\n\n<style>.wp-block-kadence-advancedheading.kt-adv-heading22694_ad7779-c6, .wp-block-kadence-advancedheading.kt-adv-heading22694_ad7779-c6[data-kb-block=\"kb-adv-heading22694_ad7779-c6\"]{font-style:normal;}.wp-block-kadence-advancedheading.kt-adv-heading22694_ad7779-c6 mark.kt-highlight, .wp-block-kadence-advancedheading.kt-adv-heading22694_ad7779-c6[data-kb-block=\"kb-adv-heading22694_ad7779-c6\"] mark.kt-highlight{font-style:normal;color:#f76a0c;-webkit-box-decoration-break:clone;box-decoration-break:clone;padding-top:0px;padding-right:0px;padding-bottom:0px;padding-left:0px;}@media all and (max-width: 767px){.wp-block-kadence-advancedheading.kt-adv-heading22694_ad7779-c6, .wp-block-kadence-advancedheading.kt-adv-heading22694_ad7779-c6[data-kb-block=\"kb-adv-heading22694_ad7779-c6\"]{text-align:center!important;}}<\/style>\n<h5 class=\"kt-adv-heading22694_ad7779-c6 wp-block-kadence-advancedheading\" data-kb-block=\"kb-adv-heading22694_ad7779-c6\"><strong>  T\u0131bbi \u0130lgi Alanlar\u0131:<\/strong><\/h5>\n\n\n<style>.wp-block-kadence-iconlist.kt-svg-icon-list-items22694_cefb3b-de:not(.this-stops-third-party-issues){margin-top:0px;margin-bottom:0px;}.wp-block-kadence-iconlist.kt-svg-icon-list-items22694_cefb3b-de ul.kt-svg-icon-list:not(.this-prevents-issues):not(.this-stops-third-party-issues):not(.tijsloc){margin-top:0px;margin-right:0px;margin-bottom:10px;margin-left:0px;}.wp-block-kadence-iconlist.kt-svg-icon-list-items22694_cefb3b-de ul.kt-svg-icon-list{grid-row-gap:6px;}.wp-block-kadence-iconlist.kt-svg-icon-list-items22694_cefb3b-de ul.kt-svg-icon-list .kt-svg-icon-list-item-wrap .kt-svg-icon-list-single{margin-right:10px;}.kt-svg-icon-list-items22694_cefb3b-de ul.kt-svg-icon-list .kt-svg-icon-list-item-wrap, .kt-svg-icon-list-items22694_cefb3b-de ul.kt-svg-icon-list .kt-svg-icon-list-item-wrap a{color:var(--global-palette3, #1A202C);color:var(--global-palette3, #1A202C);}<\/style>\n<div class=\"wp-block-kadence-iconlist kt-svg-icon-list-items kt-svg-icon-list-items22694_cefb3b-de kt-svg-icon-list-columns-1 alignnone\"><ul class=\"kt-svg-icon-list\"><style>.kt-svg-icon-list-item-22694_184d62-e5 .kt-svg-icon-list-single{font-size:12px !important;color:#44d9f9 !important;}.kt-svg-icon-list-item-22694_184d62-e5 .kt-svg-icon-list-text mark.kt-highlight{background-color:unset;font-style:normal;color:#f76a0c;-webkit-box-decoration-break:clone;box-decoration-break:clone;padding-top:0px;padding-right:0px;padding-bottom:0px;padding-left:0px;}<\/style>\n<li class=\"wp-block-kadence-listitem kt-svg-icon-list-item-wrap kt-svg-icon-list-item-22694_184d62-e5 kt-svg-icon-list-style-default\"><span class=\"kb-svg-icon-wrap kb-svg-icon-fas_circle kt-svg-icon-list-single\"><svg viewBox=\"0 0 512 512\"  fill=\"currentColor\" xmlns=\"http:\/\/www.w3.org\/2000\/svg\"  aria-hidden=\"true\"><path d=\"M256 8C119 8 8 119 8 256s111 248 248 248 248-111 248-248S393 8 256 8z\"\/><\/svg><\/span><span class=\"kt-svg-icon-list-text\">Obezite Cerrahisi<\/span><\/li>\n\n\n<style>.kt-svg-icon-list-item-22694_24f8da-97 .kt-svg-icon-list-single{font-size:12px !important;color:#44d9f9 !important;}.kt-svg-icon-list-item-22694_24f8da-97 .kt-svg-icon-list-text mark.kt-highlight{background-color:unset;font-style:normal;color:#f76a0c;-webkit-box-decoration-break:clone;box-decoration-break:clone;padding-top:0px;padding-right:0px;padding-bottom:0px;padding-left:0px;}<\/style>\n<li class=\"wp-block-kadence-listitem kt-svg-icon-list-item-wrap kt-svg-icon-list-item-22694_24f8da-97 kt-svg-icon-list-style-default\"><span class=\"kb-svg-icon-wrap kb-svg-icon-fas_circle kt-svg-icon-list-single\"><svg viewBox=\"0 0 512 512\"  fill=\"currentColor\" xmlns=\"http:\/\/www.w3.org\/2000\/svg\"  aria-hidden=\"true\"><path d=\"M256 8C119 8 8 119 8 256s111 248 248 248 248-111 248-248S393 8 256 8z\"\/><\/svg><\/span><span class=\"kt-svg-icon-list-text\">Laparoskopik Ameliyatlar (Minimal \u0130nvaziv)<\/span><\/li>\n<\/ul><\/div>\n<\/div><\/div>\n\n<\/div><\/div>\n<h1 class=\"wp-block-heading\"><strong>\u015e\u00fckr\u00fc Arslan, MD &#8211; Genel Cerrahi Uzman\u0131<\/strong><\/h1>\n\n<h3 class=\"wp-block-heading\"><strong>Hakk\u0131nda:<\/strong><\/h3>\n\n<p>Op. Dr. \u015e\u00fckr\u00fc Arslan, 18 y\u0131l\u0131 a\u015fk\u0131n deneyime sahip bir genel cerrahi uzman\u0131d\u0131r. Obezite ve metabolik cerrahi alan\u0131nda uzmanla\u015fan Dr. Arslan, laparoskopik ve endoskopik cerrahi tekniklerindeki uzmanl\u0131\u011f\u0131yla tan\u0131nmaktad\u0131r. Hastalar\u0131n\u0131n ihtiya\u00e7lar\u0131na g\u00f6re ki\u015fiselle\u015ftirilmi\u015f yakla\u015f\u0131mlar sunmakta ve ameliyat \u00f6ncesi ve sonras\u0131 s\u00fcre\u00e7lerde kapsaml\u0131 destek sa\u011flamaktad\u0131r.   <\/p>\n\n<h3 class=\"wp-block-heading\"><strong>E\u011fitim ve Uzmanl\u0131k:<\/strong><\/h3>\n\n<ul class=\"wp-block-list\">\n<li><strong>T\u0131p E\u011fitimi:<\/strong> Beykent \u00dcniversitesi Hastanesi<\/li>\n\n\n\n<li><strong>Uzmanl\u0131k E\u011fitimi:<\/strong> G\u00f6ztepe E\u011fitim ve Ara\u015ft\u0131rma Hastanesi, Genel Cerrahi Anabilim Dal\u0131<\/li>\n<\/ul>\n\n<h3 class=\"wp-block-heading\"><strong>Uzmanl\u0131k alanlar\u0131:<\/strong><\/h3>\n\n<p>Dr. Arslan, a\u015fa\u011f\u0131dakiler de dahil olmak \u00fczere \u00e7ok \u00e7e\u015fitli cerrahi tedaviler sunmaktad\u0131r:<\/p>\n\n<h4 class=\"wp-block-heading\"><strong>Obezite Cerrahisi:<\/strong><\/h4>\n\n<ul class=\"wp-block-list\">\n<li>T\u00fcp Mide Ameliyat\u0131<\/li>\n\n\n\n<li>Gastrik Bypass (Roux-en-Y)<\/li>\n\n\n\n<li>Mide Balonu<\/li>\n\n\n\n<li>Mide Botoksu<\/li>\n<\/ul>\n\n<h4 class=\"wp-block-heading\"><strong>Di\u011fer Ameliyatlar ve Tedaviler:<\/strong><\/h4>\n\n<ul class=\"wp-block-list\">\n<li>Kanser Cerrahisi<\/li>\n\n\n\n<li>Safra Kesesi Ameliyatlar\u0131<\/li>\n\n\n\n<li>Pilonidal Sin\u00fcs Tedavisi<\/li>\n\n\n\n<li>Hemoroid ve Anal Fiss\u00fcr Ameliyat\u0131<\/li>\n\n\n\n<li>Refl\u00fc Ameliyat\u0131<\/li>\n\n\n\n<li>Endoskopik ve Laparoskopik Giri\u015fimler<\/li>\n\n\n\n<li>Onkolojik Cerrahi<\/li>\n<\/ul>\n\n<h3 class=\"wp-block-heading\"><strong>Mesleki Katk\u0131lar ve Deneyim:<\/strong><\/h3>\n\n<p>Dr. Arslan, hem ulusal hem de uluslararas\u0131 kongrelere kat\u0131larak mesleki bilgi ve uzmanl\u0131\u011f\u0131n\u0131 s\u00fcrekli olarak g\u00fcncellemektedir. Kat\u0131ld\u0131\u011f\u0131 baz\u0131 \u00f6nemli kongreler \u015funlard\u0131r: <\/p>\n\n<ul class=\"wp-block-list\">\n<li><strong>Ulusal Endoskopik Laparoskopik Cerrahi Kongresi<\/strong><\/li>\n\n\n\n<li><strong>Tart\u0131\u015fmadan Uzla\u015fmaya D\u00fcnya Diyabet, Obezite ve Hipertansiyon Kongresi<\/strong><\/li>\n\n\n\n<li><strong>Bariatrik ve Metabolik Cerrahi Kongresi<\/strong><\/li>\n\n\n\n<li><strong>Cerrahpa\u015fa Cerrahi Toplant\u0131lar\u0131<\/strong><\/li>\n<\/ul>\n\n<h3 class=\"wp-block-heading\"><strong>Hastaya Yakla\u015f\u0131m:<\/strong><\/h3>\n\n<p>Dr. \u015e\u00fckr\u00fc Arslan, her hastan\u0131n ihtiya\u00e7lar\u0131n\u0131 dikkatle de\u011ferlendirir ve en g\u00fcncel ve etkili cerrahi teknikleri uygular. Ameliyat sonras\u0131 s\u00fcrecin sorunsuz ge\u00e7mesi i\u00e7in s\u00fcrekli takip ve destek sa\u011fl\u0131yor. Hem cerrahi ba\u015far\u0131s\u0131 hem de hastalarla kurdu\u011fu g\u00fc\u00e7l\u00fc ileti\u015fimle tan\u0131nan Dr. Arslan, alan\u0131nda g\u00fcvenilir bir isimdir.  <\/p>\n\n<p>Siz de sa\u011fl\u0131k yolculu\u011funuzda size rehberlik edecek deneyimli ve g\u00fcvenilir bir cerrah ar\u0131yorsan\u0131z  <strong>Op. Dr. \u015e\u00fckr\u00fc Arslan <\/strong>.<\/p>\n","protected":false},"excerpt":{"rendered":"<p>\u015e\u00fckr\u00fc Arslan, MD &#8211; Genel Cerrahi Uzman\u0131 Hakk\u0131nda: Op. Dr. \u015e\u00fckr\u00fc Arslan, 18 y\u0131l\u0131 a\u015fk\u0131n deneyime sahip bir genel cerrahi uzman\u0131d\u0131r. Obezite ve metabolik cerrahi alan\u0131nda uzmanla\u015fan Dr. Arslan, laparoskopik ve endoskopik cerrahi tekniklerindeki uzmanl\u0131\u011f\u0131yla tan\u0131nmaktad\u0131r. Hastalar\u0131n\u0131n ihtiya\u00e7lar\u0131na g\u00f6re ki\u015fiselle\u015ftirilmi\u015f yakla\u015f\u0131mlar sunmakta ve ameliyat \u00f6ncesi ve sonras\u0131 s\u00fcre\u00e7lerde kapsaml\u0131 destek sa\u011flamaktad\u0131r. E\u011fitim ve Uzmanl\u0131k: Uzmanl\u0131k&#8230;<\/p>\n","protected":false},"author":1,"featured_media":0,"parent":0,"menu_order":0,"comment_status":"closed","ping_status":"closed","template":"","meta":{"_kad_blocks_custom_css":"","_kad_blocks_head_custom_js":"","_kad_blocks_body_custom_js":"","_kad_blocks_footer_custom_js":"","_kadence_starter_templates_imported_post":false,"_kad_post_transparent":"","_kad_post_title":"","_kad_post_layout":"","_kad_post_sidebar_id":"","_kad_post_content_style":"","_kad_post_vertical_padding":"","_kad_post_feature":"","_kad_post_feature_position":"","_kad_post_header":false,"_kad_post_footer":false,"footnotes":""},"class_list":["post-22760","page","type-page","status-publish","hentry"],"taxonomy_info":[],"featured_image_src_large":false,"author_info":{"display_name":"IOC","author_link":"https:\/\/istanbulobesitycenter.com\/tr\/author\/admin\/"},"comment_info":0,"_links":{"self":[{"href":"https:\/\/istanbulobesitycenter.com\/tr\/wp-json\/wp\/v2\/pages\/22760","targetHints":{"allow":["GET"]}}],"collection":[{"href":"https:\/\/istanbulobesitycenter.com\/tr\/wp-json\/wp\/v2\/pages"}],"about":[{"href":"https:\/\/istanbulobesitycenter.com\/tr\/wp-json\/wp\/v2\/types\/page"}],"author":[{"embeddable":true,"href":"https:\/\/istanbulobesitycenter.com\/tr\/wp-json\/wp\/v2\/users\/1"}],"replies":[{"embeddable":true,"href":"https:\/\/istanbulobesitycenter.com\/tr\/wp-json\/wp\/v2\/comments?post=22760"}],"version-history":[{"count":0,"href":"https:\/\/istanbulobesitycenter.com\/tr\/wp-json\/wp\/v2\/pages\/22760\/revisions"}],"wp:attachment":[{"href":"https:\/\/istanbulobesitycenter.com\/tr\/wp-json\/wp\/v2\/media?parent=22760"}],"curies":[{"name":"wp","href":"https:\/\/api.w.org\/{rel}","templated":true}]}}